{"id":767,"date":"2014-10-20T09:26:44","date_gmt":"2014-10-20T09:26:44","guid":{"rendered":"http:\/\/casadelpoeta.org\/turismo-2\/"},"modified":"2016-05-19T15:48:07","modified_gmt":"2016-05-19T14:48:07","slug":"quartier-de-santa-cruz","status":"publish","type":"page","link":"https:\/\/casadelpoeta.es\/fr\/quartier-de-santa-cruz\/","title":{"rendered":"Quartier de Santa Cruz"},"content":{"rendered":"<h2>Barrio de Santa Cruz<\/h2>\n<p>L\u2019H\u00f4tel Boutique se trouve dans le centre historique de S\u00e9ville, dans le quartier de Santa Cruz, l\u2019un des plus importants et populaires de la ville, correspondant \u00e0 l\u2019ancien quartier juif m\u00e9di\u00e9val. Un labyrinthe de ruelles \u00e9troites qui invitent \u00e0 se promener au gr\u00e9 des demeures seigneuriales, patios fleuris, murmures des fontaines, ar\u00f4mes de fleur d\u2019oranger, en passant par des places pleines de lumi\u00e8re et de couleur, pour arriver en quelques minutes \u00e0 la Cath\u00e9drale, \u00e0 l\u2019Alcazar royal et aux jardins de Murillo. \u00a0[divider style=\u00a0\u00bb div-single\u00a0\u00bb full=\u00a0\u00bbyes\u00a0\u00bb] [one_half]<img loading=\"lazy\" decoding=\"async\" class=\"alignnone size-full wp-image-615\" src=\"https:\/\/casadelpoeta.es\/wp-content\/uploads\/2014\/10\/Plaza_de_Santa_Cruz_2.jpg\" alt=\"Plaza_de_Santa_Cruz_2\" width=\"400\" height=\"600\" srcset=\"https:\/\/casadelpoeta.es\/wp-content\/uploads\/2014\/10\/Plaza_de_Santa_Cruz_2.jpg 400w, https:\/\/casadelpoeta.es\/wp-content\/uploads\/2014\/10\/Plaza_de_Santa_Cruz_2-200x300.jpg 200w, https:\/\/casadelpoeta.es\/wp-content\/uploads\/2014\/10\/Plaza_de_Santa_Cruz_2-1x1.jpg 1w\" sizes=\"auto, (max-width: 400px) 100vw, 400px\" \/>[\/one_half][one_half]<img loading=\"lazy\" decoding=\"async\" class=\"size-full wp-image-617 alignright\" src=\"https:\/\/casadelpoeta.es\/wp-content\/uploads\/2014\/10\/SevillaBarrioDeSantaCruz04.jpg\" alt=\"SevillaBarrioDeSantaCruz04\" width=\"450\" height=\"600\" srcset=\"https:\/\/casadelpoeta.es\/wp-content\/uploads\/2014\/10\/SevillaBarrioDeSantaCruz04.jpg 450w, https:\/\/casadelpoeta.es\/wp-content\/uploads\/2014\/10\/SevillaBarrioDeSantaCruz04-225x300.jpg 225w, https:\/\/casadelpoeta.es\/wp-content\/uploads\/2014\/10\/SevillaBarrioDeSantaCruz04-1x1.jpg 1w\" sizes=\"auto, (max-width: 450px) 100vw, 450px\" \/>[\/one_half]<\/p>\n<p>&nbsp;<\/p>\n\n\t\t<style type=\"text\/css\">\n\t\t\t#gallery-1 {\n\t\t\t\tmargin: auto;\n\t\t\t}\n\t\t\t#gallery-1 .gallery-item {\n\t\t\t\tfloat: left;\n\t\t\t\tmargin-top: 10px;\n\t\t\t\ttext-align: center;\n\t\t\t\twidth: 20%;\n\t\t\t}\n\t\t\t#gallery-1 img {\n\t\t\t\tborder: 2px solid #cfcfcf;\n\t\t\t}\n\t\t\t#gallery-1 .gallery-caption {\n\t\t\t\tmargin-left: 0;\n\t\t\t}\n\t\t\t\/* see gallery_shortcode() in wp-includes\/media.php *\/\n\t\t<\/style>\n\t\t<div id='gallery-1' class='gallery galleryid-767 gallery-columns-5 gallery-size-thumbnail'><dl class='gallery-item'>\n\t\t\t<dt class='gallery-icon portrait'>\n\t\t\t\t<a href='https:\/\/casadelpoeta.es\/wp-content\/uploads\/2014\/10\/Plaza_de_Santa_Cruz_2.jpg'><img loading=\"lazy\" decoding=\"async\" width=\"150\" height=\"150\" src=\"https:\/\/casadelpoeta.es\/wp-content\/uploads\/2014\/10\/Plaza_de_Santa_Cruz_2-150x150.jpg\" class=\"attachment-thumbnail size-thumbnail\" alt=\"\" srcset=\"https:\/\/casadelpoeta.es\/wp-content\/uploads\/2014\/10\/Plaza_de_Santa_Cruz_2-150x150.jpg 150w, https:\/\/casadelpoeta.es\/wp-content\/uploads\/2014\/10\/Plaza_de_Santa_Cruz_2-300x300.jpg 300w, https:\/\/casadelpoeta.es\/wp-content\/uploads\/2014\/10\/Plaza_de_Santa_Cruz_2-400x400.jpg 400w, https:\/\/casadelpoeta.es\/wp-content\/uploads\/2014\/10\/Plaza_de_Santa_Cruz_2-1x1.jpg 1w\" sizes=\"auto, (max-width: 150px) 100vw, 150px\" \/><\/a>\n\t\t\t<\/dt><\/dl><dl class='gallery-item'>\n\t\t\t<dt class='gallery-icon portrait'>\n\t\t\t\t<a href='https:\/\/casadelpoeta.es\/wp-content\/uploads\/2014\/10\/SevillaBarrioDeSantaCruz02.jpg'><img loading=\"lazy\" decoding=\"async\" width=\"150\" height=\"150\" src=\"https:\/\/casadelpoeta.es\/wp-content\/uploads\/2014\/10\/SevillaBarrioDeSantaCruz02-150x150.jpg\" class=\"attachment-thumbnail size-thumbnail\" alt=\"\" srcset=\"https:\/\/casadelpoeta.es\/wp-content\/uploads\/2014\/10\/SevillaBarrioDeSantaCruz02-150x150.jpg 150w, https:\/\/casadelpoeta.es\/wp-content\/uploads\/2014\/10\/SevillaBarrioDeSantaCruz02-300x300.jpg 300w, https:\/\/casadelpoeta.es\/wp-content\/uploads\/2014\/10\/SevillaBarrioDeSantaCruz02-1x1.jpg 1w\" sizes=\"auto, (max-width: 150px) 100vw, 150px\" \/><\/a>\n\t\t\t<\/dt><\/dl><dl class='gallery-item'>\n\t\t\t<dt class='gallery-icon portrait'>\n\t\t\t\t<a href='https:\/\/casadelpoeta.es\/wp-content\/uploads\/2014\/10\/SevillaBarrioDeSantaCruz04.jpg'><img loading=\"lazy\" decoding=\"async\" width=\"150\" height=\"150\" src=\"https:\/\/casadelpoeta.es\/wp-content\/uploads\/2014\/10\/SevillaBarrioDeSantaCruz04-150x150.jpg\" class=\"attachment-thumbnail size-thumbnail\" alt=\"\" srcset=\"https:\/\/casadelpoeta.es\/wp-content\/uploads\/2014\/10\/SevillaBarrioDeSantaCruz04-150x150.jpg 150w, https:\/\/casadelpoeta.es\/wp-content\/uploads\/2014\/10\/SevillaBarrioDeSantaCruz04-300x300.jpg 300w, https:\/\/casadelpoeta.es\/wp-content\/uploads\/2014\/10\/SevillaBarrioDeSantaCruz04-1x1.jpg 1w\" sizes=\"auto, (max-width: 150px) 100vw, 150px\" \/><\/a>\n\t\t\t<\/dt><\/dl><dl class='gallery-item'>\n\t\t\t<dt class='gallery-icon landscape'>\n\t\t\t\t<a href='https:\/\/casadelpoeta.es\/wp-content\/uploads\/2014\/10\/Plaza_santa_marta_sevilla.jpg'><img loading=\"lazy\" decoding=\"async\" width=\"150\" height=\"150\" src=\"https:\/\/casadelpoeta.es\/wp-content\/uploads\/2014\/10\/Plaza_santa_marta_sevilla-150x150.jpg\" class=\"attachment-thumbnail size-thumbnail\" alt=\"\" srcset=\"https:\/\/casadelpoeta.es\/wp-content\/uploads\/2014\/10\/Plaza_santa_marta_sevilla-150x150.jpg 150w, https:\/\/casadelpoeta.es\/wp-content\/uploads\/2014\/10\/Plaza_santa_marta_sevilla-300x300.jpg 300w, https:\/\/casadelpoeta.es\/wp-content\/uploads\/2014\/10\/Plaza_santa_marta_sevilla-480x480.jpg 480w, https:\/\/casadelpoeta.es\/wp-content\/uploads\/2014\/10\/Plaza_santa_marta_sevilla-1x1.jpg 1w\" sizes=\"auto, (max-width: 150px) 100vw, 150px\" \/><\/a>\n\t\t\t<\/dt><\/dl><dl class='gallery-item'>\n\t\t\t<dt class='gallery-icon landscape'>\n\t\t\t\t<a href='https:\/\/casadelpoeta.es\/wp-content\/uploads\/2014\/10\/pplaza-do\u00f1a-elvira.jpg'><img loading=\"lazy\" decoding=\"async\" width=\"150\" height=\"150\" src=\"https:\/\/casadelpoeta.es\/wp-content\/uploads\/2014\/10\/pplaza-do\u00f1a-elvira-150x150.jpg\" class=\"attachment-thumbnail size-thumbnail\" alt=\"\" srcset=\"https:\/\/casadelpoeta.es\/wp-content\/uploads\/2014\/10\/pplaza-do\u00f1a-elvira-150x150.jpg 150w, https:\/\/casadelpoeta.es\/wp-content\/uploads\/2014\/10\/pplaza-do\u00f1a-elvira-300x300.jpg 300w, https:\/\/casadelpoeta.es\/wp-content\/uploads\/2014\/10\/pplaza-do\u00f1a-elvira-480x480.jpg 480w, https:\/\/casadelpoeta.es\/wp-content\/uploads\/2014\/10\/pplaza-do\u00f1a-elvira-1x1.jpg 1w\" sizes=\"auto, (max-width: 150px) 100vw, 150px\" \/><\/a>\n\t\t\t<\/dt><\/dl><br style=\"clear: both\" \/>\n\t\t<\/div>\n\n<p>&nbsp;<\/p>\n","protected":false},"excerpt":{"rendered":"<p>Barrio de Santa Cruz L\u2019H\u00f4tel Boutique se trouve dans le centre historique de S\u00e9ville, dans le quartier de Santa Cruz, l\u2019un des plus importants et populaires de la ville, correspondant \u00e0 l\u2019ancien quartier juif m\u00e9di\u00e9val. Un labyrinthe de ruelles \u00e9troites qui invitent \u00e0 se promener&#8230;<\/p>\n","protected":false},"author":1,"featured_media":0,"parent":0,"menu_order":0,"comment_status":"open","ping_status":"open","template":"","meta":{"footnotes":""},"class_list":["post-767","page","type-page","status-publish","hentry"],"yoast_head":"<!-- This site is optimized with the Yoast SEO Premium plugin v23.9 (Yoast SEO v27.4) - https:\/\/yoast.com\/product\/yoast-seo-premium-wordpress\/ -->\n<title>Quartier de Santa Cruz - Hotel Boutique en el centro de Sevilla<\/title>\n<meta name=\"robots\" content=\"index, follow, max-snippet:-1, max-image-preview:large, max-video-preview:-1\" \/>\n<link rel=\"canonical\" href=\"https:\/\/casadelpoeta.es\/fr\/quartier-de-santa-cruz\/\" \/>\n<meta property=\"og:locale\" content=\"fr_FR\" \/>\n<meta property=\"og:type\" content=\"article\" \/>\n<meta property=\"og:title\" content=\"Quartier de Santa Cruz\" \/>\n<meta property=\"og:description\" content=\"Barrio de Santa Cruz L\u2019H\u00f4tel Boutique se trouve dans le centre historique de S\u00e9ville, dans le quartier de Santa Cruz, l\u2019un des plus importants et populaires de la ville, correspondant \u00e0 l\u2019ancien quartier juif m\u00e9di\u00e9val. Un labyrinthe de ruelles \u00e9troites qui invitent \u00e0 se promener...\" \/>\n<meta property=\"og:url\" content=\"https:\/\/casadelpoeta.es\/fr\/quartier-de-santa-cruz\/\" \/>\n<meta property=\"og:site_name\" content=\"Hotel Boutique en el centro de Sevilla\" \/>\n<meta property=\"article:modified_time\" content=\"2016-05-19T14:48:07+00:00\" \/>\n<meta property=\"og:image\" content=\"https:\/\/casadelpoeta.es\/wp-content\/uploads\/2014\/10\/Plaza_de_Santa_Cruz_2-150x150.jpg\" \/>\n<meta name=\"twitter:label1\" content=\"Dur\u00e9e de lecture estim\u00e9e\" \/>\n\t<meta name=\"twitter:data1\" content=\"1 minute\" \/>\n<script type=\"application\/ld+json\" class=\"yoast-schema-graph\">{\"@context\":\"https:\\\/\\\/schema.org\",\"@graph\":[{\"@type\":\"WebPage\",\"@id\":\"https:\\\/\\\/casadelpoeta.es\\\/fr\\\/quartier-de-santa-cruz\\\/\",\"url\":\"https:\\\/\\\/casadelpoeta.es\\\/fr\\\/quartier-de-santa-cruz\\\/\",\"name\":\"Quartier de Santa Cruz - Hotel Boutique en el centro de Sevilla\",\"isPartOf\":{\"@id\":\"https:\\\/\\\/casadelpoeta.es\\\/#website\"},\"primaryImageOfPage\":{\"@id\":\"https:\\\/\\\/casadelpoeta.es\\\/fr\\\/quartier-de-santa-cruz\\\/#primaryimage\"},\"image\":{\"@id\":\"https:\\\/\\\/casadelpoeta.es\\\/fr\\\/quartier-de-santa-cruz\\\/#primaryimage\"},\"thumbnailUrl\":\"https:\\\/\\\/casadelpoeta.es\\\/wp-content\\\/uploads\\\/2014\\\/10\\\/Plaza_de_Santa_Cruz_2.jpg\",\"datePublished\":\"2014-10-20T09:26:44+00:00\",\"dateModified\":\"2016-05-19T14:48:07+00:00\",\"breadcrumb\":{\"@id\":\"https:\\\/\\\/casadelpoeta.es\\\/fr\\\/quartier-de-santa-cruz\\\/#breadcrumb\"},\"inLanguage\":\"fr-FR\",\"potentialAction\":[{\"@type\":\"ReadAction\",\"target\":[\"https:\\\/\\\/casadelpoeta.es\\\/fr\\\/quartier-de-santa-cruz\\\/\"]}]},{\"@type\":\"ImageObject\",\"inLanguage\":\"fr-FR\",\"@id\":\"https:\\\/\\\/casadelpoeta.es\\\/fr\\\/quartier-de-santa-cruz\\\/#primaryimage\",\"url\":\"https:\\\/\\\/casadelpoeta.es\\\/wp-content\\\/uploads\\\/2014\\\/10\\\/Plaza_de_Santa_Cruz_2.jpg\",\"contentUrl\":\"https:\\\/\\\/casadelpoeta.es\\\/wp-content\\\/uploads\\\/2014\\\/10\\\/Plaza_de_Santa_Cruz_2.jpg\"},{\"@type\":\"BreadcrumbList\",\"@id\":\"https:\\\/\\\/casadelpoeta.es\\\/fr\\\/quartier-de-santa-cruz\\\/#breadcrumb\",\"itemListElement\":[{\"@type\":\"ListItem\",\"position\":1,\"name\":\"Portada\",\"item\":\"https:\\\/\\\/casadelpoeta.es\\\/fr\\\/\"},{\"@type\":\"ListItem\",\"position\":2,\"name\":\"Quartier de Santa Cruz\"}]},{\"@type\":\"WebSite\",\"@id\":\"https:\\\/\\\/casadelpoeta.es\\\/#website\",\"url\":\"https:\\\/\\\/casadelpoeta.es\\\/\",\"name\":\"Hotel Boutique en el centro de Sevilla\",\"description\":\"Casa del Poeta es un Hotel Boutique ubiccado en el Barrio de Santa Cruz, en pleno centro de Sevilla, Hotel con encanto con patio sevillano\",\"potentialAction\":[{\"@type\":\"SearchAction\",\"target\":{\"@type\":\"EntryPoint\",\"urlTemplate\":\"https:\\\/\\\/casadelpoeta.es\\\/?s={search_term_string}\"},\"query-input\":{\"@type\":\"PropertyValueSpecification\",\"valueRequired\":true,\"valueName\":\"search_term_string\"}}],\"inLanguage\":\"fr-FR\"}]}<\/script>\n<!-- \/ Yoast SEO Premium plugin. -->","yoast_head_json":{"title":"Quartier de Santa Cruz - Hotel Boutique en el centro de Sevilla","robots":{"index":"index","follow":"follow","max-snippet":"max-snippet:-1","max-image-preview":"max-image-preview:large","max-video-preview":"max-video-preview:-1"},"canonical":"https:\/\/casadelpoeta.es\/fr\/quartier-de-santa-cruz\/","og_locale":"fr_FR","og_type":"article","og_title":"Quartier de Santa Cruz","og_description":"Barrio de Santa Cruz L\u2019H\u00f4tel Boutique se trouve dans le centre historique de S\u00e9ville, dans le quartier de Santa Cruz, l\u2019un des plus importants et populaires de la ville, correspondant \u00e0 l\u2019ancien quartier juif m\u00e9di\u00e9val. Un labyrinthe de ruelles \u00e9troites qui invitent \u00e0 se promener...","og_url":"https:\/\/casadelpoeta.es\/fr\/quartier-de-santa-cruz\/","og_site_name":"Hotel Boutique en el centro de Sevilla","article_modified_time":"2016-05-19T14:48:07+00:00","og_image":[{"url":"https:\/\/casadelpoeta.es\/wp-content\/uploads\/2014\/10\/Plaza_de_Santa_Cruz_2-150x150.jpg","type":"","width":"","height":""}],"twitter_misc":{"Dur\u00e9e de lecture estim\u00e9e":"1 minute"},"schema":{"@context":"https:\/\/schema.org","@graph":[{"@type":"WebPage","@id":"https:\/\/casadelpoeta.es\/fr\/quartier-de-santa-cruz\/","url":"https:\/\/casadelpoeta.es\/fr\/quartier-de-santa-cruz\/","name":"Quartier de Santa Cruz - Hotel Boutique en el centro de Sevilla","isPartOf":{"@id":"https:\/\/casadelpoeta.es\/#website"},"primaryImageOfPage":{"@id":"https:\/\/casadelpoeta.es\/fr\/quartier-de-santa-cruz\/#primaryimage"},"image":{"@id":"https:\/\/casadelpoeta.es\/fr\/quartier-de-santa-cruz\/#primaryimage"},"thumbnailUrl":"https:\/\/casadelpoeta.es\/wp-content\/uploads\/2014\/10\/Plaza_de_Santa_Cruz_2.jpg","datePublished":"2014-10-20T09:26:44+00:00","dateModified":"2016-05-19T14:48:07+00:00","breadcrumb":{"@id":"https:\/\/casadelpoeta.es\/fr\/quartier-de-santa-cruz\/#breadcrumb"},"inLanguage":"fr-FR","potentialAction":[{"@type":"ReadAction","target":["https:\/\/casadelpoeta.es\/fr\/quartier-de-santa-cruz\/"]}]},{"@type":"ImageObject","inLanguage":"fr-FR","@id":"https:\/\/casadelpoeta.es\/fr\/quartier-de-santa-cruz\/#primaryimage","url":"https:\/\/casadelpoeta.es\/wp-content\/uploads\/2014\/10\/Plaza_de_Santa_Cruz_2.jpg","contentUrl":"https:\/\/casadelpoeta.es\/wp-content\/uploads\/2014\/10\/Plaza_de_Santa_Cruz_2.jpg"},{"@type":"BreadcrumbList","@id":"https:\/\/casadelpoeta.es\/fr\/quartier-de-santa-cruz\/#breadcrumb","itemListElement":[{"@type":"ListItem","position":1,"name":"Portada","item":"https:\/\/casadelpoeta.es\/fr\/"},{"@type":"ListItem","position":2,"name":"Quartier de Santa Cruz"}]},{"@type":"WebSite","@id":"https:\/\/casadelpoeta.es\/#website","url":"https:\/\/casadelpoeta.es\/","name":"Hotel Boutique en el centro de Sevilla","description":"Casa del Poeta es un Hotel Boutique ubiccado en el Barrio de Santa Cruz, en pleno centro de Sevilla, Hotel con encanto con patio sevillano","potentialAction":[{"@type":"SearchAction","target":{"@type":"EntryPoint","urlTemplate":"https:\/\/casadelpoeta.es\/?s={search_term_string}"},"query-input":{"@type":"PropertyValueSpecification","valueRequired":true,"valueName":"search_term_string"}}],"inLanguage":"fr-FR"}]}},"_links":{"self":[{"href":"https:\/\/casadelpoeta.es\/fr\/wp-json\/wp\/v2\/pages\/767","targetHints":{"allow":["GET"]}}],"collection":[{"href":"https:\/\/casadelpoeta.es\/fr\/wp-json\/wp\/v2\/pages"}],"about":[{"href":"https:\/\/casadelpoeta.es\/fr\/wp-json\/wp\/v2\/types\/page"}],"author":[{"embeddable":true,"href":"https:\/\/casadelpoeta.es\/fr\/wp-json\/wp\/v2\/users\/1"}],"replies":[{"embeddable":true,"href":"https:\/\/casadelpoeta.es\/fr\/wp-json\/wp\/v2\/comments?post=767"}],"version-history":[{"count":0,"href":"https:\/\/casadelpoeta.es\/fr\/wp-json\/wp\/v2\/pages\/767\/revisions"}],"wp:attachment":[{"href":"https:\/\/casadelpoeta.es\/fr\/wp-json\/wp\/v2\/media?parent=767"}],"curies":[{"name":"wp","href":"https:\/\/api.w.org\/{rel}","templated":true}]}}