{"id":743,"date":"2014-10-28T12:44:19","date_gmt":"2014-10-28T11:44:19","guid":{"rendered":"http:\/\/casadelpoeta.org\/hotel-ubicado-centro-sevilla-2\/"},"modified":"2017-03-21T20:19:07","modified_gmt":"2017-03-21T19:19:07","slug":"hotel-au-centre-de-seville","status":"publish","type":"page","link":"https:\/\/casadelpoeta.es\/fr\/hotel-au-centre-de-seville\/","title":{"rendered":"Emplacement"},"content":{"rendered":"<p>[two_third]<strong>H\u00d4TEL AU CENTRE DE S\u00c9VILLE <\/strong><strong>| CASA DEL POETA<\/strong> [divider style=\u00a0\u00bbdiv-single\u00a0\u00bb]<\/p>\n<p>L\u2019H\u00f4tel Boutique Casa del Poeta se trouve au centre de S\u00e9ville, dans le quartier de Santa Cruz. \u00c0 seulement 3 minutes \u00e0 pied de la Cath\u00e9drale de S\u00e9ville, dans une zone pi\u00e9tonne entour\u00e9e de monuments et d\u2019\u00e9difices embl\u00e9matiques.<\/p>\n<p><iframe loading=\"lazy\" style=\"border: 0;\" src=\"https:\/\/www.google.com\/maps\/embed?pb=!1m18!1m12!1m3!1d3170.1526992662866!2d-5.991555867354233!3d37.38622093985552!2m3!1f0!2f0!3f0!3m2!1i1024!2i768!4f13.1!3m3!1m2!1s0xd126c1bfd4bed31%3A0xa9a2bf431687ba33!2sCasa+del+Poeta!5e0!3m2!1ses!2ses!4v1414442922996\" width=\"100%\" height=\"450\" frameborder=\"0\"><\/iframe> [\/two_third][one_third]<strong>ADRESSE<\/strong>[divider style=\u00a0\u00bbdiv-single\u00a0\u00bb ]<\/p>\n<p><strong>H\u00f4tel Boutique Casa del Poeta<\/strong><\/p>\n<p>Calle Don Carlos Alonso\u00a0Chaparro. 41.004<\/p>\n<p>Quartier\u00a0Santa Cruz &#8211;\u00a0Centre historique de S\u00e9ville<\/p>\n<p><em>Tel\u00e9phone: (0034)\u00a0<a class=\"fl r-search-3\" title=\"Llamar a trav\u00e9s de Hangouts\" data-number=\"954213868\" data-rtid=\"search-3\" data-ved=\"0CCMQkAgwAA\">954 21 38 68\u00a0<\/a><\/em><\/p>\n<p><a title=\"Casa del poeta\" href=\"mailto:info@casadelpoeta.es\">info@casadelpoeta.es<\/a><\/p>\n<p>&nbsp;<\/p>\n\n\t\t<style type=\"text\/css\">\n\t\t\t#gallery-1 {\n\t\t\t\tmargin: auto;\n\t\t\t}\n\t\t\t#gallery-1 .gallery-item {\n\t\t\t\tfloat: left;\n\t\t\t\tmargin-top: 10px;\n\t\t\t\ttext-align: center;\n\t\t\t\twidth: 25%;\n\t\t\t}\n\t\t\t#gallery-1 img {\n\t\t\t\tborder: 2px solid #cfcfcf;\n\t\t\t}\n\t\t\t#gallery-1 .gallery-caption {\n\t\t\t\tmargin-left: 0;\n\t\t\t}\n\t\t\t\/* see gallery_shortcode() in wp-includes\/media.php *\/\n\t\t<\/style>\n\t\t<div id='gallery-1' class='gallery galleryid-743 gallery-columns-4 gallery-size-thumbnail'><dl class='gallery-item'>\n\t\t\t<dt class='gallery-icon landscape'>\n\t\t\t\t<a href='https:\/\/casadelpoeta.es\/wp-content\/uploads\/2014\/10\/mapa-barrio.jpg'><img loading=\"lazy\" decoding=\"async\" width=\"150\" height=\"150\" src=\"https:\/\/casadelpoeta.es\/wp-content\/uploads\/2014\/10\/mapa-barrio-150x150.jpg\" class=\"attachment-thumbnail size-thumbnail\" alt=\"\" srcset=\"https:\/\/casadelpoeta.es\/wp-content\/uploads\/2014\/10\/mapa-barrio-150x150.jpg 150w, https:\/\/casadelpoeta.es\/wp-content\/uploads\/2014\/10\/mapa-barrio-300x300.jpg 300w, https:\/\/casadelpoeta.es\/wp-content\/uploads\/2014\/10\/mapa-barrio-480x480.jpg 480w, https:\/\/casadelpoeta.es\/wp-content\/uploads\/2014\/10\/mapa-barrio-1x1.jpg 1w\" sizes=\"auto, (max-width: 150px) 100vw, 150px\" \/><\/a>\n\t\t\t<\/dt><\/dl><dl class='gallery-item'>\n\t\t\t<dt class='gallery-icon portrait'>\n\t\t\t\t<a href='https:\/\/casadelpoeta.es\/wp-content\/uploads\/2014\/10\/MG_5857-OK-mail.jpg'><img loading=\"lazy\" decoding=\"async\" width=\"150\" height=\"150\" src=\"https:\/\/casadelpoeta.es\/wp-content\/uploads\/2014\/10\/MG_5857-OK-mail-150x150.jpg\" class=\"attachment-thumbnail size-thumbnail\" alt=\"\" srcset=\"https:\/\/casadelpoeta.es\/wp-content\/uploads\/2014\/10\/MG_5857-OK-mail-150x150.jpg 150w, https:\/\/casadelpoeta.es\/wp-content\/uploads\/2014\/10\/MG_5857-OK-mail-300x300.jpg 300w, https:\/\/casadelpoeta.es\/wp-content\/uploads\/2014\/10\/MG_5857-OK-mail-1x1.jpg 1w\" sizes=\"auto, (max-width: 150px) 100vw, 150px\" \/><\/a>\n\t\t\t<\/dt><\/dl><dl class='gallery-item'>\n\t\t\t<dt class='gallery-icon portrait'>\n\t\t\t\t<a href='https:\/\/casadelpoeta.es\/wp-content\/uploads\/2014\/10\/MG_5845-OK-mail.jpg'><img loading=\"lazy\" decoding=\"async\" width=\"150\" height=\"150\" src=\"https:\/\/casadelpoeta.es\/wp-content\/uploads\/2014\/10\/MG_5845-OK-mail-150x150.jpg\" class=\"attachment-thumbnail size-thumbnail\" alt=\"\" srcset=\"https:\/\/casadelpoeta.es\/wp-content\/uploads\/2014\/10\/MG_5845-OK-mail-150x150.jpg 150w, https:\/\/casadelpoeta.es\/wp-content\/uploads\/2014\/10\/MG_5845-OK-mail-300x300.jpg 300w, https:\/\/casadelpoeta.es\/wp-content\/uploads\/2014\/10\/MG_5845-OK-mail-1x1.jpg 1w\" sizes=\"auto, (max-width: 150px) 100vw, 150px\" \/><\/a>\n\t\t\t<\/dt><\/dl><dl class='gallery-item'>\n\t\t\t<dt class='gallery-icon portrait'>\n\t\t\t\t<a href='https:\/\/casadelpoeta.es\/wp-content\/uploads\/2014\/10\/MG_5838-OK-mail.jpg'><img loading=\"lazy\" decoding=\"async\" width=\"150\" height=\"150\" src=\"https:\/\/casadelpoeta.es\/wp-content\/uploads\/2014\/10\/MG_5838-OK-mail-150x150.jpg\" class=\"attachment-thumbnail size-thumbnail\" alt=\"\" srcset=\"https:\/\/casadelpoeta.es\/wp-content\/uploads\/2014\/10\/MG_5838-OK-mail-150x150.jpg 150w, https:\/\/casadelpoeta.es\/wp-content\/uploads\/2014\/10\/MG_5838-OK-mail-300x300.jpg 300w, https:\/\/casadelpoeta.es\/wp-content\/uploads\/2014\/10\/MG_5838-OK-mail-1x1.jpg 1w\" sizes=\"auto, (max-width: 150px) 100vw, 150px\" \/><\/a>\n\t\t\t<\/dt><\/dl><br style=\"clear: both\" \/><dl class='gallery-item'>\n\t\t\t<dt class='gallery-icon landscape'>\n\t\t\t\t<a href='https:\/\/casadelpoeta.es\/wp-content\/uploads\/2014\/10\/MG_5819-OK-mail.jpg'><img loading=\"lazy\" decoding=\"async\" width=\"150\" height=\"150\" src=\"https:\/\/casadelpoeta.es\/wp-content\/uploads\/2014\/10\/MG_5819-OK-mail-150x150.jpg\" class=\"attachment-thumbnail size-thumbnail\" alt=\"\" srcset=\"https:\/\/casadelpoeta.es\/wp-content\/uploads\/2014\/10\/MG_5819-OK-mail-150x150.jpg 150w, https:\/\/casadelpoeta.es\/wp-content\/uploads\/2014\/10\/MG_5819-OK-mail-300x300.jpg 300w, https:\/\/casadelpoeta.es\/wp-content\/uploads\/2014\/10\/MG_5819-OK-mail-1x1.jpg 1w\" sizes=\"auto, (max-width: 150px) 100vw, 150px\" \/><\/a>\n\t\t\t<\/dt><\/dl><dl class='gallery-item'>\n\t\t\t<dt class='gallery-icon landscape'>\n\t\t\t\t<a href='https:\/\/casadelpoeta.es\/wp-content\/uploads\/2014\/10\/MG_5781-OK-mail.jpg'><img loading=\"lazy\" decoding=\"async\" width=\"150\" height=\"150\" src=\"https:\/\/casadelpoeta.es\/wp-content\/uploads\/2014\/10\/MG_5781-OK-mail-150x150.jpg\" class=\"attachment-thumbnail size-thumbnail\" alt=\"\" srcset=\"https:\/\/casadelpoeta.es\/wp-content\/uploads\/2014\/10\/MG_5781-OK-mail-150x150.jpg 150w, https:\/\/casadelpoeta.es\/wp-content\/uploads\/2014\/10\/MG_5781-OK-mail-300x300.jpg 300w, https:\/\/casadelpoeta.es\/wp-content\/uploads\/2014\/10\/MG_5781-OK-mail-1x1.jpg 1w\" sizes=\"auto, (max-width: 150px) 100vw, 150px\" \/><\/a>\n\t\t\t<\/dt><\/dl><dl class='gallery-item'>\n\t\t\t<dt class='gallery-icon portrait'>\n\t\t\t\t<a href='https:\/\/casadelpoeta.es\/wp-content\/uploads\/2014\/10\/MG_5740-OK-mail.jpg'><img loading=\"lazy\" decoding=\"async\" width=\"150\" height=\"150\" src=\"https:\/\/casadelpoeta.es\/wp-content\/uploads\/2014\/10\/MG_5740-OK-mail-150x150.jpg\" class=\"attachment-thumbnail size-thumbnail\" alt=\"\" srcset=\"https:\/\/casadelpoeta.es\/wp-content\/uploads\/2014\/10\/MG_5740-OK-mail-150x150.jpg 150w, https:\/\/casadelpoeta.es\/wp-content\/uploads\/2014\/10\/MG_5740-OK-mail-300x300.jpg 300w, https:\/\/casadelpoeta.es\/wp-content\/uploads\/2014\/10\/MG_5740-OK-mail-1x1.jpg 1w\" sizes=\"auto, (max-width: 150px) 100vw, 150px\" \/><\/a>\n\t\t\t<\/dt><\/dl><dl class='gallery-item'>\n\t\t\t<dt class='gallery-icon portrait'>\n\t\t\t\t<a href='https:\/\/casadelpoeta.es\/wp-content\/uploads\/2014\/10\/MG_5756-OK-mail.jpg'><img loading=\"lazy\" decoding=\"async\" width=\"150\" height=\"150\" src=\"https:\/\/casadelpoeta.es\/wp-content\/uploads\/2014\/10\/MG_5756-OK-mail-150x150.jpg\" class=\"attachment-thumbnail size-thumbnail\" alt=\"\" srcset=\"https:\/\/casadelpoeta.es\/wp-content\/uploads\/2014\/10\/MG_5756-OK-mail-150x150.jpg 150w, https:\/\/casadelpoeta.es\/wp-content\/uploads\/2014\/10\/MG_5756-OK-mail-300x300.jpg 300w, https:\/\/casadelpoeta.es\/wp-content\/uploads\/2014\/10\/MG_5756-OK-mail-1x1.jpg 1w\" sizes=\"auto, (max-width: 150px) 100vw, 150px\" \/><\/a>\n\t\t\t<\/dt><\/dl><br style=\"clear: both\" \/>\n\t\t<\/div>\n\n<p>[\/one_third]<\/p>\n","protected":false},"excerpt":{"rendered":"<p>[two_third]H\u00d4TEL AU CENTRE DE S\u00c9VILLE | CASA DEL POETA [divider style=\u00a0\u00bbdiv-single\u00a0\u00bb] L\u2019H\u00f4tel Boutique Casa del Poeta se trouve au centre de S\u00e9ville, dans le quartier de Santa Cruz. \u00c0 seulement 3 minutes \u00e0 pied de la Cath\u00e9drale de S\u00e9ville, dans une zone pi\u00e9tonne entour\u00e9e de&#8230;<\/p>\n","protected":false},"author":1,"featured_media":0,"parent":0,"menu_order":0,"comment_status":"open","ping_status":"closed","template":"","meta":{"footnotes":""},"class_list":["post-743","page","type-page","status-publish","hentry"],"yoast_head":"<!-- This site is optimized with the Yoast SEO Premium plugin v23.9 (Yoast SEO v27.4) - https:\/\/yoast.com\/product\/yoast-seo-premium-wordpress\/ -->\n<title>Emplacement - Hotel Boutique en el centro de Sevilla<\/title>\n<meta name=\"robots\" content=\"index, follow, max-snippet:-1, max-image-preview:large, max-video-preview:-1\" \/>\n<link rel=\"canonical\" href=\"https:\/\/casadelpoeta.es\/?page_id=539\" \/>\n<meta property=\"og:locale\" content=\"fr_FR\" \/>\n<meta property=\"og:type\" content=\"article\" \/>\n<meta property=\"og:title\" content=\"Emplacement\" \/>\n<meta property=\"og:description\" content=\"[two_third]H\u00d4TEL AU CENTRE DE S\u00c9VILLE | CASA DEL POETA [divider style=\u00a0\u00bbdiv-single\u00a0\u00bb] L\u2019H\u00f4tel Boutique Casa del Poeta se trouve au centre de S\u00e9ville, dans le quartier de Santa Cruz. \u00c0 seulement 3 minutes \u00e0 pied de la Cath\u00e9drale de S\u00e9ville, dans une zone pi\u00e9tonne entour\u00e9e de...\" \/>\n<meta property=\"og:url\" content=\"https:\/\/casadelpoeta.es\/?page_id=539\" \/>\n<meta property=\"og:site_name\" content=\"Hotel Boutique en el centro de Sevilla\" \/>\n<meta property=\"article:modified_time\" content=\"2017-03-21T19:19:07+00:00\" \/>\n<meta property=\"og:image\" content=\"https:\/\/casadelpoeta.es\/wp-content\/uploads\/2014\/10\/mapa-barrio-150x150.jpg\" \/>\n<meta name=\"twitter:label1\" content=\"Dur\u00e9e de lecture estim\u00e9e\" \/>\n\t<meta name=\"twitter:data1\" content=\"1 minute\" \/>\n<script type=\"application\/ld+json\" class=\"yoast-schema-graph\">{\"@context\":\"https:\\\/\\\/schema.org\",\"@graph\":[{\"@type\":\"WebPage\",\"@id\":\"https:\\\/\\\/casadelpoeta.es\\\/?page_id=539\",\"url\":\"https:\\\/\\\/casadelpoeta.es\\\/?page_id=539\",\"name\":\"Emplacement - Hotel Boutique en el centro de Sevilla\",\"isPartOf\":{\"@id\":\"https:\\\/\\\/casadelpoeta.es\\\/#website\"},\"datePublished\":\"2014-10-28T11:44:19+00:00\",\"dateModified\":\"2017-03-21T19:19:07+00:00\",\"breadcrumb\":{\"@id\":\"https:\\\/\\\/casadelpoeta.es\\\/?page_id=539#breadcrumb\"},\"inLanguage\":\"fr-FR\",\"potentialAction\":[{\"@type\":\"ReadAction\",\"target\":[\"https:\\\/\\\/casadelpoeta.es\\\/?page_id=539\"]}]},{\"@type\":\"BreadcrumbList\",\"@id\":\"https:\\\/\\\/casadelpoeta.es\\\/?page_id=539#breadcrumb\",\"itemListElement\":[{\"@type\":\"ListItem\",\"position\":1,\"name\":\"Portada\",\"item\":\"https:\\\/\\\/casadelpoeta.es\\\/fr\\\/\"},{\"@type\":\"ListItem\",\"position\":2,\"name\":\"Emplacement\"}]},{\"@type\":\"WebSite\",\"@id\":\"https:\\\/\\\/casadelpoeta.es\\\/#website\",\"url\":\"https:\\\/\\\/casadelpoeta.es\\\/\",\"name\":\"Hotel Boutique en el centro de Sevilla\",\"description\":\"Casa del Poeta es un Hotel Boutique ubiccado en el Barrio de Santa Cruz, en pleno centro de Sevilla, Hotel con encanto con patio sevillano\",\"potentialAction\":[{\"@type\":\"SearchAction\",\"target\":{\"@type\":\"EntryPoint\",\"urlTemplate\":\"https:\\\/\\\/casadelpoeta.es\\\/?s={search_term_string}\"},\"query-input\":{\"@type\":\"PropertyValueSpecification\",\"valueRequired\":true,\"valueName\":\"search_term_string\"}}],\"inLanguage\":\"fr-FR\"}]}<\/script>\n<!-- \/ Yoast SEO Premium plugin. -->","yoast_head_json":{"title":"Emplacement - Hotel Boutique en el centro de Sevilla","robots":{"index":"index","follow":"follow","max-snippet":"max-snippet:-1","max-image-preview":"max-image-preview:large","max-video-preview":"max-video-preview:-1"},"canonical":"https:\/\/casadelpoeta.es\/?page_id=539","og_locale":"fr_FR","og_type":"article","og_title":"Emplacement","og_description":"[two_third]H\u00d4TEL AU CENTRE DE S\u00c9VILLE | CASA DEL POETA [divider style=\u00a0\u00bbdiv-single\u00a0\u00bb] L\u2019H\u00f4tel Boutique Casa del Poeta se trouve au centre de S\u00e9ville, dans le quartier de Santa Cruz. \u00c0 seulement 3 minutes \u00e0 pied de la Cath\u00e9drale de S\u00e9ville, dans une zone pi\u00e9tonne entour\u00e9e de...","og_url":"https:\/\/casadelpoeta.es\/?page_id=539","og_site_name":"Hotel Boutique en el centro de Sevilla","article_modified_time":"2017-03-21T19:19:07+00:00","og_image":[{"url":"https:\/\/casadelpoeta.es\/wp-content\/uploads\/2014\/10\/mapa-barrio-150x150.jpg","type":"","width":"","height":""}],"twitter_misc":{"Dur\u00e9e de lecture estim\u00e9e":"1 minute"},"schema":{"@context":"https:\/\/schema.org","@graph":[{"@type":"WebPage","@id":"https:\/\/casadelpoeta.es\/?page_id=539","url":"https:\/\/casadelpoeta.es\/?page_id=539","name":"Emplacement - Hotel Boutique en el centro de Sevilla","isPartOf":{"@id":"https:\/\/casadelpoeta.es\/#website"},"datePublished":"2014-10-28T11:44:19+00:00","dateModified":"2017-03-21T19:19:07+00:00","breadcrumb":{"@id":"https:\/\/casadelpoeta.es\/?page_id=539#breadcrumb"},"inLanguage":"fr-FR","potentialAction":[{"@type":"ReadAction","target":["https:\/\/casadelpoeta.es\/?page_id=539"]}]},{"@type":"BreadcrumbList","@id":"https:\/\/casadelpoeta.es\/?page_id=539#breadcrumb","itemListElement":[{"@type":"ListItem","position":1,"name":"Portada","item":"https:\/\/casadelpoeta.es\/fr\/"},{"@type":"ListItem","position":2,"name":"Emplacement"}]},{"@type":"WebSite","@id":"https:\/\/casadelpoeta.es\/#website","url":"https:\/\/casadelpoeta.es\/","name":"Hotel Boutique en el centro de Sevilla","description":"Casa del Poeta es un Hotel Boutique ubiccado en el Barrio de Santa Cruz, en pleno centro de Sevilla, Hotel con encanto con patio sevillano","potentialAction":[{"@type":"SearchAction","target":{"@type":"EntryPoint","urlTemplate":"https:\/\/casadelpoeta.es\/?s={search_term_string}"},"query-input":{"@type":"PropertyValueSpecification","valueRequired":true,"valueName":"search_term_string"}}],"inLanguage":"fr-FR"}]}},"_links":{"self":[{"href":"https:\/\/casadelpoeta.es\/fr\/wp-json\/wp\/v2\/pages\/743","targetHints":{"allow":["GET"]}}],"collection":[{"href":"https:\/\/casadelpoeta.es\/fr\/wp-json\/wp\/v2\/pages"}],"about":[{"href":"https:\/\/casadelpoeta.es\/fr\/wp-json\/wp\/v2\/types\/page"}],"author":[{"embeddable":true,"href":"https:\/\/casadelpoeta.es\/fr\/wp-json\/wp\/v2\/users\/1"}],"replies":[{"embeddable":true,"href":"https:\/\/casadelpoeta.es\/fr\/wp-json\/wp\/v2\/comments?post=743"}],"version-history":[{"count":0,"href":"https:\/\/casadelpoeta.es\/fr\/wp-json\/wp\/v2\/pages\/743\/revisions"}],"wp:attachment":[{"href":"https:\/\/casadelpoeta.es\/fr\/wp-json\/wp\/v2\/media?parent=743"}],"curies":[{"name":"wp","href":"https:\/\/api.w.org\/{rel}","templated":true}]}}