{"id":737,"date":"2014-10-16T15:04:41","date_gmt":"2014-10-16T15:04:41","guid":{"rendered":"http:\/\/casadelpoeta.org\/el-hotel-2\/"},"modified":"2024-05-13T10:32:14","modified_gmt":"2024-05-13T09:32:14","slug":"hotel-boutique","status":"publish","type":"page","link":"https:\/\/casadelpoeta.es\/fr\/hotel-boutique\/","title":{"rendered":"H\u00f4tel Boutique S\u00e9ville"},"content":{"rendered":"<div class=\"wpb-content-wrapper\"><p>[vc_row css_animation=\u00a0\u00bb\u00a0\u00bb row_type=\u00a0\u00bbrow\u00a0\u00bb use_row_as_full_screen_section=\u00a0\u00bbno\u00a0\u00bb type=\u00a0\u00bbgrid\u00a0\u00bb angled_section=\u00a0\u00bbno\u00a0\u00bb text_align=\u00a0\u00bbleft\u00a0\u00bb background_image_as_pattern=\u00a0\u00bbwithout_pattern\u00a0\u00bb css=\u00a0\u00bb.vc_custom_1545817134231{padding-top: 46px !important;padding-bottom: 30px !important;}\u00a0\u00bb z_index=\u00a0\u00bb\u00a0\u00bb][vc_column][vc_empty_space height=\u00a0\u00bb16px\u00a0\u00bb][vc_column_text]<\/p>\n<h2>H\u00f4tel Boutique Casa del Poeta, S\u00e9ville<\/h2>\n<p>[\/vc_column_text][\/vc_column][\/vc_row][vc_row css_animation=\u00a0\u00bb\u00a0\u00bb row_type=\u00a0\u00bbrow\u00a0\u00bb use_row_as_full_screen_section=\u00a0\u00bbno\u00a0\u00bb type=\u00a0\u00bbfull_width\u00a0\u00bb angled_section=\u00a0\u00bbno\u00a0\u00bb text_align=\u00a0\u00bbleft\u00a0\u00bb background_image_as_pattern=\u00a0\u00bbwithout_pattern\u00a0\u00bb css=\u00a0\u00bb.vc_custom_1547139838228{padding-top: 5% !important;}\u00a0\u00bb z_index=\u00a0\u00bb\u00a0\u00bb][vc_column width=\u00a0\u00bb1\/2&Prime;][vc_gallery interval=\u00a0\u00bb3&Prime; images=\u00a0\u00bb1691,2014,2011,2012,1805,1693,1821,1827,2009,2010&Prime; img_size=\u00a0\u00bbfull\u00a0\u00bb][\/vc_column][vc_column width=\u00a0\u00bb1\/2&Prime;][vc_empty_space][vc_column_text css=\u00a0\u00bb.vc_custom_1550073474713{padding-right: 5% !important;padding-left: 5% !important;}\u00a0\u00bb]<\/p>\n<h2>Une demeure <strong>du XVIIe<\/strong> <strong>si\u00e8cle<\/strong> restaur\u00e9e au XXIe si\u00e8cle en respectant l\u2019architecture et les mat\u00e9riaux nobles d\u2019origine<\/h2>\n<p>[\/vc_column_text][vc_empty_space][vc_column_text css=\u00a0\u00bb.vc_custom_1550073592583{padding-right: 5% !important;padding-left: 5% !important;}\u00a0\u00bb]<strong>L\u2019H\u00f4tel Boutique Casa del Poeta\u00a0<\/strong>est une demeure <strong>du XVIIe si\u00e8cle<\/strong> restaur\u00e9e au XXIe si\u00e8cle en respectant l\u2019architecture et les mat\u00e9riaux nobles d\u2019origine. T\u00e9moin d\u2019une \u00e9poque r\u00e9volue, elle arbore le style caract\u00e9ristique d\u2019une authentique demeure seigneuriale s\u00e9villane. <strong>L\u2019architecture typique de la maison s\u00e9villane<\/strong> se compose d\u2019un patio central qui occupe une place pr\u00e9pond\u00e9rante, et de diff\u00e9rentes pi\u00e8ces dispos\u00e9es tout autour.<\/p>\n<p><b>H\u00f4tel de charme <\/b> de dix-huit chambres, id\u00e9al pour les personnes souhaitant un s\u00e9jour tranquille, une prise en charge personnalis\u00e9e et le plaisir des d\u00e9tails et de la qualit\u00e9 optimale dans un cadre unique.<\/p>\n<p>[\/vc_column_text][vc_empty_space][\/vc_column][\/vc_row][vc_row css_animation=\u00a0\u00bb\u00a0\u00bb row_type=\u00a0\u00bbrow\u00a0\u00bb use_row_as_full_screen_section=\u00a0\u00bbno\u00a0\u00bb type=\u00a0\u00bbfull_width\u00a0\u00bb angled_section=\u00a0\u00bbno\u00a0\u00bb text_align=\u00a0\u00bbleft\u00a0\u00bb background_image_as_pattern=\u00a0\u00bbwithout_pattern\u00a0\u00bb css=\u00a0\u00bb.vc_custom_1547139838228{padding-top: 5% !important;}\u00a0\u00bb z_index=\u00a0\u00bb\u00a0\u00bb][vc_column width=\u00a0\u00bb1\/2&Prime; css=\u00a0\u00bb.vc_custom_1548191083309{background-color: #ffffff !important;}\u00a0\u00bb][vc_empty_space][vc_column_text]<\/p>\n<h4>H\u00f4tel charmant cach\u00e9 dans le quartier Santa Cruz.<strong><br \/>\n<\/strong><\/h4>\n<p>[\/vc_column_text][vc_empty_space][vc_column_text css=\u00a0\u00bb.vc_custom_1550073720822{padding-right: 5% !important;padding-left: 5% !important;}\u00a0\u00bb]Notre<strong> h\u00f4tel de charme<\/strong> est cach\u00e9 entre des rues pav\u00e9es. Il offre un service exclusif et r\u00e9pond au maximum \u00e0 toutes les attentes. La meilleure fa\u00e7on de s\u2019y rendre est de se laisser guider par le parfum de jasmin qui s\u2019\u00e9mane de l\u2019h\u00f4tel. Notre \u00e9tablissement est proche de<strong> l\u2019Alcazar et la Cath\u00e9drale<\/strong> de S\u00e9ville.<\/p>\n<p>Dans la ville de S\u00e9ville, il y a beaucoup de logements mais peu ont \u00e9t\u00e9 pens\u00e9s pour profiter de <strong>l\u2019essence m\u00eame de S\u00e9ville<\/strong>. Grace \u00e0 notre emplacement en plein c\u0153ur de l\u2019ancien quartier juif, nous pouvons imaginer la ville \u00e0 autre \u00e9poque.[\/vc_column_text][vc_empty_space][vc_separator css_animation=\u00a0\u00bbbounceInDown\u00a0\u00bb type=\u00a0\u00bbnormal\u00a0\u00bb][vc_column_text css=\u00a0\u00bb.vc_custom_1712908368187{padding-right: 5% !important;padding-left: 5% !important;}\u00a0\u00bb]Rue Don Carlos Alonso\u00a0Chaparro. 41.004<\/p>\n<p>Quartier Santa Cruz &#8211; Seville<\/p>\n<p><em>T\u00e9l\u00e9phone: (0034)\u00a0<a class=\"fl r-search-3\" title=\"Llamar a trav\u00e9s de Hangouts\" data-number=\"954213868\" data-rtid=\"search-3\" data-ved=\"0CCMQkAgwAA\">954 21 38 68\u00a0<\/a><\/em><\/p>\n<p><a title=\"Casa del poeta\" href=\"mailto:info@casadelpoeta.es\">info@casadelpoeta.es<\/a>[\/vc_column_text][vc_separator css_animation=\u00a0\u00bbbounceInDown\u00a0\u00bb type=\u00a0\u00bbnormal\u00a0\u00bb][vc_empty_space]<div class=\"custom_font_holder \" style=\"font-family: Allura; font-style: normal; font-weight: 400; color: #1f1a15; text-decoration: none; text-align: left; --qode-cf-font-size: 38px; --qode-cf-line-height: 40px; --qode-cf-font-size-1440: 38px; --qode-cf-line-height-1440: 40px; --qode-cf-font-size-1366: 38px; --qode-cf-line-height-1366: 40px; --qode-cf-font-size-1280: 38px; --qode-cf-line-height-1280: 40px; --qode-cf-font-size-1024: 38px; --qode-cf-line-height-1024: 40px; --qode-cf-font-size-768: 38px; --qode-cf-line-height-768: 40px; --qode-cf-font-size-680: 38px; --qode-cf-line-height-680: 40px; --qode-cf-font-size-480: 38px; --qode-cf-line-height-480: 40px;\">Notre \u00e9tablissement est proche de l\u2019Alcazar et la Cath\u00e9drale de S\u00e9ville<\/div>[vc_empty_space][\/vc_column][vc_column width=\u00a0\u00bb1\/2&Prime;][vc_raw_html]JTNDaWZyYW1lJTIwc3JjJTNEJTIyaHR0cHMlM0ElMkYlMkZ3d3cuZ29vZ2xlLmNvbSUyRm1hcHMlMkZlbWJlZCUzRnBiJTNEJTIxMW0xOCUyMTFtMTIlMjExbTMlMjExZDMxNzAuMTUwMjg3NTIzNTM5NiUyMTJkLTUuOTkxNTQ3Njg0NjkzNTE3JTIxM2QzNy4zODYyNzc5Nzk4MzIwNyUyMTJtMyUyMTFmMCUyMTJmMCUyMTNmMCUyMTNtMiUyMTFpMTAyNCUyMTJpNzY4JTIxNGYxMy4xJTIxM20zJTIxMW0yJTIxMXMweGQxMjZjMWJmZDRiZWQzMSUyNTNBMHhhOWEyYmY0MzE2ODdiYTMzJTIxMnNIb3RlbCUyQkJvdXRpcXVlJTJCQ2FzYSUyQmRlbCUyQlBvZXRhJTIxNWUwJTIxM20yJTIxMXNlcyUyMTJzaXQlMjE0djE1NDU4MTE5NTIzOTclMjIlMjB3aWR0aCUzRDEwMCUyNSUyMGhlaWdodCUzRCUyMjUwMCUyMiUyMGZyYW1lYm9yZGVyJTNEJTIyMCUyMiUyMHN0eWxlJTNEJTIyYm9yZGVyJTNBMCUyMiUyMGFsbG93ZnVsbHNjcmVlbiUzRSUzQyUyRmlmcmFtZSUzRQ==[\/vc_raw_html][\/vc_column][\/vc_row][vc_row css_animation=\u00a0\u00bb\u00a0\u00bb row_type=\u00a0\u00bbrow\u00a0\u00bb use_row_as_full_screen_section=\u00a0\u00bbno\u00a0\u00bb type=\u00a0\u00bbfull_width\u00a0\u00bb angled_section=\u00a0\u00bbno\u00a0\u00bb text_align=\u00a0\u00bbleft\u00a0\u00bb background_image_as_pattern=\u00a0\u00bbwithout_pattern\u00a0\u00bb css=\u00a0\u00bb.vc_custom_1548191037128{padding-top: 4% !important;}\u00a0\u00bb z_index=\u00a0\u00bb\u00a0\u00bb][vc_column css=\u00a0\u00bb.vc_custom_1548192154255{padding-top: 3% !important;}\u00a0\u00bb][vc_column_text]<\/p>\n<h2>Caract\u00e9ristiques:<\/h2>\n<p>[\/vc_column_text][\/vc_column][\/vc_row][vc_row css_animation=\u00a0\u00bb\u00a0\u00bb row_type=\u00a0\u00bbrow\u00a0\u00bb use_row_as_full_screen_section=\u00a0\u00bbno\u00a0\u00bb type=\u00a0\u00bbfull_width\u00a0\u00bb angled_section=\u00a0\u00bbno\u00a0\u00bb text_align=\u00a0\u00bbleft\u00a0\u00bb background_image_as_pattern=\u00a0\u00bbwithout_pattern\u00a0\u00bb z_index=\u00a0\u00bb\u00a0\u00bb css=\u00a0\u00bb.vc_custom_1547626520175{padding-bottom: 10% !important;}\u00a0\u00bb][vc_column width=\u00a0\u00bb1\/2&Prime;][vc_empty_space][vc_column_text css=\u00a0\u00bb.vc_custom_1647633664885{padding-right: 5% !important;padding-left: 5% !important;}\u00a0\u00bb]<\/p>\n<ul>\n<li>H\u00f4tel Boutique Luxury<\/li>\n<li>R\u00e9ception 24h\/24<\/li>\n<li>Gestion de r\u00e9serves de services et informations touristique<\/li>\n<li>Connexion WiFi gratuite<\/li>\n<li>HOTEL: Check in: 15H00 &#8211; Check out: 12H00<\/li>\n<li>APPARTEMENT: Check in: 17H00 &#8211; Check out: 11H00<\/li>\n<li>Consigne pour bagages<\/li>\n<li>Service de transfert de et vers l\u00b4a\u00e9roport et station de train, sur demande.<\/li>\n<li>Service de d\u00e9placement \u00e0\/de l\u00b4a\u00e9roport et la station de train sur demande<\/li>\n<li>Service de chauffeur priv\u00e9<\/li>\n<li>Parking couvert et priv\u00e9 pr\u00e8s de l\u00b4h\u00f4tel sur demande. Prix : 25\u20ac par jour<\/li>\n<li>Boisson de bienvenue offerte au check in<\/li>\n<\/ul>\n<p>[\/vc_column_text][\/vc_column][vc_column width=\u00a0\u00bb1\/2&Prime;][vc_empty_space][vc_column_text css=\u00a0\u00bb.vc_custom_1715592730324{padding-right: 5% !important;padding-left: 5% !important;}\u00a0\u00bb]<\/p>\n<ul>\n<li>Petit d\u00e9jeuner de 8H00 \u00e0 11H00. Prix : 20,5 \u20ac par personne<\/li>\n<li>Room service de 13h \u00e0 16h et 19h30 \u00e0 23h30<\/li>\n<li>Service de blanchisserie<\/li>\n<li>Table et fer \u00e0 repasser sur demande<\/li>\n<li>Concert de guitare classique Andalouse en direct tous les soirs.<\/li>\n<li>Service de massage dans la chambre, sur rendez-vous<\/li>\n<li>Service de coiffeur dans la chambre, sur rendez-vous<\/li>\n<li>Terrasse priv\u00e9e avec vues sur la Coupole de Santa Cruz, Cath\u00e9drale et la Giralda<\/li>\n<li>Service de chambres 2 fois par jour, y compris service de nuit<\/li>\n<li>Acc\u00e8s pour personnes handicap\u00e9es<\/li>\n<li>Exposition d\u00b4\u0153uvres d\u00b4art<\/li>\n<\/ul>\n<p>[\/vc_column_text][\/vc_column][\/vc_row][vc_row css_animation=\u00a0\u00bb\u00a0\u00bb row_type=\u00a0\u00bbrow\u00a0\u00bb use_row_as_full_screen_section=\u00a0\u00bbno\u00a0\u00bb type=\u00a0\u00bbfull_width\u00a0\u00bb angled_section=\u00a0\u00bbno\u00a0\u00bb text_align=\u00a0\u00bbleft\u00a0\u00bb background_image_as_pattern=\u00a0\u00bbwithout_pattern\u00a0\u00bb z_index=\u00a0\u00bb\u00a0\u00bb][vc_column]<div class=\"custom_font_holder \" style=\"font-family: Allura; font-style: normal; font-weight: 400; color: #1f1a15; text-decoration: none; text-align: left; --qode-cf-font-size: 48px; --qode-cf-line-height: 50px; --qode-cf-font-size-1440: 48px; --qode-cf-line-height-1440: 50px; --qode-cf-font-size-1366: 48px; --qode-cf-line-height-1366: 50px; --qode-cf-font-size-1280: 48px; --qode-cf-line-height-1280: 50px; --qode-cf-font-size-1024: 48px; --qode-cf-line-height-1024: 50px; --qode-cf-font-size-768: 48px; --qode-cf-line-height-768: 50px; --qode-cf-font-size-680: 48px; --qode-cf-line-height-680: 50px; --qode-cf-font-size-480: 48px; --qode-cf-line-height-480: 50px;\">Press room:<\/div>[vc_separator type=\u00a0\u00bbnormal\u00a0\u00bb][\/vc_column][\/vc_row][vc_row css_animation=\u00a0\u00bb\u00a0\u00bb row_type=\u00a0\u00bbrow\u00a0\u00bb use_row_as_full_screen_section=\u00a0\u00bbno\u00a0\u00bb type=\u00a0\u00bbfull_width\u00a0\u00bb angled_section=\u00a0\u00bbno\u00a0\u00bb text_align=\u00a0\u00bbleft\u00a0\u00bb background_image_as_pattern=\u00a0\u00bbwithout_pattern\u00a0\u00bb][vc_column width=\u00a0\u00bb1\/4&Prime;][vc_single_image image=\u00a0\u00bb4292&Prime; img_size=\u00a0\u00bbfull\u00a0\u00bb qode_css_animation=\u00a0\u00bb\u00a0\u00bb][\/vc_column][vc_column width=\u00a0\u00bb1\/4&Prime;][vc_single_image image=\u00a0\u00bb4298&Prime; img_size=\u00a0\u00bbfull\u00a0\u00bb qode_css_animation=\u00a0\u00bb\u00a0\u00bb][\/vc_column][vc_column width=\u00a0\u00bb1\/4&Prime;][vc_single_image image=\u00a0\u00bb4295&Prime; img_size=\u00a0\u00bbfull\u00a0\u00bb qode_css_animation=\u00a0\u00bb\u00a0\u00bb][\/vc_column][vc_column width=\u00a0\u00bb1\/4&Prime;][vc_single_image image=\u00a0\u00bb4301&Prime; img_size=\u00a0\u00bbfull\u00a0\u00bb qode_css_animation=\u00a0\u00bb\u00a0\u00bb][\/vc_column][\/vc_row][vc_row css_animation=\u00a0\u00bb\u00a0\u00bb row_type=\u00a0\u00bbrow\u00a0\u00bb use_row_as_full_screen_section=\u00a0\u00bbno\u00a0\u00bb type=\u00a0\u00bbfull_width\u00a0\u00bb angled_section=\u00a0\u00bbno\u00a0\u00bb text_align=\u00a0\u00bbleft\u00a0\u00bb background_image_as_pattern=\u00a0\u00bbwithout_pattern\u00a0\u00bb z_index=\u00a0\u00bb\u00a0\u00bb padding_top=\u00a0\u00bb60&Prime;][vc_column]<div class=\"custom_font_holder \" style=\"font-family: Allura; font-style: normal; font-weight: 400; color: #1f1a15; text-decoration: none; text-align: left; --qode-cf-font-size: 48px; --qode-cf-line-height: 50px; --qode-cf-font-size-1440: 48px; --qode-cf-line-height-1440: 50px; --qode-cf-font-size-1366: 48px; --qode-cf-line-height-1366: 50px; --qode-cf-font-size-1280: 48px; --qode-cf-line-height-1280: 50px; --qode-cf-font-size-1024: 48px; --qode-cf-line-height-1024: 50px; --qode-cf-font-size-768: 48px; --qode-cf-line-height-768: 50px; --qode-cf-font-size-680: 48px; --qode-cf-line-height-680: 50px; --qode-cf-font-size-480: 48px; --qode-cf-line-height-480: 50px;\">Livre d&rsquo;or<\/div>[vc_separator type=\u00a0\u00bbnormal\u00a0\u00bb][\/vc_column][\/vc_row][vc_row css_animation=\u00a0\u00bb\u00a0\u00bb row_type=\u00a0\u00bbrow\u00a0\u00bb use_row_as_full_screen_section=\u00a0\u00bbno\u00a0\u00bb type=\u00a0\u00bbfull_width\u00a0\u00bb angled_section=\u00a0\u00bbno\u00a0\u00bb text_align=\u00a0\u00bbleft\u00a0\u00bb background_image_as_pattern=\u00a0\u00bbwithout_pattern\u00a0\u00bb css=\u00a0\u00bb.vc_custom_1548190211822{padding-top: 2% !important;}\u00a0\u00bb z_index=\u00a0\u00bb\u00a0\u00bb][vc_column width=\u00a0\u00bb1\/6&Prime;][vc_column_text]<\/p>\n<h4>Felipe Gonzalez<\/h4>\n<p>President of the Government of Spain between 1982 and 1996[\/vc_column_text][\/vc_column][vc_column width=\u00a0\u00bb1\/6&Prime;][vc_column_text]<\/p>\n<h4>Isabel Preysler<\/h4>\n<p>Spanish aristocrat and Enrique Iglesias\u2019s mother[\/vc_column_text][\/vc_column][vc_column width=\u00a0\u00bb1\/6&Prime;][vc_column_text]<\/p>\n<h4>Tamara Falc\u00f3<\/h4>\n<p>Spanish aristocrat, her father is Carlos Falc\u00f3 (Marquis of Gri\u00f1\u00f3n) and her mother is Isabel Preysler.[\/vc_column_text][\/vc_column][vc_column width=\u00a0\u00bb1\/6&Prime;][vc_column_text]<\/p>\n<h4>Pablo de Grecia y Marie-Chantal de Grecia<\/h4>\n<p>Prince and Princess of Greece and Denmark.[\/vc_column_text][\/vc_column][vc_column width=\u00a0\u00bb1\/6&Prime;][vc_column_text]<\/p>\n<h4>Donatus Prinz zu Schamburg-Lippe<\/h4>\n<p>Hereditary Prince of Principality of Schamburg-Lippe, Germany[\/vc_column_text][\/vc_column][vc_column width=\u00a0\u00bb1\/6&Prime;][vc_column_text]<\/p>\n<h4>Sophie Okonedo<\/h4>\n<p>British actress with an Academy Award nomination and a Golden Globes nomination. She received an OBE in 2010.[\/vc_column_text][\/vc_column][\/vc_row][vc_row css_animation=\u00a0\u00bb\u00a0\u00bb row_type=\u00a0\u00bbrow\u00a0\u00bb use_row_as_full_screen_section=\u00a0\u00bbno\u00a0\u00bb type=\u00a0\u00bbfull_width\u00a0\u00bb angled_section=\u00a0\u00bbno\u00a0\u00bb text_align=\u00a0\u00bbleft\u00a0\u00bb background_image_as_pattern=\u00a0\u00bbwithout_pattern\u00a0\u00bb css=\u00a0\u00bb.vc_custom_1548190107509{padding-top: 2% !important;}\u00a0\u00bb z_index=\u00a0\u00bb\u00a0\u00bb][vc_column width=\u00a0\u00bb1\/6&Prime;][vc_column_text]<\/p>\n<h4>Luis Felipe y Mar\u00eda de Liechtenstein<\/h4>\n<p>Regent Prince and Heir of Liechtenstein, and Heir Princess of Liechtenstein[\/vc_column_text][\/vc_column][vc_column width=\u00a0\u00bb1\/6&Prime;][vc_column_text]<\/p>\n<h4>Guillermo de Luxemburgo<\/h4>\n<p>Hereditary Grand Duke of Luxemburg<br \/>\n[\/vc_column_text][\/vc_column][vc_column width=\u00a0\u00bb1\/6&Prime;][vc_column_text]<\/p>\n<h4>Astrid Asher<\/h4>\n<p>Colombian singer with a Latin Grammys nomination in 2015[\/vc_column_text][\/vc_column][vc_column width=\u00a0\u00bb1\/6&Prime;][vc_column_text]<\/p>\n<h4>Nouhman Lahlou<\/h4>\n<p>Singer and compositor maroccan<br \/>\n[\/vc_column_text][\/vc_column][vc_column width=\u00a0\u00bb1\/6&Prime;][vc_column_text]<\/p>\n<h4>Youssef Amrani<\/h4>\n<p>Diplomatic and Royal Councillor of Marocco[\/vc_column_text][\/vc_column][vc_column width=\u00a0\u00bb1\/6&Prime;][\/vc_column][\/vc_row][vc_row css_animation=\u00a0\u00bb\u00a0\u00bb row_type=\u00a0\u00bbrow\u00a0\u00bb use_row_as_full_screen_section=\u00a0\u00bbno\u00a0\u00bb type=\u00a0\u00bbfull_width\u00a0\u00bb angled_section=\u00a0\u00bbno\u00a0\u00bb text_align=\u00a0\u00bbleft\u00a0\u00bb background_image_as_pattern=\u00a0\u00bbwithout_pattern\u00a0\u00bb][vc_column][vc_separator type=\u00a0\u00bbnormal\u00a0\u00bb][vc_empty_space height=\u00a0\u00bb62px\u00a0\u00bb][vc_gallery interval=\u00a0\u00bb3&Prime; images=\u00a0\u00bb1343,1337,1224,1081,1080,1079,1075,463,462,461,460&Prime; img_size=\u00a0\u00bbfull\u00a0\u00bb][\/vc_column][\/vc_row]<\/p>\n<\/div>","protected":false},"excerpt":{"rendered":"<p>[vc_row css_animation=\u00a0\u00bb\u00a0\u00bb row_type=\u00a0\u00bbrow\u00a0\u00bb use_row_as_full_screen_section=\u00a0\u00bbno\u00a0\u00bb type=\u00a0\u00bbgrid\u00a0\u00bb angled_section=\u00a0\u00bbno\u00a0\u00bb text_align=\u00a0\u00bbleft\u00a0\u00bb background_image_as_pattern=\u00a0\u00bbwithout_pattern\u00a0\u00bb css=\u00a0\u00bb.vc_custom_1545817134231{padding-top: 46px !important;padding-bottom: 30px !important;}\u00a0\u00bb z_index=\u00a0\u00bb\u00a0\u00bb][vc_column][vc_empty_space height=\u00a0\u00bb16px\u00a0\u00bb][vc_column_text] H\u00f4tel Boutique Casa del Poeta, S\u00e9ville [\/vc_column_text][\/vc_column][\/vc_row][vc_row css_animation=\u00a0\u00bb\u00a0\u00bb row_type=\u00a0\u00bbrow\u00a0\u00bb use_row_as_full_screen_section=\u00a0\u00bbno\u00a0\u00bb type=\u00a0\u00bbfull_width\u00a0\u00bb angled_section=\u00a0\u00bbno\u00a0\u00bb text_align=\u00a0\u00bbleft\u00a0\u00bb background_image_as_pattern=\u00a0\u00bbwithout_pattern\u00a0\u00bb css=\u00a0\u00bb.vc_custom_1547139838228{padding-top: 5% !important;}\u00a0\u00bb z_index=\u00a0\u00bb\u00a0\u00bb][vc_column width=\u00a0\u00bb1\/2&Prime;][vc_gallery interval=\u00a0\u00bb3&Prime; images=\u00a0\u00bb1691,2014,2011,2012,1805,1693,1821,1827,2009,2010&Prime; img_size=\u00a0\u00bbfull\u00a0\u00bb][\/vc_column][vc_column width=\u00a0\u00bb1\/2&Prime;][vc_empty_space][vc_column_text css=\u00a0\u00bb.vc_custom_1550073474713{padding-right: 5% !important;padding-left: 5% !important;}\u00a0\u00bb] Une demeure&#8230;<\/p>\n","protected":false},"author":1,"featured_media":0,"parent":0,"menu_order":0,"comment_status":"open","ping_status":"open","template":"","meta":{"footnotes":""},"class_list":["post-737","page","type-page","status-publish","hentry"],"yoast_head":"<!-- This site is optimized with the Yoast SEO Premium plugin v23.9 (Yoast SEO v27.4) - https:\/\/yoast.com\/product\/yoast-seo-premium-wordpress\/ -->\n<title>H\u00f4tel Boutique S\u00e9ville - Hotel Boutique en el centro de Sevilla<\/title>\n<meta name=\"description\" content=\"H\u00f4tel de charme S\u00e9ville. H\u00f4tel charmant cach\u00e9 dans le quartier Santa Cruz. Casa del Poeta est une demeure du XVIIe si\u00e8cle restaur\u00e9e au XXIe si\u00e8cle en respectant l\u2019architecture et les mat\u00e9riaux nobles d\u2019origine\" \/>\n<meta name=\"robots\" content=\"index, follow, max-snippet:-1, max-image-preview:large, max-video-preview:-1\" \/>\n<link rel=\"canonical\" href=\"https:\/\/casadelpoeta.es\/fr\/hotel-boutique\/\" \/>\n<meta property=\"og:locale\" content=\"fr_FR\" \/>\n<meta property=\"og:type\" content=\"article\" \/>\n<meta property=\"og:title\" content=\"H\u00f4tel Boutique S\u00e9ville\" \/>\n<meta property=\"og:description\" content=\"H\u00f4tel de charme S\u00e9ville. H\u00f4tel charmant cach\u00e9 dans le quartier Santa Cruz. Casa del Poeta est une demeure du XVIIe si\u00e8cle restaur\u00e9e au XXIe si\u00e8cle en respectant l\u2019architecture et les mat\u00e9riaux nobles d\u2019origine\" \/>\n<meta property=\"og:url\" content=\"https:\/\/casadelpoeta.es\/fr\/hotel-boutique\/\" \/>\n<meta property=\"og:site_name\" content=\"Hotel Boutique en el centro de Sevilla\" \/>\n<meta property=\"article:modified_time\" content=\"2024-05-13T09:32:14+00:00\" \/>\n<meta name=\"twitter:label1\" content=\"Dur\u00e9e de lecture estim\u00e9e\" \/>\n\t<meta name=\"twitter:data1\" content=\"4 minutes\" \/>\n<script type=\"application\/ld+json\" class=\"yoast-schema-graph\">{\"@context\":\"https:\\\/\\\/schema.org\",\"@graph\":[{\"@type\":\"WebPage\",\"@id\":\"https:\\\/\\\/casadelpoeta.es\\\/fr\\\/hotel-boutique\\\/\",\"url\":\"https:\\\/\\\/casadelpoeta.es\\\/fr\\\/hotel-boutique\\\/\",\"name\":\"H\u00f4tel Boutique S\u00e9ville - Hotel Boutique en el centro de Sevilla\",\"isPartOf\":{\"@id\":\"https:\\\/\\\/casadelpoeta.es\\\/#website\"},\"datePublished\":\"2014-10-16T15:04:41+00:00\",\"dateModified\":\"2024-05-13T09:32:14+00:00\",\"description\":\"H\u00f4tel de charme S\u00e9ville. H\u00f4tel charmant cach\u00e9 dans le quartier Santa Cruz. Casa del Poeta est une demeure du XVIIe si\u00e8cle restaur\u00e9e au XXIe si\u00e8cle en respectant l\u2019architecture et les mat\u00e9riaux nobles d\u2019origine\",\"breadcrumb\":{\"@id\":\"https:\\\/\\\/casadelpoeta.es\\\/fr\\\/hotel-boutique\\\/#breadcrumb\"},\"inLanguage\":\"fr-FR\",\"potentialAction\":[{\"@type\":\"ReadAction\",\"target\":[\"https:\\\/\\\/casadelpoeta.es\\\/fr\\\/hotel-boutique\\\/\"]}]},{\"@type\":\"BreadcrumbList\",\"@id\":\"https:\\\/\\\/casadelpoeta.es\\\/fr\\\/hotel-boutique\\\/#breadcrumb\",\"itemListElement\":[{\"@type\":\"ListItem\",\"position\":1,\"name\":\"Portada\",\"item\":\"https:\\\/\\\/casadelpoeta.es\\\/fr\\\/\"},{\"@type\":\"ListItem\",\"position\":2,\"name\":\"H\u00f4tel Boutique S\u00e9ville\"}]},{\"@type\":\"WebSite\",\"@id\":\"https:\\\/\\\/casadelpoeta.es\\\/#website\",\"url\":\"https:\\\/\\\/casadelpoeta.es\\\/\",\"name\":\"Hotel Boutique en el centro de Sevilla\",\"description\":\"Casa del Poeta es un Hotel Boutique ubiccado en el Barrio de Santa Cruz, en pleno centro de Sevilla, Hotel con encanto con patio sevillano\",\"potentialAction\":[{\"@type\":\"SearchAction\",\"target\":{\"@type\":\"EntryPoint\",\"urlTemplate\":\"https:\\\/\\\/casadelpoeta.es\\\/?s={search_term_string}\"},\"query-input\":{\"@type\":\"PropertyValueSpecification\",\"valueRequired\":true,\"valueName\":\"search_term_string\"}}],\"inLanguage\":\"fr-FR\"}]}<\/script>\n<!-- \/ Yoast SEO Premium plugin. -->","yoast_head_json":{"title":"H\u00f4tel Boutique S\u00e9ville - Hotel Boutique en el centro de Sevilla","description":"H\u00f4tel de charme S\u00e9ville. H\u00f4tel charmant cach\u00e9 dans le quartier Santa Cruz. Casa del Poeta est une demeure du XVIIe si\u00e8cle restaur\u00e9e au XXIe si\u00e8cle en respectant l\u2019architecture et les mat\u00e9riaux nobles d\u2019origine","robots":{"index":"index","follow":"follow","max-snippet":"max-snippet:-1","max-image-preview":"max-image-preview:large","max-video-preview":"max-video-preview:-1"},"canonical":"https:\/\/casadelpoeta.es\/fr\/hotel-boutique\/","og_locale":"fr_FR","og_type":"article","og_title":"H\u00f4tel Boutique S\u00e9ville","og_description":"H\u00f4tel de charme S\u00e9ville. H\u00f4tel charmant cach\u00e9 dans le quartier Santa Cruz. Casa del Poeta est une demeure du XVIIe si\u00e8cle restaur\u00e9e au XXIe si\u00e8cle en respectant l\u2019architecture et les mat\u00e9riaux nobles d\u2019origine","og_url":"https:\/\/casadelpoeta.es\/fr\/hotel-boutique\/","og_site_name":"Hotel Boutique en el centro de Sevilla","article_modified_time":"2024-05-13T09:32:14+00:00","twitter_misc":{"Dur\u00e9e de lecture estim\u00e9e":"4 minutes"},"schema":{"@context":"https:\/\/schema.org","@graph":[{"@type":"WebPage","@id":"https:\/\/casadelpoeta.es\/fr\/hotel-boutique\/","url":"https:\/\/casadelpoeta.es\/fr\/hotel-boutique\/","name":"H\u00f4tel Boutique S\u00e9ville - Hotel Boutique en el centro de Sevilla","isPartOf":{"@id":"https:\/\/casadelpoeta.es\/#website"},"datePublished":"2014-10-16T15:04:41+00:00","dateModified":"2024-05-13T09:32:14+00:00","description":"H\u00f4tel de charme S\u00e9ville. H\u00f4tel charmant cach\u00e9 dans le quartier Santa Cruz. Casa del Poeta est une demeure du XVIIe si\u00e8cle restaur\u00e9e au XXIe si\u00e8cle en respectant l\u2019architecture et les mat\u00e9riaux nobles d\u2019origine","breadcrumb":{"@id":"https:\/\/casadelpoeta.es\/fr\/hotel-boutique\/#breadcrumb"},"inLanguage":"fr-FR","potentialAction":[{"@type":"ReadAction","target":["https:\/\/casadelpoeta.es\/fr\/hotel-boutique\/"]}]},{"@type":"BreadcrumbList","@id":"https:\/\/casadelpoeta.es\/fr\/hotel-boutique\/#breadcrumb","itemListElement":[{"@type":"ListItem","position":1,"name":"Portada","item":"https:\/\/casadelpoeta.es\/fr\/"},{"@type":"ListItem","position":2,"name":"H\u00f4tel Boutique S\u00e9ville"}]},{"@type":"WebSite","@id":"https:\/\/casadelpoeta.es\/#website","url":"https:\/\/casadelpoeta.es\/","name":"Hotel Boutique en el centro de Sevilla","description":"Casa del Poeta es un Hotel Boutique ubiccado en el Barrio de Santa Cruz, en pleno centro de Sevilla, Hotel con encanto con patio sevillano","potentialAction":[{"@type":"SearchAction","target":{"@type":"EntryPoint","urlTemplate":"https:\/\/casadelpoeta.es\/?s={search_term_string}"},"query-input":{"@type":"PropertyValueSpecification","valueRequired":true,"valueName":"search_term_string"}}],"inLanguage":"fr-FR"}]}},"_links":{"self":[{"href":"https:\/\/casadelpoeta.es\/fr\/wp-json\/wp\/v2\/pages\/737","targetHints":{"allow":["GET"]}}],"collection":[{"href":"https:\/\/casadelpoeta.es\/fr\/wp-json\/wp\/v2\/pages"}],"about":[{"href":"https:\/\/casadelpoeta.es\/fr\/wp-json\/wp\/v2\/types\/page"}],"author":[{"embeddable":true,"href":"https:\/\/casadelpoeta.es\/fr\/wp-json\/wp\/v2\/users\/1"}],"replies":[{"embeddable":true,"href":"https:\/\/casadelpoeta.es\/fr\/wp-json\/wp\/v2\/comments?post=737"}],"version-history":[{"count":7,"href":"https:\/\/casadelpoeta.es\/fr\/wp-json\/wp\/v2\/pages\/737\/revisions"}],"predecessor-version":[{"id":4408,"href":"https:\/\/casadelpoeta.es\/fr\/wp-json\/wp\/v2\/pages\/737\/revisions\/4408"}],"wp:attachment":[{"href":"https:\/\/casadelpoeta.es\/fr\/wp-json\/wp\/v2\/media?parent=737"}],"curies":[{"name":"wp","href":"https:\/\/api.w.org\/{rel}","templated":true}]}}