{"id":3192,"date":"2019-01-22T11:55:52","date_gmt":"2019-01-22T10:55:52","guid":{"rendered":"http:\/\/casadelpoeta.org\/chambres\/habitacion-superior-boutique\/"},"modified":"2026-01-26T13:12:29","modified_gmt":"2026-01-26T12:12:29","slug":"habitacion-superior-boutique","status":"publish","type":"page","link":"https:\/\/casadelpoeta.es\/fr\/chambres\/habitacion-superior-boutique\/","title":{"rendered":"Chambre Sup\u00e9rieure"},"content":{"rendered":"<div class=\"wpb-content-wrapper\"><p>[vc_row css_animation=\u00a0\u00bb\u00a0\u00bb row_type=\u00a0\u00bbrow\u00a0\u00bb use_row_as_full_screen_section=\u00a0\u00bbno\u00a0\u00bb type=\u00a0\u00bbfull_width\u00a0\u00bb angled_section=\u00a0\u00bbno\u00a0\u00bb text_align=\u00a0\u00bbleft\u00a0\u00bb background_image_as_pattern=\u00a0\u00bbwithout_pattern\u00a0\u00bb css=\u00a0\u00bb.vc_custom_1547588840317{padding-top: 4% !important;}\u00a0\u00bb z_index=\u00a0\u00bb\u00a0\u00bb][vc_column][qode_elements_holder number_of_columns=\u00a0\u00bbtwo_columns\u00a0\u00bb][qode_elements_holder_item vertical_alignment=\u00a0\u00bbmiddle\u00a0\u00bb advanced_animations=\u00a0\u00bbno\u00a0\u00bb background_color=\u00a0\u00bb#ffffff\u00a0\u00bb item_padding_600_768=\u00a0\u00bb13.7% 14.2% 10%\u00a0\u00bb item_padding_480_600=\u00a0\u00bb59px 10% 53px\u00a0\u00bb item_padding_480=\u00a0\u00bb59px 10% 53px\u00a0\u00bb][vc_gallery interval=\u00a0\u00bb3&Prime; images=\u00a0\u00bb2041,2042&Prime; img_size=\u00a0\u00bbfull\u00a0\u00bb css=\u00a0\u00bb\u00a0\u00bb][\/qode_elements_holder_item][qode_elements_holder_item vertical_alignment=\u00a0\u00bbmiddle\u00a0\u00bb advanced_animations=\u00a0\u00bbno\u00a0\u00bb item_padding=\u00a0\u00bb10% 37.1% 2% 23.3%\u00a0\u00bb item_padding_1280_1440=\u00a0\u00bb0 25.1% 2% 19.3%\u00a0\u00bb item_padding_1024_1280=\u00a0\u00bb0 23.1% 0 17.3%\u00a0\u00bb item_padding_768_1024=\u00a0\u00bb0 16.1% 0 11.3%\u00a0\u00bb item_padding_600_768=\u00a0\u00bb12% 25.5% 11.5%\u00a0\u00bb item_padding_480_600=\u00a0\u00bb54px 12% 40px\u00a0\u00bb item_padding_480=\u00a0\u00bb54px 12% 40px\u00a0\u00bb][vc_column_text]<\/p>\n<h2>\u00ab\u00a0Charmante chambre d\u00e9cor\u00e9e dans des tons chauds\u00a0\u00bb<\/h2>\n<p>[\/vc_column_text][vc_column_text css=\u00a0\u00bb.vc_custom_1715849466812{padding-top: 15% !important;}\u00a0\u00bb]Cette charmante chambre est d\u00e9cor\u00e9e dans des tons chauds, elle est unique dans notre h\u00f4tel. Elle poss\u00e8de un dressing spacieux avec un grand miroir. Elle se situe au dernier \u00e9tage ce qui lui procure une importante luminosit\u00e9.<\/p>\n<p>H\u00f4tel-boutique \u00e0 S\u00e9ville[\/vc_column_text][vc_empty_space height=\u00a0\u00bb14px\u00a0\u00bb]<div class=\"custom_font_holder \" style=\"font-family: Allura; font-style: normal; font-weight: 400; color: #1f1a15; text-decoration: none; text-align: left; --qode-cf-font-size: 38px; --qode-cf-line-height: 40px; --qode-cf-font-size-1440: 38px; --qode-cf-line-height-1440: 40px; --qode-cf-font-size-1366: 38px; --qode-cf-line-height-1366: 40px; --qode-cf-font-size-1280: 38px; --qode-cf-line-height-1280: 40px; --qode-cf-font-size-1024: 38px; --qode-cf-line-height-1024: 40px; --qode-cf-font-size-768: 38px; --qode-cf-line-height-768: 40px; --qode-cf-font-size-680: 38px; --qode-cf-line-height-680: 40px; --qode-cf-font-size-480: 38px; --qode-cf-line-height-480: 40px;\"><strong>Sup\u00e9rieure | 24 m2\u00a0<\/strong><\/div>[vc_column_text css=\u00a0\u00bb.vc_custom_1712736330228{padding-top: 5% !important;}\u00a0\u00bb]<a  itemprop=\"url\" href=\"https:\/\/casadelpoeta.es\/reservas\/\" target=\"_self\"  class=\"qbutton  default\" style=\"\">Reserver<\/a>[\/vc_column_text][\/qode_elements_holder_item][\/qode_elements_holder][\/vc_column][\/vc_row][vc_row css_animation=\u00a0\u00bb\u00a0\u00bb row_type=\u00a0\u00bbrow\u00a0\u00bb use_row_as_full_screen_section=\u00a0\u00bbno\u00a0\u00bb type=\u00a0\u00bbfull_width\u00a0\u00bb angled_section=\u00a0\u00bbno\u00a0\u00bb text_align=\u00a0\u00bbleft\u00a0\u00bb background_image_as_pattern=\u00a0\u00bbwithout_pattern\u00a0\u00bb][vc_column css=\u00a0\u00bb.vc_custom_1548154665646{padding-top: 5% !important;padding-bottom: 5% !important;}\u00a0\u00bb][vc_column_text]<\/p>\n<h2 class=\"title-room-facilites\" style=\"text-align: center;\">Ce que comprend la chambre :<\/h2>\n<p>[\/vc_column_text][qode_elements_holder number_of_columns=\u00a0\u00bbfour_columns\u00a0\u00bb][qode_elements_holder_item vertical_alignment=\u00a0\u00bbmiddle\u00a0\u00bb horizontal_alignment=\u00a0\u00bbleft\u00a0\u00bb advanced_animations=\u00a0\u00bbno\u00a0\u00bb item_padding=\u00a0\u00bb10% 10% 10% 15%\u00a0\u00bb][vc_column_text]<i class=\"fa fa-check\"><\/i> Eau min\u00e9rale gratuite<\/p>\n<p>Chauffage\/climatisation<\/p>\n<p>Machine \u00e0 caf\u00e9 \/ Th\u00e9i\u00e8re<\/p>\n<p>T\u00e9l\u00e9vision avec chaines satellites<\/p>\n<p>Mini-bar<\/p>\n<p>S\u00e8che-cheveux[\/vc_column_text][\/qode_elements_holder_item][qode_elements_holder_item vertical_alignment=\u00a0\u00bbmiddle\u00a0\u00bb horizontal_alignment=\u00a0\u00bbleft\u00a0\u00bb advanced_animations=\u00a0\u00bbno\u00a0\u00bb item_padding=\u00a0\u00bb10% 10% 10% 10%\u00a0\u00bb][vc_column_text]<i class=\"fa fa-check\"><\/i> Articles de toilette<\/p>\n<p>Coffre-fort<\/p>\n<p>T\u00e9l\u00e9phone<\/p>\n<p>Chaussons et peignoirs<\/p>\n<p>Connection WiFi[\/vc_column_text][\/qode_elements_holder_item][qode_elements_holder_item vertical_alignment=\u00a0\u00bbmiddle\u00a0\u00bb horizontal_alignment=\u00a0\u00bbleft\u00a0\u00bb advanced_animations=\u00a0\u00bbno\u00a0\u00bb item_padding=\u00a0\u00bb10% 10% 10% 10%\u00a0\u00bb][vc_column_text]<i class=\"fa fa-check\"><\/i> Draps en coton \u00e9gyptien<\/p>\n<p>Bouteilles d\u2019eau min\u00e9rale<\/p>\n<p>Choix de mati\u00e8re d\u2019oreillers[\/vc_column_text][\/qode_elements_holder_item][qode_elements_holder_item vertical_alignment=\u00a0\u00bbmiddle\u00a0\u00bb horizontal_alignment=\u00a0\u00bbleft\u00a0\u00bb advanced_animations=\u00a0\u00bbno\u00a0\u00bb item_padding=\u00a0\u00bb10% 10% 10% 10%\u00a0\u00bb][vc_column_text]<i class=\"fa fa-check\"><\/i> Lit Queen size ou twin sur demande<\/p>\n<p>Carrelage en pierre de travertin dans la salle de bain<\/p>\n<p>Vue sur le patio du 17\u00e8me si\u00e8cle[\/vc_column_text][\/qode_elements_holder_item][\/qode_elements_holder][\/vc_column][\/vc_row]<\/p>\n<\/div>","protected":false},"excerpt":{"rendered":"<p>[vc_row css_animation=\u00a0\u00bb\u00a0\u00bb row_type=\u00a0\u00bbrow\u00a0\u00bb use_row_as_full_screen_section=\u00a0\u00bbno\u00a0\u00bb type=\u00a0\u00bbfull_width\u00a0\u00bb angled_section=\u00a0\u00bbno\u00a0\u00bb text_align=\u00a0\u00bbleft\u00a0\u00bb background_image_as_pattern=\u00a0\u00bbwithout_pattern\u00a0\u00bb css=\u00a0\u00bb.vc_custom_1547588840317{padding-top: 4% !important;}\u00a0\u00bb z_index=\u00a0\u00bb\u00a0\u00bb][vc_column][qode_elements_holder number_of_columns=\u00a0\u00bbtwo_columns\u00a0\u00bb][qode_elements_holder_item vertical_alignment=\u00a0\u00bbmiddle\u00a0\u00bb advanced_animations=\u00a0\u00bbno\u00a0\u00bb background_color=\u00a0\u00bb#ffffff\u00a0\u00bb item_padding_600_768=\u00a0\u00bb13.7% 14.2% 10%\u00a0\u00bb item_padding_480_600=\u00a0\u00bb59px 10% 53px\u00a0\u00bb item_padding_480=\u00a0\u00bb59px 10% 53px\u00a0\u00bb][vc_gallery interval=\u00a0\u00bb3&Prime; images=\u00a0\u00bb2041,2042&Prime; img_size=\u00a0\u00bbfull\u00a0\u00bb css=\u00a0\u00bb\u00a0\u00bb][\/qode_elements_holder_item][qode_elements_holder_item vertical_alignment=\u00a0\u00bbmiddle\u00a0\u00bb advanced_animations=\u00a0\u00bbno\u00a0\u00bb item_padding=\u00a0\u00bb10% 37.1% 2% 23.3%\u00a0\u00bb item_padding_1280_1440=\u00a0\u00bb0 25.1% 2% 19.3%\u00a0\u00bb item_padding_1024_1280=\u00a0\u00bb0 23.1% 0 17.3%\u00a0\u00bb item_padding_768_1024=\u00a0\u00bb0 16.1%&#8230;<\/p>\n","protected":false},"author":1,"featured_media":0,"parent":765,"menu_order":0,"comment_status":"closed","ping_status":"closed","template":"full_width.php","meta":{"footnotes":""},"class_list":["post-3192","page","type-page","status-publish","hentry"],"yoast_head":"<!-- This site is optimized with the Yoast SEO Premium plugin v23.9 (Yoast SEO v27.4) - https:\/\/yoast.com\/product\/yoast-seo-premium-wordpress\/ -->\n<title>Chambre Sup\u00e9rieure - Hotel Boutique en el centro de Sevilla<\/title>\n<meta name=\"robots\" content=\"index, follow, max-snippet:-1, max-image-preview:large, max-video-preview:-1\" \/>\n<link rel=\"canonical\" href=\"https:\/\/casadelpoeta.es\/fr\/chambres\/habitacion-superior-boutique\/\" \/>\n<meta property=\"og:locale\" content=\"fr_FR\" \/>\n<meta property=\"og:type\" content=\"article\" \/>\n<meta property=\"og:title\" content=\"Chambre Sup\u00e9rieure\" \/>\n<meta property=\"og:description\" content=\"[vc_row css_animation=\u00a0\u00bb\u00a0\u00bb row_type=\u00a0\u00bbrow\u00a0\u00bb use_row_as_full_screen_section=\u00a0\u00bbno\u00a0\u00bb type=\u00a0\u00bbfull_width\u00a0\u00bb angled_section=\u00a0\u00bbno\u00a0\u00bb text_align=\u00a0\u00bbleft\u00a0\u00bb background_image_as_pattern=\u00a0\u00bbwithout_pattern\u00a0\u00bb css=\u00a0\u00bb.vc_custom_1547588840317{padding-top: 4% !important;}\u00a0\u00bb z_index=\u00a0\u00bb\u00a0\u00bb][vc_column][qode_elements_holder number_of_columns=\u00a0\u00bbtwo_columns\u00a0\u00bb][qode_elements_holder_item vertical_alignment=\u00a0\u00bbmiddle\u00a0\u00bb advanced_animations=\u00a0\u00bbno\u00a0\u00bb background_color=\u00a0\u00bb#ffffff\u00a0\u00bb item_padding_600_768=\u00a0\u00bb13.7% 14.2% 10%\u00a0\u00bb item_padding_480_600=\u00a0\u00bb59px 10% 53px\u00a0\u00bb item_padding_480=\u00a0\u00bb59px 10% 53px\u00a0\u00bb][vc_gallery interval=\u00a0\u00bb3&Prime; images=\u00a0\u00bb2041,2042&Prime; img_size=\u00a0\u00bbfull\u00a0\u00bb css=\u00a0\u00bb\u00a0\u00bb][\/qode_elements_holder_item][qode_elements_holder_item vertical_alignment=\u00a0\u00bbmiddle\u00a0\u00bb advanced_animations=\u00a0\u00bbno\u00a0\u00bb item_padding=\u00a0\u00bb10% 37.1% 2% 23.3%\u00a0\u00bb item_padding_1280_1440=\u00a0\u00bb0 25.1% 2% 19.3%\u00a0\u00bb item_padding_1024_1280=\u00a0\u00bb0 23.1% 0 17.3%\u00a0\u00bb item_padding_768_1024=\u00a0\u00bb0 16.1%...\" \/>\n<meta property=\"og:url\" content=\"https:\/\/casadelpoeta.es\/fr\/chambres\/habitacion-superior-boutique\/\" \/>\n<meta property=\"og:site_name\" content=\"Hotel Boutique en el centro de Sevilla\" \/>\n<meta property=\"article:modified_time\" content=\"2026-01-26T12:12:29+00:00\" \/>\n<meta name=\"twitter:label1\" content=\"Dur\u00e9e de lecture estim\u00e9e\" \/>\n\t<meta name=\"twitter:data1\" content=\"2 minutes\" \/>\n<script type=\"application\/ld+json\" class=\"yoast-schema-graph\">{\"@context\":\"https:\\\/\\\/schema.org\",\"@graph\":[{\"@type\":\"WebPage\",\"@id\":\"https:\\\/\\\/casadelpoeta.es\\\/fr\\\/chambres\\\/habitacion-superior-boutique\\\/\",\"url\":\"https:\\\/\\\/casadelpoeta.es\\\/fr\\\/chambres\\\/habitacion-superior-boutique\\\/\",\"name\":\"Chambre Sup\u00e9rieure - Hotel Boutique en el centro de Sevilla\",\"isPartOf\":{\"@id\":\"https:\\\/\\\/casadelpoeta.es\\\/#website\"},\"datePublished\":\"2019-01-22T10:55:52+00:00\",\"dateModified\":\"2026-01-26T12:12:29+00:00\",\"breadcrumb\":{\"@id\":\"https:\\\/\\\/casadelpoeta.es\\\/fr\\\/chambres\\\/habitacion-superior-boutique\\\/#breadcrumb\"},\"inLanguage\":\"fr-FR\",\"potentialAction\":[{\"@type\":\"ReadAction\",\"target\":[\"https:\\\/\\\/casadelpoeta.es\\\/fr\\\/chambres\\\/habitacion-superior-boutique\\\/\"]}]},{\"@type\":\"BreadcrumbList\",\"@id\":\"https:\\\/\\\/casadelpoeta.es\\\/fr\\\/chambres\\\/habitacion-superior-boutique\\\/#breadcrumb\",\"itemListElement\":[{\"@type\":\"ListItem\",\"position\":1,\"name\":\"Portada\",\"item\":\"https:\\\/\\\/casadelpoeta.es\\\/fr\\\/\"},{\"@type\":\"ListItem\",\"position\":2,\"name\":\"Chambres\",\"item\":\"https:\\\/\\\/casadelpoeta.es\\\/fr\\\/chambres\\\/\"},{\"@type\":\"ListItem\",\"position\":3,\"name\":\"Chambre Sup\u00e9rieure\"}]},{\"@type\":\"WebSite\",\"@id\":\"https:\\\/\\\/casadelpoeta.es\\\/#website\",\"url\":\"https:\\\/\\\/casadelpoeta.es\\\/\",\"name\":\"Hotel Boutique en el centro de Sevilla\",\"description\":\"Casa del Poeta es un Hotel Boutique ubiccado en el Barrio de Santa Cruz, en pleno centro de Sevilla, Hotel con encanto con patio sevillano\",\"potentialAction\":[{\"@type\":\"SearchAction\",\"target\":{\"@type\":\"EntryPoint\",\"urlTemplate\":\"https:\\\/\\\/casadelpoeta.es\\\/?s={search_term_string}\"},\"query-input\":{\"@type\":\"PropertyValueSpecification\",\"valueRequired\":true,\"valueName\":\"search_term_string\"}}],\"inLanguage\":\"fr-FR\"}]}<\/script>\n<!-- \/ Yoast SEO Premium plugin. -->","yoast_head_json":{"title":"Chambre Sup\u00e9rieure - Hotel Boutique en el centro de Sevilla","robots":{"index":"index","follow":"follow","max-snippet":"max-snippet:-1","max-image-preview":"max-image-preview:large","max-video-preview":"max-video-preview:-1"},"canonical":"https:\/\/casadelpoeta.es\/fr\/chambres\/habitacion-superior-boutique\/","og_locale":"fr_FR","og_type":"article","og_title":"Chambre Sup\u00e9rieure","og_description":"[vc_row css_animation=\u00a0\u00bb\u00a0\u00bb row_type=\u00a0\u00bbrow\u00a0\u00bb use_row_as_full_screen_section=\u00a0\u00bbno\u00a0\u00bb type=\u00a0\u00bbfull_width\u00a0\u00bb angled_section=\u00a0\u00bbno\u00a0\u00bb text_align=\u00a0\u00bbleft\u00a0\u00bb background_image_as_pattern=\u00a0\u00bbwithout_pattern\u00a0\u00bb css=\u00a0\u00bb.vc_custom_1547588840317{padding-top: 4% !important;}\u00a0\u00bb z_index=\u00a0\u00bb\u00a0\u00bb][vc_column][qode_elements_holder number_of_columns=\u00a0\u00bbtwo_columns\u00a0\u00bb][qode_elements_holder_item vertical_alignment=\u00a0\u00bbmiddle\u00a0\u00bb advanced_animations=\u00a0\u00bbno\u00a0\u00bb background_color=\u00a0\u00bb#ffffff\u00a0\u00bb item_padding_600_768=\u00a0\u00bb13.7% 14.2% 10%\u00a0\u00bb item_padding_480_600=\u00a0\u00bb59px 10% 53px\u00a0\u00bb item_padding_480=\u00a0\u00bb59px 10% 53px\u00a0\u00bb][vc_gallery interval=\u00a0\u00bb3&Prime; images=\u00a0\u00bb2041,2042&Prime; img_size=\u00a0\u00bbfull\u00a0\u00bb css=\u00a0\u00bb\u00a0\u00bb][\/qode_elements_holder_item][qode_elements_holder_item vertical_alignment=\u00a0\u00bbmiddle\u00a0\u00bb advanced_animations=\u00a0\u00bbno\u00a0\u00bb item_padding=\u00a0\u00bb10% 37.1% 2% 23.3%\u00a0\u00bb item_padding_1280_1440=\u00a0\u00bb0 25.1% 2% 19.3%\u00a0\u00bb item_padding_1024_1280=\u00a0\u00bb0 23.1% 0 17.3%\u00a0\u00bb item_padding_768_1024=\u00a0\u00bb0 16.1%...","og_url":"https:\/\/casadelpoeta.es\/fr\/chambres\/habitacion-superior-boutique\/","og_site_name":"Hotel Boutique en el centro de Sevilla","article_modified_time":"2026-01-26T12:12:29+00:00","twitter_misc":{"Dur\u00e9e de lecture estim\u00e9e":"2 minutes"},"schema":{"@context":"https:\/\/schema.org","@graph":[{"@type":"WebPage","@id":"https:\/\/casadelpoeta.es\/fr\/chambres\/habitacion-superior-boutique\/","url":"https:\/\/casadelpoeta.es\/fr\/chambres\/habitacion-superior-boutique\/","name":"Chambre Sup\u00e9rieure - Hotel Boutique en el centro de Sevilla","isPartOf":{"@id":"https:\/\/casadelpoeta.es\/#website"},"datePublished":"2019-01-22T10:55:52+00:00","dateModified":"2026-01-26T12:12:29+00:00","breadcrumb":{"@id":"https:\/\/casadelpoeta.es\/fr\/chambres\/habitacion-superior-boutique\/#breadcrumb"},"inLanguage":"fr-FR","potentialAction":[{"@type":"ReadAction","target":["https:\/\/casadelpoeta.es\/fr\/chambres\/habitacion-superior-boutique\/"]}]},{"@type":"BreadcrumbList","@id":"https:\/\/casadelpoeta.es\/fr\/chambres\/habitacion-superior-boutique\/#breadcrumb","itemListElement":[{"@type":"ListItem","position":1,"name":"Portada","item":"https:\/\/casadelpoeta.es\/fr\/"},{"@type":"ListItem","position":2,"name":"Chambres","item":"https:\/\/casadelpoeta.es\/fr\/chambres\/"},{"@type":"ListItem","position":3,"name":"Chambre Sup\u00e9rieure"}]},{"@type":"WebSite","@id":"https:\/\/casadelpoeta.es\/#website","url":"https:\/\/casadelpoeta.es\/","name":"Hotel Boutique en el centro de Sevilla","description":"Casa del Poeta es un Hotel Boutique ubiccado en el Barrio de Santa Cruz, en pleno centro de Sevilla, Hotel con encanto con patio sevillano","potentialAction":[{"@type":"SearchAction","target":{"@type":"EntryPoint","urlTemplate":"https:\/\/casadelpoeta.es\/?s={search_term_string}"},"query-input":{"@type":"PropertyValueSpecification","valueRequired":true,"valueName":"search_term_string"}}],"inLanguage":"fr-FR"}]}},"_links":{"self":[{"href":"https:\/\/casadelpoeta.es\/fr\/wp-json\/wp\/v2\/pages\/3192","targetHints":{"allow":["GET"]}}],"collection":[{"href":"https:\/\/casadelpoeta.es\/fr\/wp-json\/wp\/v2\/pages"}],"about":[{"href":"https:\/\/casadelpoeta.es\/fr\/wp-json\/wp\/v2\/types\/page"}],"author":[{"embeddable":true,"href":"https:\/\/casadelpoeta.es\/fr\/wp-json\/wp\/v2\/users\/1"}],"replies":[{"embeddable":true,"href":"https:\/\/casadelpoeta.es\/fr\/wp-json\/wp\/v2\/comments?post=3192"}],"version-history":[{"count":8,"href":"https:\/\/casadelpoeta.es\/fr\/wp-json\/wp\/v2\/pages\/3192\/revisions"}],"predecessor-version":[{"id":4743,"href":"https:\/\/casadelpoeta.es\/fr\/wp-json\/wp\/v2\/pages\/3192\/revisions\/4743"}],"up":[{"embeddable":true,"href":"https:\/\/casadelpoeta.es\/fr\/wp-json\/wp\/v2\/pages\/765"}],"wp:attachment":[{"href":"https:\/\/casadelpoeta.es\/fr\/wp-json\/wp\/v2\/media?parent=3192"}],"curies":[{"name":"wp","href":"https:\/\/api.w.org\/{rel}","templated":true}]}}