{"id":1460,"date":"2017-11-10T13:41:09","date_gmt":"2017-11-10T12:41:09","guid":{"rendered":"https:\/\/casadelpoeta.org\/fr\/luxury-casa-del-poeta-apartment\/"},"modified":"2020-01-11T19:36:14","modified_gmt":"2020-01-11T18:36:14","slug":"luxury-casa-del-poeta-appartement","status":"publish","type":"page","link":"https:\/\/casadelpoeta.es\/fr\/luxury-casa-del-poeta-appartement\/","title":{"rendered":"Luxury Casa del Poeta Appartement"},"content":{"rendered":"<div class=\"wpb-content-wrapper\"><p>[vc_row css_animation=\u00a0\u00bb\u00a0\u00bb row_type=\u00a0\u00bbrow\u00a0\u00bb use_row_as_full_screen_section=\u00a0\u00bbno\u00a0\u00bb type=\u00a0\u00bbfull_width\u00a0\u00bb angled_section=\u00a0\u00bbno\u00a0\u00bb text_align=\u00a0\u00bbleft\u00a0\u00bb background_image_as_pattern=\u00a0\u00bbwithout_pattern\u00a0\u00bb][vc_column]\n\t\t\t<!-- START apartamentos boutique sevilla REVOLUTION SLIDER 6.7.34 --><p class=\"rs-p-wp-fix\"><\/p>\n\t\t\t<rs-module-wrap id=\"rev_slider_4_1_wrapper\" data-source=\"gallery\" style=\"visibility:hidden;background:transparent;padding:0;\">\n\t\t\t\t<rs-module id=\"rev_slider_4_1\" style=\"\" data-version=\"6.7.34\">\n\t\t\t\t\t<rs-slides style=\"overflow: hidden; position: absolute;\">\n\t\t\t\t\t\t<rs-slide style=\"position: absolute;\" data-key=\"rs-11\" data-title=\"Slide\" data-anim=\"adpr:false;\">\n\t\t\t\t\t\t\t<img decoding=\"async\" src=\"\/\/casadelpoeta.es\/wp-content\/plugins\/revslider\/sr6\/assets\/assets\/dummy.png\" alt=\"\" title=\"Luxury Casa del Poeta Appartement\" class=\"rev-slidebg tp-rs-img rs-lazyload\" data-lazyload=\"\/\/casadelpoeta.es\/wp-content\/uploads\/2019\/01\/apartamentos-de-lujo-boutique-sevilla-1400-1.jpg\" data-parallax=\"9\" data-no-retina>\n<!---->\t\t\t\t\t<\/rs-slide>\n\t\t\t\t\t<\/rs-slides>\n\t\t\t\t\t<rs-static-layers class=\"rs-stl-visible\"><!--\n\n\t\t\t\t\t\t\t--><rs-layer\n\t\t\t\t\t\t\t\tid=\"slider-4-slide-4-layer-10\" \n\t\t\t\t\t\t\t\tclass=\"rs-layer-static\"\n\t\t\t\t\t\t\t\tdata-type=\"text\"\n\t\t\t\t\t\t\t\tdata-color=\"#180d09||#ffffff||#ffffff||#ffffff\"\n\t\t\t\t\t\t\t\tdata-rsp_ch=\"on\"\n\t\t\t\t\t\t\t\tdata-xy=\"xo:116px,88px,88px,24px;y:m;yo:-125px,-127px,-127px,-70px;\"\n\t\t\t\t\t\t\t\tdata-text=\"s:91,91,91,65;l:74;ls:-4px;fw:600;a:inherit;\"\n\t\t\t\t\t\t\t\tdata-basealign=\"slide\"\n\t\t\t\t\t\t\t\tdata-onslides=\"s:1;\"\n\t\t\t\t\t\t\t\tdata-frame_0=\"x:50px;tp:600;\"\n\t\t\t\t\t\t\t\tdata-frame_1=\"tp:600;e:power4.out;st:300;sp:500;sR:300;\"\n\t\t\t\t\t\t\t\tdata-frame_999=\"o:0;tp:600;st:w;sR:3200;\"\n\t\t\t\t\t\t\t\tstyle=\"z-index:5;font-family:'Work Sans';\"\n\t\t\t\t\t\t\t>Apartments \n\t\t\t\t\t\t\t<\/rs-layer><!--\n\n\t\t\t\t\t\t\t--><rs-layer\n\t\t\t\t\t\t\t\tid=\"slider-4-slide-4-layer-11\" \n\t\t\t\t\t\t\t\tclass=\"rs-layer-static\"\n\t\t\t\t\t\t\t\tdata-type=\"text\"\n\t\t\t\t\t\t\t\tdata-color=\"#180d09||#ffffff||#ffffff||#ffffff\"\n\t\t\t\t\t\t\t\tdata-rsp_ch=\"on\"\n\t\t\t\t\t\t\t\tdata-xy=\"xo:117px,88px,88px,24px;y:m;yo:-211px,-49px,-49px,-8px;\"\n\t\t\t\t\t\t\t\tdata-text=\"s:91,91,91,65;l:74;ls:-4px;fw:600;a:inherit;\"\n\t\t\t\t\t\t\t\tdata-basealign=\"slide\"\n\t\t\t\t\t\t\t\tdata-onslides=\"s:1;\"\n\t\t\t\t\t\t\t\tdata-frame_0=\"x:50px;tp:600;\"\n\t\t\t\t\t\t\t\tdata-frame_1=\"tp:600;e:power4.out;st:500;sp:500;sR:500;\"\n\t\t\t\t\t\t\t\tdata-frame_999=\"o:0;tp:600;st:w;sR:3000;\"\n\t\t\t\t\t\t\t\tstyle=\"z-index:6;font-family:'Work Sans';\"\n\t\t\t\t\t\t\t>Deluxe \n\t\t\t\t\t\t\t<\/rs-layer><!--\n\n\t\t\t\t\t\t\t--><rs-layer\n\t\t\t\t\t\t\t\tid=\"slider-4-slide-4-layer-13\" \n\t\t\t\t\t\t\t\tclass=\"rs-layer-static\"\n\t\t\t\t\t\t\t\tdata-type=\"text\"\n\t\t\t\t\t\t\t\tdata-color=\"#180d09||#ffffff||#ffffff||#ffffff\"\n\t\t\t\t\t\t\t\tdata-rsp_ch=\"on\"\n\t\t\t\t\t\t\t\tdata-xy=\"xo:117px,88px,88px,24px;y:m;yo:-32px,29px,29px,55px;\"\n\t\t\t\t\t\t\t\tdata-text=\"s:91,91,91,65;l:74;ls:-2px,-4px,-4px,-4px;fw:600;a:inherit;\"\n\t\t\t\t\t\t\t\tdata-basealign=\"slide\"\n\t\t\t\t\t\t\t\tdata-onslides=\"s:1;\"\n\t\t\t\t\t\t\t\tdata-frame_0=\"x:50px;tp:600;\"\n\t\t\t\t\t\t\t\tdata-frame_1=\"tp:600;e:power4.out;st:700;sp:500;sR:700;\"\n\t\t\t\t\t\t\t\tdata-frame_999=\"o:0;tp:600;st:w;sR:2800;\"\n\t\t\t\t\t\t\t\tstyle=\"z-index:7;font-family:'Work Sans';\"\n\t\t\t\t\t\t\t>Casa del Poeta \n\t\t\t\t\t\t\t<\/rs-layer><!--\n\n\t\t\t\t\t\t\t--><rs-layer\n\t\t\t\t\t\t\t\tid=\"slider-4-slide-4-layer-14\" \n\t\t\t\t\t\t\t\tclass=\"rs-layer-static\"\n\t\t\t\t\t\t\t\tdata-type=\"text\"\n\t\t\t\t\t\t\t\tdata-color=\"#180d09||#ffffff||#ffffff||#ffffff\"\n\t\t\t\t\t\t\t\tdata-rsp_ch=\"on\"\n\t\t\t\t\t\t\t\tdata-xy=\"xo:115px,88px,88px,29px;y:m;yo:68px,112px,112px,112px;\"\n\t\t\t\t\t\t\t\tdata-text=\"s:72,72,72,45;l:80,80,80,55;a:inherit;\"\n\t\t\t\t\t\t\t\tdata-basealign=\"slide\"\n\t\t\t\t\t\t\t\tdata-onslides=\"s:1;\"\n\t\t\t\t\t\t\t\tdata-frame_0=\"x:50px;tp:600;\"\n\t\t\t\t\t\t\t\tdata-frame_1=\"tp:600;e:power4.out;st:900;sp:500;sR:900;\"\n\t\t\t\t\t\t\t\tdata-frame_999=\"o:0;tp:600;st:w;sR:2600;\"\n\t\t\t\t\t\t\t\tstyle=\"z-index:8;font-family:'Allura';\"\n\t\t\t\t\t\t\t>Seville \n\t\t\t\t\t\t\t<\/rs-layer><!--\n\t\t\t\t\t--><\/rs-static-layers>\n\t\t\t\t<\/rs-module>\n\t\t\t\t<script>\n\t\t\t\t\tsetREVStartSize({c: 'rev_slider_4_1',rl:[1240,1024,778,480],el:[],gw:[1920,1100,778,480],gh:[1100,768,960,720],type:'standard',justify:'',layout:'fullscreen',offsetContainer:'',offset:'',mh:\"0\"});if (window.RS_MODULES!==undefined && window.RS_MODULES.modules!==undefined && window.RS_MODULES.modules[\"revslider41\"]!==undefined) {window.RS_MODULES.modules[\"revslider41\"].once = false;window.revapi4 = undefined;if (window.RS_MODULES.checkMinimal!==undefined) window.RS_MODULES.checkMinimal()}\n\t\t\t\t<\/script>\n\t\t\t<\/rs-module-wrap>\n\t\t\t<!-- END REVOLUTION SLIDER -->\n[\/vc_column][\/vc_row][vc_row css_animation=\u00a0\u00bb\u00a0\u00bb row_type=\u00a0\u00bbrow\u00a0\u00bb use_row_as_full_screen_section=\u00a0\u00bbno\u00a0\u00bb type=\u00a0\u00bbgrid\u00a0\u00bb angled_section=\u00a0\u00bbno\u00a0\u00bb text_align=\u00a0\u00bbleft\u00a0\u00bb background_image_as_pattern=\u00a0\u00bbwithout_pattern\u00a0\u00bb z_index=\u00a0\u00bb\u00a0\u00bb css=\u00a0\u00bb.vc_custom_1547577891424{padding-top: 8% !important;}\u00a0\u00bb][vc_column width=\u00a0\u00bb1\/2&Prime;][vc_single_image image=\u00a0\u00bb1897&Prime; img_size=\u00a0\u00bbfull\u00a0\u00bb qode_css_animation=\u00a0\u00bb\u00a0\u00bb][\/vc_column][vc_column width=\u00a0\u00bb1\/2&Prime; css=\u00a0\u00bb.vc_custom_1548193127583{padding-top: 4% !important;}\u00a0\u00bb][vc_column_text]<\/p>\n<h2>Design et Confort<\/h2>\n<p>[\/vc_column_text][vc_empty_space height=\u00a0\u00bb48px\u00a0\u00bb][vc_column_text]Immerg\u00e9 dans le vieux quartier juif quelques pas de la synagogue du\u00a0<strong>Barrio de Santa Cruz<\/strong>\u00a0se trouvent notre\u00a0<strong>appartement de luxe.<\/strong><\/p>\n<p>Il est situ\u00e9 \u00e0 <strong>seulement 200 m\u00e8tres de notre b\u00e2timent<\/strong> principal et<strong>\u00a0300 m\u00e8tres de monuments majeurs<\/strong>, comme la\u00a0<strong>cath\u00e9drale<\/strong>\u00a0avec la tour \u00ab\u00a0<strong>Giralda<\/strong>\u00a0\u00bb (patrimoine mondial de l\u2019UNESCO), le Real Alc\u00e0zar, Jardines de Murillo, Archivo de Indias, Casa Pilatos, et bien d\u2019autres. L\u2019appartement est tr\u00e8s bien situ\u00e9 au c\u0153ur de S\u00e9ville<\/p>\n<p>Cet appartement de\u00a0<strong>125 m\u00e8tres<\/strong>\u00a0carr\u00e9s est \u00e9quip\u00e9 des services suivants\u00a0:<\/p>\n<ul>\n<li><strong>Ascenseur<\/strong>\u00a0(acc\u00e8s pour personnes \u00e0 mobilit\u00e9 r\u00e9duite)<\/li>\n<li><strong>Parquet<\/strong>\u00a0bois\u00e9<\/li>\n<li><strong>WiFi<\/strong>\u00a0gratuit<\/li>\n<li><strong>T\u00e9l\u00e9phone<\/strong>\u00a0(appels locaux gratuits)<\/li>\n<li><strong>Nettoyage<\/strong>\u00a0quotidien de l\u2019appartement<\/li>\n<li><strong>Lave-linge,<\/strong>\u00a0table et fer \u00e0 repasser<\/li>\n<\/ul>\n<p>[\/vc_column_text][vc_empty_space height=\u00a0\u00bb42px\u00a0\u00bb][vc_column_text]<\/p>\n<p style=\"text-align: center;\"><strong>Contactez nous pour r\u00e9server:\u00a0<\/strong><strong>Par telephone:\u00a0<\/strong><a>0034 954213868<\/a>\u00a0 \u00a0<strong>\/\/ Per email:\u00a0<\/strong><a>Info@casadelpoeta.es<\/a><\/p>\n<p>[\/vc_column_text][\/vc_column][\/vc_row][vc_row css_animation=\u00a0\u00bb\u00a0\u00bb row_type=\u00a0\u00bbrow\u00a0\u00bb use_row_as_full_screen_section=\u00a0\u00bbno\u00a0\u00bb type=\u00a0\u00bbgrid\u00a0\u00bb angled_section=\u00a0\u00bbno\u00a0\u00bb text_align=\u00a0\u00bbleft\u00a0\u00bb background_image_as_pattern=\u00a0\u00bbwithout_pattern\u00a0\u00bb z_index=\u00a0\u00bb\u00a0\u00bb css=\u00a0\u00bb.vc_custom_1547577591094{padding-top: 8% !important;}\u00a0\u00bb][vc_column width=\u00a0\u00bb1\/2&Prime;][vc_column_text]<\/p>\n<h2>Chambre principale :<\/h2>\n<p>[\/vc_column_text][vc_empty_space][vc_column_text]<\/p>\n<ul>\n<li><strong>Lit king size<\/strong>\u00a0s\u00e9parable<\/li>\n<li><strong>Lampe<\/strong>\u00a0de chevet<\/li>\n<li><strong>Smart TV<\/strong>\u00a042 cha\u00eenes<\/li>\n<li><strong>Deux balcons<\/strong>\u00a0avec isolation sonore<\/li>\n<li><strong>Armoire<\/strong>\u00a0encastr\u00e9e<\/li>\n<li>Literie en coton<strong>\u00a0d\u2019\u00c9gypte<\/strong><\/li>\n<li><strong>Salle de bain\u00a0<\/strong>:\n<ul>\n<li>Grande douche<\/li>\n<li>Bidet<\/li>\n<li>Double lavabo<\/li>\n<li>Serviettes de bain et commodit\u00e9s<\/li>\n<li>S\u00e8che-cheveux<\/li>\n<li>Peignoir sur demande<\/li>\n<\/ul>\n<\/li>\n<li><strong>Lit-b\u00e9b\u00e9<\/strong>\u00a0sur demande<\/li>\n<\/ul>\n<p>[\/vc_column_text][\/vc_column][vc_column width=\u00a0\u00bb1\/2&Prime; css=\u00a0\u00bb.vc_custom_1547576812340{padding-top: 10% !important;}\u00a0\u00bb][vc_single_image image=\u00a0\u00bb1922&Prime; img_size=\u00a0\u00bbfull\u00a0\u00bb alignment=\u00a0\u00bbcenter\u00a0\u00bb qode_css_animation=\u00a0\u00bb\u00a0\u00bb][\/vc_column][\/vc_row][vc_row css_animation=\u00a0\u00bb\u00a0\u00bb row_type=\u00a0\u00bbrow\u00a0\u00bb use_row_as_full_screen_section=\u00a0\u00bbno\u00a0\u00bb type=\u00a0\u00bbgrid\u00a0\u00bb angled_section=\u00a0\u00bbno\u00a0\u00bb text_align=\u00a0\u00bbleft\u00a0\u00bb background_image_as_pattern=\u00a0\u00bbwithout_pattern\u00a0\u00bb z_index=\u00a0\u00bb\u00a0\u00bb css=\u00a0\u00bb.vc_custom_1547577913795{padding-top: 5% !important;}\u00a0\u00bb][vc_column width=\u00a0\u00bb1\/2&Prime; css=\u00a0\u00bb.vc_custom_1548193354682{padding-top: 16% !important;}\u00a0\u00bb][vc_gallery interval=\u00a0\u00bb3&Prime; images=\u00a0\u00bb1926,1927,1928&Prime; img_size=\u00a0\u00bbfull\u00a0\u00bb][\/vc_column][vc_column width=\u00a0\u00bb1\/2&Prime; css=\u00a0\u00bb.vc_custom_1547577235864{padding-top: 15% !important;padding-left: 15% !important;}\u00a0\u00bb][vc_column_text]<\/p>\n<h2>Deuxi\u00e8me chambre:<\/h2>\n<p>[\/vc_column_text][vc_empty_space height=\u00a0\u00bb12px\u00a0\u00bb][vc_column_text]<\/p>\n<ul>\n<li><strong>Lit queen size<\/strong>\u00a0s\u00e9parable<\/li>\n<li><strong>Lampe<\/strong>\u00a0de chevet<\/li>\n<li><strong>Smart TV 42<\/strong>\u00a0cha\u00eenes<\/li>\n<li><strong>Climatisation<\/strong>\u00a0individuelle<\/li>\n<li><strong>Armoire<\/strong>\u00a0encastr\u00e9e<\/li>\n<li>Literie en coton\u00a0<strong>d\u2019\u00c9gypte<\/strong><\/li>\n<\/ul>\n<p>[\/vc_column_text][vc_empty_space height=\u00a0\u00bb22px\u00a0\u00bb][vc_column_text]<\/p>\n<h2>Salon:<\/h2>\n<p>[\/vc_column_text][vc_empty_space height=\u00a0\u00bb12px\u00a0\u00bb][vc_column_text]<\/p>\n<ul>\n<li><strong>Smart TV<\/strong>\u00a052 cha\u00eenes<\/li>\n<li><strong>Bureau<\/strong><\/li>\n<li><strong>Canap\u00e9-lit<\/strong><\/li>\n<li><strong>Deux balcons<\/strong>\u00a0avec isolation sonore<\/li>\n<li><strong>Climatisation<\/strong>\u00a0individuelle<\/li>\n<\/ul>\n<p>[\/vc_column_text][\/vc_column][\/vc_row][vc_row css_animation=\u00a0\u00bb\u00a0\u00bb row_type=\u00a0\u00bbrow\u00a0\u00bb use_row_as_full_screen_section=\u00a0\u00bbno\u00a0\u00bb type=\u00a0\u00bbgrid\u00a0\u00bb angled_section=\u00a0\u00bbno\u00a0\u00bb text_align=\u00a0\u00bbleft\u00a0\u00bb background_image_as_pattern=\u00a0\u00bbwithout_pattern\u00a0\u00bb z_index=\u00a0\u00bb\u00a0\u00bb css=\u00a0\u00bb.vc_custom_1548193412194{padding-top: 5% !important;padding-bottom: 5% !important;}\u00a0\u00bb][vc_column width=\u00a0\u00bb1\/2&Prime; css=\u00a0\u00bb.vc_custom_1547577606407{padding-right: 10% !important;padding-left: 10% !important;}\u00a0\u00bb][vc_column_text]<\/p>\n<h2>Salle de bain:<\/h2>\n<p>[\/vc_column_text][vc_empty_space height=\u00a0\u00bb12px\u00a0\u00bb][vc_column_text]<\/p>\n<h3><\/h3>\n<ul>\n<li>Douche<\/li>\n<li>Lavabo<\/li>\n<li><strong>Serviettes de bain<\/strong>\u00a0et commodit\u00e9s<\/li>\n<\/ul>\n<p>[\/vc_column_text][vc_empty_space height=\u00a0\u00bb22px\u00a0\u00bb][vc_column_text]<\/p>\n<h2>Cuisine :<\/h2>\n<p>[\/vc_column_text][vc_empty_space height=\u00a0\u00bb12px\u00a0\u00bb][vc_column_text]<\/p>\n<ul>\n<li><strong>Vitroceramic<\/strong> hob<\/li>\n<li><strong>Microwave<\/strong> oven<\/li>\n<li><strong>Kettle<\/strong> with infusions<\/li>\n<li>Coffee pot <strong>Nespresso<\/strong> with capsules<\/li>\n<li>Seasonal fresh <strong>fruit<\/strong><\/li>\n<li><strong>Fridge<\/strong><\/li>\n<li><strong>Washing<\/strong> machine<\/li>\n<li><strong>Dryer<\/strong><\/li>\n<li><strong>Balcony<\/strong><\/li>\n<li>Individual<strong> air-conditioning<\/strong><\/li>\n<\/ul>\n<p>[\/vc_column_text][\/vc_column][vc_column width=\u00a0\u00bb1\/2&Prime;][vc_gallery interval=\u00a0\u00bb3&Prime; images=\u00a0\u00bb1933,1932,1931&Prime; img_size=\u00a0\u00bbfull\u00a0\u00bb css=\u00a0\u00bb.vc_custom_1548193385332{padding-top: 6% !important;}\u00a0\u00bb][\/vc_column][\/vc_row]<\/p>\n<\/div>","protected":false},"excerpt":{"rendered":"<p>[vc_row css_animation=\u00a0\u00bb\u00a0\u00bb row_type=\u00a0\u00bbrow\u00a0\u00bb use_row_as_full_screen_section=\u00a0\u00bbno\u00a0\u00bb type=\u00a0\u00bbfull_width\u00a0\u00bb angled_section=\u00a0\u00bbno\u00a0\u00bb text_align=\u00a0\u00bbleft\u00a0\u00bb background_image_as_pattern=\u00a0\u00bbwithout_pattern\u00a0\u00bb][vc_column][\/vc_column][\/vc_row][vc_row css_animation=\u00a0\u00bb\u00a0\u00bb row_type=\u00a0\u00bbrow\u00a0\u00bb use_row_as_full_screen_section=\u00a0\u00bbno\u00a0\u00bb type=\u00a0\u00bbgrid\u00a0\u00bb angled_section=\u00a0\u00bbno\u00a0\u00bb text_align=\u00a0\u00bbleft\u00a0\u00bb background_image_as_pattern=\u00a0\u00bbwithout_pattern\u00a0\u00bb z_index=\u00a0\u00bb\u00a0\u00bb css=\u00a0\u00bb.vc_custom_1547577891424{padding-top: 8% !important;}\u00a0\u00bb][vc_column width=\u00a0\u00bb1\/2&Prime;][vc_single_image image=\u00a0\u00bb1897&Prime; img_size=\u00a0\u00bbfull\u00a0\u00bb qode_css_animation=\u00a0\u00bb\u00a0\u00bb][\/vc_column][vc_column width=\u00a0\u00bb1\/2&Prime; css=\u00a0\u00bb.vc_custom_1548193127583{padding-top: 4% !important;}\u00a0\u00bb][vc_column_text] Design et Confort [\/vc_column_text][vc_empty_space height=\u00a0\u00bb48px\u00a0\u00bb][vc_column_text]Immerg\u00e9 dans le vieux quartier juif quelques pas de la synagogue du\u00a0Barrio de Santa&#8230;<\/p>\n","protected":false},"author":1,"featured_media":0,"parent":0,"menu_order":4,"comment_status":"closed","ping_status":"closed","template":"full_width.php","meta":{"footnotes":""},"class_list":["post-1460","page","type-page","status-publish","hentry"],"yoast_head":"<!-- This site is optimized with the Yoast SEO Premium plugin v23.9 (Yoast SEO v27.5) - https:\/\/yoast.com\/product\/yoast-seo-premium-wordpress\/ -->\n<title>Luxury Appartement Seville - Casa del Poeta Appartement<\/title>\n<meta name=\"description\" content=\"Luxury Appartement dans Seville. Appartement immerg\u00e9 du Barrio de Santa Cruz. Situ\u00e9 a 300 m\u00e8tres de monuments majeurs: Cath\u00e9drale et Giralda\u00a0\" \/>\n<meta name=\"robots\" content=\"index, follow, max-snippet:-1, max-image-preview:large, max-video-preview:-1\" \/>\n<link rel=\"canonical\" href=\"https:\/\/casadelpoeta.es\/fr\/luxury-casa-del-poeta-appartement\/\" \/>\n<meta property=\"og:locale\" content=\"fr_FR\" \/>\n<meta property=\"og:type\" content=\"article\" \/>\n<meta property=\"og:title\" content=\"Luxury Casa del Poeta Appartement\" \/>\n<meta property=\"og:description\" content=\"Luxury Appartement dans Seville. Appartement immerg\u00e9 du Barrio de Santa Cruz. Situ\u00e9 a 300 m\u00e8tres de monuments majeurs: Cath\u00e9drale et Giralda\u00a0\" \/>\n<meta property=\"og:url\" content=\"https:\/\/casadelpoeta.es\/fr\/luxury-casa-del-poeta-appartement\/\" \/>\n<meta property=\"og:site_name\" content=\"Hotel Boutique en el centro de Sevilla\" \/>\n<meta property=\"article:modified_time\" content=\"2020-01-11T18:36:14+00:00\" \/>\n<meta name=\"twitter:label1\" content=\"Dur\u00e9e de lecture estim\u00e9e\" \/>\n\t<meta name=\"twitter:data1\" content=\"3 minutes\" \/>\n<script type=\"application\/ld+json\" class=\"yoast-schema-graph\">{\"@context\":\"https:\\\/\\\/schema.org\",\"@graph\":[{\"@type\":\"WebPage\",\"@id\":\"https:\\\/\\\/casadelpoeta.es\\\/fr\\\/luxury-casa-del-poeta-appartement\\\/\",\"url\":\"https:\\\/\\\/casadelpoeta.es\\\/fr\\\/luxury-casa-del-poeta-appartement\\\/\",\"name\":\"Luxury Appartement Seville - Casa del Poeta Appartement\",\"isPartOf\":{\"@id\":\"https:\\\/\\\/casadelpoeta.es\\\/#website\"},\"datePublished\":\"2017-11-10T12:41:09+00:00\",\"dateModified\":\"2020-01-11T18:36:14+00:00\",\"description\":\"Luxury Appartement dans Seville. Appartement immerg\u00e9 du Barrio de Santa Cruz. Situ\u00e9 a 300 m\u00e8tres de monuments majeurs: Cath\u00e9drale et Giralda\u00a0\",\"breadcrumb\":{\"@id\":\"https:\\\/\\\/casadelpoeta.es\\\/fr\\\/luxury-casa-del-poeta-appartement\\\/#breadcrumb\"},\"inLanguage\":\"fr-FR\",\"potentialAction\":[{\"@type\":\"ReadAction\",\"target\":[\"https:\\\/\\\/casadelpoeta.es\\\/fr\\\/luxury-casa-del-poeta-appartement\\\/\"]}]},{\"@type\":\"BreadcrumbList\",\"@id\":\"https:\\\/\\\/casadelpoeta.es\\\/fr\\\/luxury-casa-del-poeta-appartement\\\/#breadcrumb\",\"itemListElement\":[{\"@type\":\"ListItem\",\"position\":1,\"name\":\"Portada\",\"item\":\"https:\\\/\\\/casadelpoeta.es\\\/fr\\\/\"},{\"@type\":\"ListItem\",\"position\":2,\"name\":\"Luxury Casa del Poeta Appartement\"}]},{\"@type\":\"WebSite\",\"@id\":\"https:\\\/\\\/casadelpoeta.es\\\/#website\",\"url\":\"https:\\\/\\\/casadelpoeta.es\\\/\",\"name\":\"Hotel Boutique en el centro de Sevilla\",\"description\":\"Casa del Poeta es un Hotel Boutique ubiccado en el Barrio de Santa Cruz, en pleno centro de Sevilla, Hotel con encanto con patio sevillano\",\"potentialAction\":[{\"@type\":\"SearchAction\",\"target\":{\"@type\":\"EntryPoint\",\"urlTemplate\":\"https:\\\/\\\/casadelpoeta.es\\\/?s={search_term_string}\"},\"query-input\":{\"@type\":\"PropertyValueSpecification\",\"valueRequired\":true,\"valueName\":\"search_term_string\"}}],\"inLanguage\":\"fr-FR\"}]}<\/script>\n<!-- \/ Yoast SEO Premium plugin. -->","yoast_head_json":{"title":"Luxury Appartement Seville - Casa del Poeta Appartement","description":"Luxury Appartement dans Seville. Appartement immerg\u00e9 du Barrio de Santa Cruz. Situ\u00e9 a 300 m\u00e8tres de monuments majeurs: Cath\u00e9drale et Giralda\u00a0","robots":{"index":"index","follow":"follow","max-snippet":"max-snippet:-1","max-image-preview":"max-image-preview:large","max-video-preview":"max-video-preview:-1"},"canonical":"https:\/\/casadelpoeta.es\/fr\/luxury-casa-del-poeta-appartement\/","og_locale":"fr_FR","og_type":"article","og_title":"Luxury Casa del Poeta Appartement","og_description":"Luxury Appartement dans Seville. Appartement immerg\u00e9 du Barrio de Santa Cruz. Situ\u00e9 a 300 m\u00e8tres de monuments majeurs: Cath\u00e9drale et Giralda\u00a0","og_url":"https:\/\/casadelpoeta.es\/fr\/luxury-casa-del-poeta-appartement\/","og_site_name":"Hotel Boutique en el centro de Sevilla","article_modified_time":"2020-01-11T18:36:14+00:00","twitter_misc":{"Dur\u00e9e de lecture estim\u00e9e":"3 minutes"},"schema":{"@context":"https:\/\/schema.org","@graph":[{"@type":"WebPage","@id":"https:\/\/casadelpoeta.es\/fr\/luxury-casa-del-poeta-appartement\/","url":"https:\/\/casadelpoeta.es\/fr\/luxury-casa-del-poeta-appartement\/","name":"Luxury Appartement Seville - Casa del Poeta Appartement","isPartOf":{"@id":"https:\/\/casadelpoeta.es\/#website"},"datePublished":"2017-11-10T12:41:09+00:00","dateModified":"2020-01-11T18:36:14+00:00","description":"Luxury Appartement dans Seville. Appartement immerg\u00e9 du Barrio de Santa Cruz. Situ\u00e9 a 300 m\u00e8tres de monuments majeurs: Cath\u00e9drale et Giralda\u00a0","breadcrumb":{"@id":"https:\/\/casadelpoeta.es\/fr\/luxury-casa-del-poeta-appartement\/#breadcrumb"},"inLanguage":"fr-FR","potentialAction":[{"@type":"ReadAction","target":["https:\/\/casadelpoeta.es\/fr\/luxury-casa-del-poeta-appartement\/"]}]},{"@type":"BreadcrumbList","@id":"https:\/\/casadelpoeta.es\/fr\/luxury-casa-del-poeta-appartement\/#breadcrumb","itemListElement":[{"@type":"ListItem","position":1,"name":"Portada","item":"https:\/\/casadelpoeta.es\/fr\/"},{"@type":"ListItem","position":2,"name":"Luxury Casa del Poeta Appartement"}]},{"@type":"WebSite","@id":"https:\/\/casadelpoeta.es\/#website","url":"https:\/\/casadelpoeta.es\/","name":"Hotel Boutique en el centro de Sevilla","description":"Casa del Poeta es un Hotel Boutique ubiccado en el Barrio de Santa Cruz, en pleno centro de Sevilla, Hotel con encanto con patio sevillano","potentialAction":[{"@type":"SearchAction","target":{"@type":"EntryPoint","urlTemplate":"https:\/\/casadelpoeta.es\/?s={search_term_string}"},"query-input":{"@type":"PropertyValueSpecification","valueRequired":true,"valueName":"search_term_string"}}],"inLanguage":"fr-FR"}]}},"_links":{"self":[{"href":"https:\/\/casadelpoeta.es\/fr\/wp-json\/wp\/v2\/pages\/1460","targetHints":{"allow":["GET"]}}],"collection":[{"href":"https:\/\/casadelpoeta.es\/fr\/wp-json\/wp\/v2\/pages"}],"about":[{"href":"https:\/\/casadelpoeta.es\/fr\/wp-json\/wp\/v2\/types\/page"}],"author":[{"embeddable":true,"href":"https:\/\/casadelpoeta.es\/fr\/wp-json\/wp\/v2\/users\/1"}],"replies":[{"embeddable":true,"href":"https:\/\/casadelpoeta.es\/fr\/wp-json\/wp\/v2\/comments?post=1460"}],"version-history":[{"count":1,"href":"https:\/\/casadelpoeta.es\/fr\/wp-json\/wp\/v2\/pages\/1460\/revisions"}],"predecessor-version":[{"id":3725,"href":"https:\/\/casadelpoeta.es\/fr\/wp-json\/wp\/v2\/pages\/1460\/revisions\/3725"}],"wp:attachment":[{"href":"https:\/\/casadelpoeta.es\/fr\/wp-json\/wp\/v2\/media?parent=1460"}],"curies":[{"name":"wp","href":"https:\/\/api.w.org\/{rel}","templated":true}]}}