{"id":1198,"date":"2016-12-12T06:57:23","date_gmt":"2016-12-12T05:57:23","guid":{"rendered":"http:\/\/casadelpoeta.org\/fr\/?page_id=1198"},"modified":"2016-12-12T06:57:37","modified_gmt":"2016-12-12T05:57:37","slug":"info-touristique-seville","status":"publish","type":"page","link":"https:\/\/casadelpoeta.es\/fr\/info-touristique-seville\/","title":{"rendered":"Info Touristique Seville"},"content":{"rendered":"<h1>Info Touristique Seville<\/h1>\n<hr \/>\n<h2><strong>Cath\u00e9drale de S\u00e9ville<\/strong><\/h2>\n<p>La Cath\u00e9drale de la ville a \u00e9t\u00e9 construite au lieu d\u00b4une mosqu\u00e9e almohade dans le XII\u00e8me si\u00e8cle d\u00b4origine almohade. De cette mosqu\u00e9e ont \u00e9t\u00e9 conserv\u00e9s l\u00b4alminar, la Giralde, et le patio de los naranjos.\u00a0Pendant le christianisme \u00e0 cause de la conquise de la ville par Fernando III de Castilla en 1248, elle se transforma en un temple catholique.<\/p>\n<p>La Cath\u00e9drale de S\u00e9ville est la troisi\u00e8me plus grande du monde apr\u00e8s celle de San Pedro au Vatican et San Pablo \u00e0 Londres.\u00a0Elle fut d\u00e9clar\u00e9e Patrimoine de l\u00b4humanit\u00e9 par la Unesco en 1987.<\/p>\n<p>Le temple h\u00e9berge, entre autres, les restes mortels de Christophe Colomb et diff\u00e9rents rois de Castilla: Pedro I el Cruel, Fernando III el Santo, et le fils de Alfonso X el Sabio.<\/p>\n<p>La Cath\u00e9drale compte de 5 NAVES et 25 CAPILLAS, avec des c\u00e9l\u00e8bres \u0153uvres d\u00b4arts de peintres Espagnols.<\/p>\n<p>Le tr\u00e9sor de la cath\u00e9drale est gard\u00e9 \u00e0 l\u00b4int\u00e9rieur de la Cath\u00e9drale. Expos\u00e9 dans plusieurs salles, le tr\u00e9sor est compris d\u00b4ornements pi\u00e8ces de diff\u00e9rentes tailles et couleurs, \u0153uvres d\u00b4arts, sculptures et de retables. Il faut remarquer les \u0153uvres entre le XVe et le XXe si\u00e8cle de Pedro de Campa\u00f1a, Francisco de Herrera, Zurbar\u00e1n, Murillo, Vald\u00e9s Leal.<\/p>\n\n\t\t<style type=\"text\/css\">\n\t\t\t#gallery-1 {\n\t\t\t\tmargin: auto;\n\t\t\t}\n\t\t\t#gallery-1 .gallery-item {\n\t\t\t\tfloat: left;\n\t\t\t\tmargin-top: 10px;\n\t\t\t\ttext-align: center;\n\t\t\t\twidth: 25%;\n\t\t\t}\n\t\t\t#gallery-1 img {\n\t\t\t\tborder: 2px solid #cfcfcf;\n\t\t\t}\n\t\t\t#gallery-1 .gallery-caption {\n\t\t\t\tmargin-left: 0;\n\t\t\t}\n\t\t\t\/* see gallery_shortcode() in wp-includes\/media.php *\/\n\t\t<\/style>\n\t\t<div id='gallery-1' class='gallery galleryid-1198 gallery-columns-4 gallery-size-thumbnail'><dl class='gallery-item'>\n\t\t\t<dt class='gallery-icon portrait'>\n\t\t\t\t<a href='https:\/\/casadelpoeta.es\/wp-content\/uploads\/2016\/12\/giralda-turismo-de-sevilla.jpg'><img loading=\"lazy\" decoding=\"async\" width=\"150\" height=\"150\" src=\"https:\/\/casadelpoeta.es\/wp-content\/uploads\/2016\/12\/giralda-turismo-de-sevilla-150x150.jpg\" class=\"attachment-thumbnail size-thumbnail\" alt=\"\" srcset=\"https:\/\/casadelpoeta.es\/wp-content\/uploads\/2016\/12\/giralda-turismo-de-sevilla-150x150.jpg 150w, https:\/\/casadelpoeta.es\/wp-content\/uploads\/2016\/12\/giralda-turismo-de-sevilla-300x300.jpg 300w, https:\/\/casadelpoeta.es\/wp-content\/uploads\/2016\/12\/giralda-turismo-de-sevilla-480x480.jpg 480w, https:\/\/casadelpoeta.es\/wp-content\/uploads\/2016\/12\/giralda-turismo-de-sevilla-1x1.jpg 1w\" sizes=\"auto, (max-width: 150px) 100vw, 150px\" \/><\/a>\n\t\t\t<\/dt><\/dl><dl class='gallery-item'>\n\t\t\t<dt class='gallery-icon landscape'>\n\t\t\t\t<a href='https:\/\/casadelpoeta.es\/wp-content\/uploads\/2016\/12\/catedral-de-sevilla-desde-el-cielo.jpg'><img loading=\"lazy\" decoding=\"async\" width=\"150\" height=\"150\" src=\"https:\/\/casadelpoeta.es\/wp-content\/uploads\/2016\/12\/catedral-de-sevilla-desde-el-cielo-150x150.jpg\" class=\"attachment-thumbnail size-thumbnail\" alt=\"\" srcset=\"https:\/\/casadelpoeta.es\/wp-content\/uploads\/2016\/12\/catedral-de-sevilla-desde-el-cielo-150x150.jpg 150w, https:\/\/casadelpoeta.es\/wp-content\/uploads\/2016\/12\/catedral-de-sevilla-desde-el-cielo-2x1.jpg 2w\" sizes=\"auto, (max-width: 150px) 100vw, 150px\" \/><\/a>\n\t\t\t<\/dt><\/dl><dl class='gallery-item'>\n\t\t\t<dt class='gallery-icon landscape'>\n\t\t\t\t<a href='https:\/\/casadelpoeta.es\/wp-content\/uploads\/2016\/12\/catedral-de-sevilla-turismo-de-sevilla.jpg'><img loading=\"lazy\" decoding=\"async\" width=\"150\" height=\"150\" src=\"https:\/\/casadelpoeta.es\/wp-content\/uploads\/2016\/12\/catedral-de-sevilla-turismo-de-sevilla-150x150.jpg\" class=\"attachment-thumbnail size-thumbnail\" alt=\"\" srcset=\"https:\/\/casadelpoeta.es\/wp-content\/uploads\/2016\/12\/catedral-de-sevilla-turismo-de-sevilla-150x150.jpg 150w, https:\/\/casadelpoeta.es\/wp-content\/uploads\/2016\/12\/catedral-de-sevilla-turismo-de-sevilla-300x300.jpg 300w, https:\/\/casadelpoeta.es\/wp-content\/uploads\/2016\/12\/catedral-de-sevilla-turismo-de-sevilla-480x480.jpg 480w, https:\/\/casadelpoeta.es\/wp-content\/uploads\/2016\/12\/catedral-de-sevilla-turismo-de-sevilla-1x1.jpg 1w\" sizes=\"auto, (max-width: 150px) 100vw, 150px\" \/><\/a>\n\t\t\t<\/dt><\/dl><dl class='gallery-item'>\n\t\t\t<dt class='gallery-icon portrait'>\n\t\t\t\t<a href='https:\/\/casadelpoeta.es\/wp-content\/uploads\/2016\/12\/catedral-de-sevilla-y-giralda-turismo-de-sevilla.jpg'><img loading=\"lazy\" decoding=\"async\" width=\"150\" height=\"150\" src=\"https:\/\/casadelpoeta.es\/wp-content\/uploads\/2016\/12\/catedral-de-sevilla-y-giralda-turismo-de-sevilla-150x150.jpg\" class=\"attachment-thumbnail size-thumbnail\" alt=\"\" srcset=\"https:\/\/casadelpoeta.es\/wp-content\/uploads\/2016\/12\/catedral-de-sevilla-y-giralda-turismo-de-sevilla-150x150.jpg 150w, https:\/\/casadelpoeta.es\/wp-content\/uploads\/2016\/12\/catedral-de-sevilla-y-giralda-turismo-de-sevilla-300x300.jpg 300w, https:\/\/casadelpoeta.es\/wp-content\/uploads\/2016\/12\/catedral-de-sevilla-y-giralda-turismo-de-sevilla-480x480.jpg 480w, https:\/\/casadelpoeta.es\/wp-content\/uploads\/2016\/12\/catedral-de-sevilla-y-giralda-turismo-de-sevilla-1x1.jpg 1w\" sizes=\"auto, (max-width: 150px) 100vw, 150px\" \/><\/a>\n\t\t\t<\/dt><\/dl><br style=\"clear: both\" \/>\n\t\t<\/div>\n\n<h3><strong>Horaires<\/strong>:<\/h3>\n<p>Lundi: de 11h \u00e0 15h30 ( de 16h30 \u00e0 18h00 visite audioguide gratuite avec r\u00e9servation anticip\u00e9e en espagnole et anglais).<\/p>\n<p>Mardi \u00e0 Samedi: de 11h00 \u00e0 17h00.<\/p>\n<p>Dimanche: de 14h30 \u00e0 18h30.<\/p>\n<p><strong>Dur\u00e9e de la visite:<\/strong> 1h30 approxim\u00e9.<\/p>\n<h3>Prix:<\/h3>\n<ul>\n<li>Entr\u00e9e g\u00e9n\u00e9ral: \u00a09\u20ac (visite El Salvador inclus)<\/li>\n<li>Entr\u00e9e r\u00e9duite: \u00a0 4\u20ac (retrait\u00e9 et \u00e9tudiants)<\/li>\n<li>Audioguide: 3\u20ac<\/li>\n<\/ul>\n<hr \/>\n<h2><strong>Real Alc\u00e1zar de Sevilla<\/strong><\/h2>\n<p>L&rsquo;Alcazar est un palais forteresse construit sous les ordres d&rsquo;Abd Al Rahman\u00a0III, dans le Xe si\u00e8cle. Le palais a un m\u00e9lange de diff\u00e9rents styles, en passant du style islamique au d\u00e9but au style mud\u00e9jar et gothique apr\u00e8s la conquise de la ville par les troupes castillans. Des \u00e9l\u00e9ments de la renaissance et baroque sont ajout\u00e9s \u00e0 sa vari\u00e9t\u00e9 de styles. Entre autres, l\u00b4autel de carreaux r\u00e9alis\u00e9 en 1504 par Francisco Pisano, ou le pictural retable d\u00e9di\u00e9 \u00e0 la Vierge des amiraux.\u00a0Dans le Real Alcazar nous pouvons trouver des diff\u00e9rentes pi\u00e8ces dont l\u00b4entr\u00e9e principale se r\u00e9alise \u00e0 travers de la Puerta del Le\u00f3n, qui autrefois \u00e9tait connus par le nom de la Puerta de la Monter\u00eda.<\/p>\n<p>Il convient souligner dans le Palais, le Patio de las Doncellas, o\u00f9 se situent de splendides soubassements de carreaux ou el Patio de las Mu\u00f1ecas, avec une int\u00e9ressante collection de chapiteaux.<\/p>\n<p>Les jardins des Alcazar Royaux sont une partie importante de la visite du Palais. Ils sont form\u00e9s en terrasses avec beaucoup de v\u00e9g\u00e9tation, o\u00f9 l\u2019on peut voir r\u00e9unis des diff\u00e9rentes caract\u00e9ristiques du style arabe, de la renaissance et moderne.<\/p>\n<p>Le Palais est actuellement la r\u00e9sidence de Sa Majest\u00e9 le Roi et de chefs d\u00b4Etats lorsqu\u2019ils sont en visite \u00e0 S\u00e9ville.<\/p>\n<p>Il fut d\u00e9clar\u00e9 Patrimoine del \u00b4Humanit\u00e9 avec la Cath\u00e9drale de S\u00e9ville et le archives des Indes en 1987.<\/p>\n\n\t\t<style type=\"text\/css\">\n\t\t\t#gallery-2 {\n\t\t\t\tmargin: auto;\n\t\t\t}\n\t\t\t#gallery-2 .gallery-item {\n\t\t\t\tfloat: left;\n\t\t\t\tmargin-top: 10px;\n\t\t\t\ttext-align: center;\n\t\t\t\twidth: 25%;\n\t\t\t}\n\t\t\t#gallery-2 img {\n\t\t\t\tborder: 2px solid #cfcfcf;\n\t\t\t}\n\t\t\t#gallery-2 .gallery-caption {\n\t\t\t\tmargin-left: 0;\n\t\t\t}\n\t\t\t\/* see gallery_shortcode() in wp-includes\/media.php *\/\n\t\t<\/style>\n\t\t<div id='gallery-2' class='gallery galleryid-1198 gallery-columns-4 gallery-size-thumbnail'><dl class='gallery-item'>\n\t\t\t<dt class='gallery-icon landscape'>\n\t\t\t\t<a href='https:\/\/casadelpoeta.es\/wp-content\/uploads\/2016\/12\/real-alccazar-sevilla-spain-info.jpg'><img loading=\"lazy\" decoding=\"async\" width=\"150\" height=\"150\" src=\"https:\/\/casadelpoeta.es\/wp-content\/uploads\/2016\/12\/real-alccazar-sevilla-spain-info-150x150.jpg\" class=\"attachment-thumbnail size-thumbnail\" alt=\"\" srcset=\"https:\/\/casadelpoeta.es\/wp-content\/uploads\/2016\/12\/real-alccazar-sevilla-spain-info-150x150.jpg 150w, https:\/\/casadelpoeta.es\/wp-content\/uploads\/2016\/12\/real-alccazar-sevilla-spain-info-2x1.jpg 2w\" sizes=\"auto, (max-width: 150px) 100vw, 150px\" \/><\/a>\n\t\t\t<\/dt><\/dl><dl class='gallery-item'>\n\t\t\t<dt class='gallery-icon landscape'>\n\t\t\t\t<a href='https:\/\/casadelpoeta.es\/wp-content\/uploads\/2016\/12\/real-alcazar-turismo-sevilla.jpg'><img loading=\"lazy\" decoding=\"async\" width=\"150\" height=\"150\" src=\"https:\/\/casadelpoeta.es\/wp-content\/uploads\/2016\/12\/real-alcazar-turismo-sevilla-150x150.jpg\" class=\"attachment-thumbnail size-thumbnail\" alt=\"\" srcset=\"https:\/\/casadelpoeta.es\/wp-content\/uploads\/2016\/12\/real-alcazar-turismo-sevilla-150x150.jpg 150w, https:\/\/casadelpoeta.es\/wp-content\/uploads\/2016\/12\/real-alcazar-turismo-sevilla-2x1.jpg 2w\" sizes=\"auto, (max-width: 150px) 100vw, 150px\" \/><\/a>\n\t\t\t<\/dt><\/dl><dl class='gallery-item'>\n\t\t\t<dt class='gallery-icon landscape'>\n\t\t\t\t<a href='https:\/\/casadelpoeta.es\/wp-content\/uploads\/2016\/12\/real-alcazar-spain-info.jpg'><img loading=\"lazy\" decoding=\"async\" width=\"150\" height=\"150\" src=\"https:\/\/casadelpoeta.es\/wp-content\/uploads\/2016\/12\/real-alcazar-spain-info-150x150.jpg\" class=\"attachment-thumbnail size-thumbnail\" alt=\"\" srcset=\"https:\/\/casadelpoeta.es\/wp-content\/uploads\/2016\/12\/real-alcazar-spain-info-150x150.jpg 150w, https:\/\/casadelpoeta.es\/wp-content\/uploads\/2016\/12\/real-alcazar-spain-info-2x1.jpg 2w\" sizes=\"auto, (max-width: 150px) 100vw, 150px\" \/><\/a>\n\t\t\t<\/dt><\/dl><dl class='gallery-item'>\n\t\t\t<dt class='gallery-icon landscape'>\n\t\t\t\t<a href='https:\/\/casadelpoeta.es\/wp-content\/uploads\/2016\/12\/jardines-del-alcazar-spain-info.jpg'><img loading=\"lazy\" decoding=\"async\" width=\"150\" height=\"150\" src=\"https:\/\/casadelpoeta.es\/wp-content\/uploads\/2016\/12\/jardines-del-alcazar-spain-info-150x150.jpg\" class=\"attachment-thumbnail size-thumbnail\" alt=\"the royal alcazar\" srcset=\"https:\/\/casadelpoeta.es\/wp-content\/uploads\/2016\/12\/jardines-del-alcazar-spain-info-150x150.jpg 150w, https:\/\/casadelpoeta.es\/wp-content\/uploads\/2016\/12\/jardines-del-alcazar-spain-info-2x1.jpg 2w\" sizes=\"auto, (max-width: 150px) 100vw, 150px\" \/><\/a>\n\t\t\t<\/dt><\/dl><br style=\"clear: both\" \/>\n\t\t<\/div>\n\n<h3>Horaires:<\/h3>\n<p>Tous les jours de 9h30 \u00e0 17:30, sauf les jours de f\u00eates de No\u00ebl. Visite optionnelle \u00e0 la chambre royale de 10h00 \u00e0 13h00.<\/p>\n<h3>Prix:<\/h3>\n<p>Entr\u00e9e G\u00e9n\u00e9rale: 9,5 \u20ac<\/p>\n<p>Entr\u00e9e R\u00e9duite: \u00a02\u20ac<\/p>\n<p>Audioguide: \u00a05\u20ac<\/p>\n<hr \/>\n<h2><strong>Quartier de Santa Cruz<\/strong><\/h2>\n<p>Dans ce r\u00e9seau de rues et ruelles \u00e9troites se situe notre H\u00f4tel.\u00a0Le quartier \u00e0 son origine dans l\u00b4ancien quartier juif de la ville. Quand le Roi Fernando III de Castilla conquit la ville, il eut \u00e0 S\u00e9ville la plus importante communaut\u00e9 juif d\u00b4Espagne, la deuxi\u00e8me apr\u00e8s celle de Toledo. Ce quartier juif occupait ce qu\u00b4on avec aujourd\u00b4hui les Quartiers de Santa Cruz et San Bartolom\u00e9. Malgr\u00e9 l\u00b4expulsion des juifs en 1483, dans ces deux quartiers se sont maintenu quelques populations juif et musulman.<\/p>\n<p>A la fin du XIXe si\u00e8cle Santa Cruz s\u00b4amenuisait et retrouva son \u00e9clat gr\u00e2ce aux r\u00e9formes impuls\u00e9s \u00e0 la suite de l\u00b4Exposition Ib\u00e9ro-am\u00e9ricaine de 1929.<\/p>\n<p>Dans la Plaza de Santa Cruz \u00e9tait situ\u00e9 la Paroisse de la Santa Cruz, laquelle a donn\u00e9 le nom de ce quartier. L\u00b4\u00e9glise de styles mud\u00e9jar avait \u00e9t\u00e9 construite sur les restes d\u00b4une ancienne synagogue qui \u00e9tait situ\u00e9 sur le m\u00eame terrain. Pendant l\u00b4occupation fran\u00e7aise (1811) l\u00b4\u00e9glise fut d\u00e9molit en enterrant les restes du c\u00e9l\u00e8bre peintre S\u00e9villan, Murillo. La paroisse qui \u00e9tait situ\u00e9 l\u00e0-bas fut d\u00e9plac\u00e9 a l\u00b4ancien couvent de los Clerigos del Espiritu Santo, laquelle est actuellement l\u00b4\u00e9glise de Santa Cruz, situ\u00e9 dans la rue de Mateos Gago.<\/p>\n<p>Il y a de nombreuses l\u00e9gendes du quartier Santa Cruz, comme par exemple, l\u00b4amour v\u00e9cu ente Don Juan et Do\u00f1a Ines, ou la trag\u00e9die de la Bella de Susona.<\/p>\n<p>Actuellement, dans notre quartier on peut profiter de nombreux restaurants et tablaos de flamenco tr\u00e8s populaires o\u00f9 les visitant peuvent d\u00e9couvrir les racines artistiques de la ville.<\/p>\n<p>&nbsp;<\/p>\n","protected":false},"excerpt":{"rendered":"<p>Info Touristique Seville Cath\u00e9drale de S\u00e9ville La Cath\u00e9drale de la ville a \u00e9t\u00e9 construite au lieu d\u00b4une mosqu\u00e9e almohade dans le XII\u00e8me si\u00e8cle d\u00b4origine almohade. De cette mosqu\u00e9e ont \u00e9t\u00e9 conserv\u00e9s l\u00b4alminar, la Giralde, et le patio de los naranjos.\u00a0Pendant le christianisme \u00e0 cause de&#8230;<\/p>\n","protected":false},"author":1,"featured_media":0,"parent":0,"menu_order":0,"comment_status":"closed","ping_status":"closed","template":"","meta":{"footnotes":""},"class_list":["post-1198","page","type-page","status-publish","hentry"],"yoast_head":"<!-- This site is optimized with the Yoast SEO Premium plugin v23.9 (Yoast SEO v27.4) - https:\/\/yoast.com\/product\/yoast-seo-premium-wordpress\/ -->\n<title>Info Touristique Seville - Hotel Boutique en el centro de Sevilla<\/title>\n<meta name=\"robots\" content=\"index, follow, max-snippet:-1, max-image-preview:large, max-video-preview:-1\" \/>\n<link rel=\"canonical\" href=\"https:\/\/casadelpoeta.es\/fr\/info-touristique-seville\/\" \/>\n<meta property=\"og:locale\" content=\"fr_FR\" \/>\n<meta property=\"og:type\" content=\"article\" \/>\n<meta property=\"og:title\" content=\"Info Touristique Seville\" \/>\n<meta property=\"og:description\" content=\"Info Touristique Seville Cath\u00e9drale de S\u00e9ville La Cath\u00e9drale de la ville a \u00e9t\u00e9 construite au lieu d\u00b4une mosqu\u00e9e almohade dans le XII\u00e8me si\u00e8cle d\u00b4origine almohade. De cette mosqu\u00e9e ont \u00e9t\u00e9 conserv\u00e9s l\u00b4alminar, la Giralde, et le patio de los naranjos.\u00a0Pendant le christianisme \u00e0 cause de...\" \/>\n<meta property=\"og:url\" content=\"https:\/\/casadelpoeta.es\/fr\/info-touristique-seville\/\" \/>\n<meta property=\"og:site_name\" content=\"Hotel Boutique en el centro de Sevilla\" \/>\n<meta property=\"article:modified_time\" content=\"2016-12-12T05:57:37+00:00\" \/>\n<meta property=\"og:image\" content=\"https:\/\/casadelpoeta.es\/wp-content\/uploads\/2016\/12\/giralda-turismo-de-sevilla-150x150.jpg\" \/>\n<meta name=\"twitter:label1\" content=\"Dur\u00e9e de lecture estim\u00e9e\" \/>\n\t<meta name=\"twitter:data1\" content=\"4 minutes\" \/>\n<script type=\"application\/ld+json\" class=\"yoast-schema-graph\">{\"@context\":\"https:\\\/\\\/schema.org\",\"@graph\":[{\"@type\":\"WebPage\",\"@id\":\"https:\\\/\\\/casadelpoeta.es\\\/fr\\\/info-touristique-seville\\\/\",\"url\":\"https:\\\/\\\/casadelpoeta.es\\\/fr\\\/info-touristique-seville\\\/\",\"name\":\"Info Touristique Seville - Hotel Boutique en el centro de Sevilla\",\"isPartOf\":{\"@id\":\"https:\\\/\\\/casadelpoeta.es\\\/#website\"},\"datePublished\":\"2016-12-12T05:57:23+00:00\",\"dateModified\":\"2016-12-12T05:57:37+00:00\",\"breadcrumb\":{\"@id\":\"https:\\\/\\\/casadelpoeta.es\\\/fr\\\/info-touristique-seville\\\/#breadcrumb\"},\"inLanguage\":\"fr-FR\",\"potentialAction\":[{\"@type\":\"ReadAction\",\"target\":[\"https:\\\/\\\/casadelpoeta.es\\\/fr\\\/info-touristique-seville\\\/\"]}]},{\"@type\":\"BreadcrumbList\",\"@id\":\"https:\\\/\\\/casadelpoeta.es\\\/fr\\\/info-touristique-seville\\\/#breadcrumb\",\"itemListElement\":[{\"@type\":\"ListItem\",\"position\":1,\"name\":\"Portada\",\"item\":\"https:\\\/\\\/casadelpoeta.es\\\/fr\\\/\"},{\"@type\":\"ListItem\",\"position\":2,\"name\":\"Info Touristique Seville\"}]},{\"@type\":\"WebSite\",\"@id\":\"https:\\\/\\\/casadelpoeta.es\\\/#website\",\"url\":\"https:\\\/\\\/casadelpoeta.es\\\/\",\"name\":\"Hotel Boutique en el centro de Sevilla\",\"description\":\"Casa del Poeta es un Hotel Boutique ubiccado en el Barrio de Santa Cruz, en pleno centro de Sevilla, Hotel con encanto con patio sevillano\",\"potentialAction\":[{\"@type\":\"SearchAction\",\"target\":{\"@type\":\"EntryPoint\",\"urlTemplate\":\"https:\\\/\\\/casadelpoeta.es\\\/?s={search_term_string}\"},\"query-input\":{\"@type\":\"PropertyValueSpecification\",\"valueRequired\":true,\"valueName\":\"search_term_string\"}}],\"inLanguage\":\"fr-FR\"}]}<\/script>\n<!-- \/ Yoast SEO Premium plugin. -->","yoast_head_json":{"title":"Info Touristique Seville - Hotel Boutique en el centro de Sevilla","robots":{"index":"index","follow":"follow","max-snippet":"max-snippet:-1","max-image-preview":"max-image-preview:large","max-video-preview":"max-video-preview:-1"},"canonical":"https:\/\/casadelpoeta.es\/fr\/info-touristique-seville\/","og_locale":"fr_FR","og_type":"article","og_title":"Info Touristique Seville","og_description":"Info Touristique Seville Cath\u00e9drale de S\u00e9ville La Cath\u00e9drale de la ville a \u00e9t\u00e9 construite au lieu d\u00b4une mosqu\u00e9e almohade dans le XII\u00e8me si\u00e8cle d\u00b4origine almohade. De cette mosqu\u00e9e ont \u00e9t\u00e9 conserv\u00e9s l\u00b4alminar, la Giralde, et le patio de los naranjos.\u00a0Pendant le christianisme \u00e0 cause de...","og_url":"https:\/\/casadelpoeta.es\/fr\/info-touristique-seville\/","og_site_name":"Hotel Boutique en el centro de Sevilla","article_modified_time":"2016-12-12T05:57:37+00:00","og_image":[{"url":"https:\/\/casadelpoeta.es\/wp-content\/uploads\/2016\/12\/giralda-turismo-de-sevilla-150x150.jpg","type":"","width":"","height":""}],"twitter_misc":{"Dur\u00e9e de lecture estim\u00e9e":"4 minutes"},"schema":{"@context":"https:\/\/schema.org","@graph":[{"@type":"WebPage","@id":"https:\/\/casadelpoeta.es\/fr\/info-touristique-seville\/","url":"https:\/\/casadelpoeta.es\/fr\/info-touristique-seville\/","name":"Info Touristique Seville - Hotel Boutique en el centro de Sevilla","isPartOf":{"@id":"https:\/\/casadelpoeta.es\/#website"},"datePublished":"2016-12-12T05:57:23+00:00","dateModified":"2016-12-12T05:57:37+00:00","breadcrumb":{"@id":"https:\/\/casadelpoeta.es\/fr\/info-touristique-seville\/#breadcrumb"},"inLanguage":"fr-FR","potentialAction":[{"@type":"ReadAction","target":["https:\/\/casadelpoeta.es\/fr\/info-touristique-seville\/"]}]},{"@type":"BreadcrumbList","@id":"https:\/\/casadelpoeta.es\/fr\/info-touristique-seville\/#breadcrumb","itemListElement":[{"@type":"ListItem","position":1,"name":"Portada","item":"https:\/\/casadelpoeta.es\/fr\/"},{"@type":"ListItem","position":2,"name":"Info Touristique Seville"}]},{"@type":"WebSite","@id":"https:\/\/casadelpoeta.es\/#website","url":"https:\/\/casadelpoeta.es\/","name":"Hotel Boutique en el centro de Sevilla","description":"Casa del Poeta es un Hotel Boutique ubiccado en el Barrio de Santa Cruz, en pleno centro de Sevilla, Hotel con encanto con patio sevillano","potentialAction":[{"@type":"SearchAction","target":{"@type":"EntryPoint","urlTemplate":"https:\/\/casadelpoeta.es\/?s={search_term_string}"},"query-input":{"@type":"PropertyValueSpecification","valueRequired":true,"valueName":"search_term_string"}}],"inLanguage":"fr-FR"}]}},"_links":{"self":[{"href":"https:\/\/casadelpoeta.es\/fr\/wp-json\/wp\/v2\/pages\/1198","targetHints":{"allow":["GET"]}}],"collection":[{"href":"https:\/\/casadelpoeta.es\/fr\/wp-json\/wp\/v2\/pages"}],"about":[{"href":"https:\/\/casadelpoeta.es\/fr\/wp-json\/wp\/v2\/types\/page"}],"author":[{"embeddable":true,"href":"https:\/\/casadelpoeta.es\/fr\/wp-json\/wp\/v2\/users\/1"}],"replies":[{"embeddable":true,"href":"https:\/\/casadelpoeta.es\/fr\/wp-json\/wp\/v2\/comments?post=1198"}],"version-history":[{"count":0,"href":"https:\/\/casadelpoeta.es\/fr\/wp-json\/wp\/v2\/pages\/1198\/revisions"}],"wp:attachment":[{"href":"https:\/\/casadelpoeta.es\/fr\/wp-json\/wp\/v2\/media?parent=1198"}],"curies":[{"name":"wp","href":"https:\/\/api.w.org\/{rel}","templated":true}]}}