{"id":721,"date":"2014-10-16T15:04:41","date_gmt":"2014-10-16T15:04:41","guid":{"rendered":"http:\/\/casadelpoeta.org\/el-hotel-2\/"},"modified":"2024-05-13T10:25:50","modified_gmt":"2024-05-13T09:25:50","slug":"boutique-hotel","status":"publish","type":"page","link":"https:\/\/casadelpoeta.es\/en\/boutique-hotel\/","title":{"rendered":"Boutique Hotel Seville"},"content":{"rendered":"<div class=\"wpb-content-wrapper\"><p>[vc_row css_animation=&#8221;&#8221; row_type=&#8221;row&#8221; use_row_as_full_screen_section=&#8221;no&#8221; type=&#8221;grid&#8221; angled_section=&#8221;no&#8221; text_align=&#8221;left&#8221; background_image_as_pattern=&#8221;without_pattern&#8221; css=&#8221;.vc_custom_1545817134231{padding-top: 46px !important;padding-bottom: 30px !important;}&#8221; z_index=&#8221;&#8221;][vc_column][vc_empty_space height=&#8221;16px&#8221;][vc_column_text]<\/p>\n<h2>\u00a0The Boutique Hotel in Seville Casa del Poeta<\/h2>\n<p>[\/vc_column_text][\/vc_column][\/vc_row][vc_row css_animation=&#8221;&#8221; row_type=&#8221;row&#8221; use_row_as_full_screen_section=&#8221;no&#8221; type=&#8221;full_width&#8221; angled_section=&#8221;no&#8221; text_align=&#8221;left&#8221; background_image_as_pattern=&#8221;without_pattern&#8221; css=&#8221;.vc_custom_1547139838228{padding-top: 5% !important;}&#8221; z_index=&#8221;&#8221;][vc_column width=&#8221;1\/2&#8243;][vc_gallery interval=&#8221;3&#8243; images=&#8221;1691,2014,2011,2012,1805,1693,1821,1827,2009,2010&#8243; img_size=&#8221;full&#8221;][\/vc_column][vc_column width=&#8221;1\/2&#8243;][vc_empty_space][vc_column_text css=&#8221;.vc_custom_1549581928163{padding-right: 5% !important;padding-left: 5% !important;}&#8221;]<\/p>\n<h2>Large <strong>17th century house<\/strong> which has been restored in the 21st century<\/h2>\n<p>[\/vc_column_text][vc_empty_space][vc_column_text css=&#8221;.vc_custom_1549582004541{padding-right: 5% !important;padding-left: 5% !important;}&#8221;]<strong>The Boutique Hotel Casa del Poeta \u00a0<\/strong>is\u00a0a large 17<sup>th<\/sup> century house which has been restored in the 21<sup>st<\/sup> century, carefully maintaining its original architecture and fine decorative features. A testament to former glories, it retains the traditional style of an authentic Sevillian mansion. The typical architecture of this type of building featured a central patio with a fountain which was the focal point of the house, and was surrounded by the various different residential areas and rooms.<\/p>\n<p>The <strong>Boutique Hotel has 18 rooms<\/strong> and is ideal for visitors seeking a peaceful stay with personalised attention, in a <strong>luxurious<\/strong> and unique environment.[\/vc_column_text][vc_empty_space][\/vc_column][\/vc_row][vc_row css_animation=&#8221;&#8221; row_type=&#8221;row&#8221; use_row_as_full_screen_section=&#8221;no&#8221; type=&#8221;full_width&#8221; angled_section=&#8221;no&#8221; text_align=&#8221;left&#8221; background_image_as_pattern=&#8221;without_pattern&#8221; css=&#8221;.vc_custom_1547139838228{padding-top: 5% !important;}&#8221; z_index=&#8221;&#8221;][vc_column width=&#8221;1\/2&#8243; css=&#8221;.vc_custom_1548191083309{background-color: #ffffff !important;}&#8221;][vc_empty_space][vc_column_text]<\/p>\n<h4>A BOUTIQUE HOTEL IN THE CITY CENTER OF SEVILLE<strong><br \/>\n<\/strong><\/h4>\n<p>[\/vc_column_text][vc_empty_space][vc_column_text css=&#8221;.vc_custom_1549582973204{padding-right: 5% !important;padding-left: 5% !important;}&#8221;]The Boutique Hotel Casa del Poeta is located in Seville Center, in old town, just in \u201cBarrio de Santa Cruz\u201d. It\u00b4s only a 3 minutes\u2019 walk to the Cathedral and the surroundings are narrow and beautiful pedestrians streets.The main historic buildings of Seville are in walking distance.[\/vc_column_text][vc_empty_space][vc_separator css_animation=&#8221;bounceInDown&#8221; type=&#8221;normal&#8221;][vc_column_text css=&#8221;.vc_custom_1549583004683{padding-right: 5% !important;padding-left: 5% !important;}&#8221;]Street Don Carlos Alonso\u00a0Chaparro. 41.004<\/p>\n<p>Santa Cruz neighborhood \u2013 SEVILLE OLD TOWN<\/p>\n<p><em>Phone: (0034)\u00a0<a class=\"fl r-search-3\" title=\"Llamar a trav\u00e9s de Hangouts\" data-number=\"954213868\" data-rtid=\"search-3\" data-ved=\"0CCMQkAgwAA\">954 21 38 68\u00a0<\/a><\/em><\/p>\n<p><a title=\"Casa del poeta\" href=\"mailto:info@casadelpoeta.es\">info@casadelpoeta.es<\/a>[\/vc_column_text][vc_separator css_animation=&#8221;bounceInDown&#8221; type=&#8221;normal&#8221;][vc_empty_space]<div class=\"custom_font_holder \" style=\"font-family: Allura; font-style: normal; font-weight: 400; color: #1f1a15; text-decoration: none; text-align: left; --qode-cf-font-size: 38px; --qode-cf-line-height: 40px; --qode-cf-font-size-1440: 38px; --qode-cf-line-height-1440: 40px; --qode-cf-font-size-1366: 38px; --qode-cf-line-height-1366: 40px; --qode-cf-font-size-1280: 38px; --qode-cf-line-height-1280: 40px; --qode-cf-font-size-1024: 38px; --qode-cf-line-height-1024: 40px; --qode-cf-font-size-768: 38px; --qode-cf-line-height-768: 40px; --qode-cf-font-size-680: 38px; --qode-cf-line-height-680: 40px; --qode-cf-font-size-480: 38px; --qode-cf-line-height-480: 40px;\">3 minutes walk from Seville Cathedral<\/div>[vc_empty_space][\/vc_column][vc_column width=&#8221;1\/2&#8243;][vc_raw_html]JTNDaWZyYW1lJTIwc3JjJTNEJTIyaHR0cHMlM0ElMkYlMkZ3d3cuZ29vZ2xlLmNvbSUyRm1hcHMlMkZlbWJlZCUzRnBiJTNEJTIxMW0xOCUyMTFtMTIlMjExbTMlMjExZDMxNzAuMTUwMjg3NTIzNTM5NiUyMTJkLTUuOTkxNTQ3Njg0NjkzNTE3JTIxM2QzNy4zODYyNzc5Nzk4MzIwNyUyMTJtMyUyMTFmMCUyMTJmMCUyMTNmMCUyMTNtMiUyMTFpMTAyNCUyMTJpNzY4JTIxNGYxMy4xJTIxM20zJTIxMW0yJTIxMXMweGQxMjZjMWJmZDRiZWQzMSUyNTNBMHhhOWEyYmY0MzE2ODdiYTMzJTIxMnNIb3RlbCUyQkJvdXRpcXVlJTJCQ2FzYSUyQmRlbCUyQlBvZXRhJTIxNWUwJTIxM20yJTIxMXNlcyUyMTJzaXQlMjE0djE1NDU4MTE5NTIzOTclMjIlMjB3aWR0aCUzRDEwMCUyNSUyMGhlaWdodCUzRCUyMjUwMCUyMiUyMGZyYW1lYm9yZGVyJTNEJTIyMCUyMiUyMHN0eWxlJTNEJTIyYm9yZGVyJTNBMCUyMiUyMGFsbG93ZnVsbHNjcmVlbiUzRSUzQyUyRmlmcmFtZSUzRQ==[\/vc_raw_html][\/vc_column][\/vc_row][vc_row css_animation=&#8221;&#8221; row_type=&#8221;row&#8221; use_row_as_full_screen_section=&#8221;no&#8221; type=&#8221;full_width&#8221; angled_section=&#8221;no&#8221; text_align=&#8221;left&#8221; background_image_as_pattern=&#8221;without_pattern&#8221; css=&#8221;.vc_custom_1548191037128{padding-top: 4% !important;}&#8221; z_index=&#8221;&#8221;][vc_column css=&#8221;.vc_custom_1548192154255{padding-top: 3% !important;}&#8221;][vc_column_text]<\/p>\n<h2>Caracter\u00edsticas:<\/h2>\n<p>[\/vc_column_text][\/vc_column][\/vc_row][vc_row css_animation=&#8221;&#8221; row_type=&#8221;row&#8221; use_row_as_full_screen_section=&#8221;no&#8221; type=&#8221;full_width&#8221; angled_section=&#8221;no&#8221; text_align=&#8221;left&#8221; background_image_as_pattern=&#8221;without_pattern&#8221; z_index=&#8221;&#8221; css=&#8221;.vc_custom_1547626520175{padding-bottom: 10% !important;}&#8221;][vc_column width=&#8221;1\/2&#8243;][vc_empty_space][vc_column_text css=&#8221;.vc_custom_1715592345113{padding-right: 5% !important;padding-left: 5% !important;}&#8221;]<\/p>\n<ul>\n<li>Luxury Boutique Hotel<\/li>\n<li>24 hour Reception<\/li>\n<li>Booking service and touristic information<\/li>\n<li>Free WIFI<\/li>\n<li>HOTEL: Check in time: 15h \u2013 Check out time: 12h<\/li>\n<li>APARTMENT: Check in time: 17h \u2013 Check out time: 11h<\/li>\n<li>Luggage storage<\/li>\n<li>Transfer service from\/to the airport and train station, on request<\/li>\n<li>Private driver, on request<\/li>\n<li>Private undercover parking close to the hotel, on request<\/li>\n<li>Wellcome drink on check in time<\/li>\n<li>Breakfast: 8h to 11h. Price: 20,5\u20ac p\/p<\/li>\n<\/ul>\n<p>[\/vc_column_text][\/vc_column][vc_column width=&#8221;1\/2&#8243;][vc_empty_space][vc_column_text css=&#8221;.vc_custom_1701690341952{padding-right: 5% !important;padding-left: 5% !important;}&#8221;]<\/p>\n<ul>\n<li>Roomservice: 13h to 16h \/\/ 19:30h to 23:30h<\/li>\n<li>Laundry service<\/li>\n<li>Iron set available on request.<\/li>\n<li>Live andalusian guitar music every day.<\/li>\n<li>Massage service in the room, booking in advance.<\/li>\n<li>Hairdresser service in the room, booking in advance.<\/li>\n<li>Private roof terrace with panoramic views, Santa Cruz church, Cathedral and Giralda tower.<\/li>\n<li>Housekeeping service twice a day including turn down evening service.<\/li>\n<li>Disabled access<\/li>\n<li>Art gallery<\/li>\n<\/ul>\n<p>[\/vc_column_text][\/vc_column][\/vc_row][vc_row css_animation=&#8221;&#8221; row_type=&#8221;row&#8221; use_row_as_full_screen_section=&#8221;no&#8221; type=&#8221;full_width&#8221; angled_section=&#8221;no&#8221; text_align=&#8221;left&#8221; background_image_as_pattern=&#8221;without_pattern&#8221; z_index=&#8221;&#8221;][vc_column]<div class=\"custom_font_holder \" style=\"font-family: Allura; font-style: normal; font-weight: 400; color: #1f1a15; text-decoration: none; text-align: left; --qode-cf-font-size: 48px; --qode-cf-line-height: 50px; --qode-cf-font-size-1440: 48px; --qode-cf-line-height-1440: 50px; --qode-cf-font-size-1366: 48px; --qode-cf-line-height-1366: 50px; --qode-cf-font-size-1280: 48px; --qode-cf-line-height-1280: 50px; --qode-cf-font-size-1024: 48px; --qode-cf-line-height-1024: 50px; --qode-cf-font-size-768: 48px; --qode-cf-line-height-768: 50px; --qode-cf-font-size-680: 48px; --qode-cf-line-height-680: 50px; --qode-cf-font-size-480: 48px; --qode-cf-line-height-480: 50px;\">Press room:<\/div>[vc_separator type=&#8221;normal&#8221;][\/vc_column][\/vc_row][vc_row css_animation=&#8221;&#8221; row_type=&#8221;row&#8221; use_row_as_full_screen_section=&#8221;no&#8221; type=&#8221;full_width&#8221; angled_section=&#8221;no&#8221; text_align=&#8221;left&#8221; background_image_as_pattern=&#8221;without_pattern&#8221;][vc_column width=&#8221;1\/4&#8243;][vc_single_image image=&#8221;4292&#8243; img_size=&#8221;full&#8221; qode_css_animation=&#8221;&#8221;][\/vc_column][vc_column width=&#8221;1\/4&#8243;][vc_single_image image=&#8221;4298&#8243; img_size=&#8221;full&#8221; qode_css_animation=&#8221;&#8221;][\/vc_column][vc_column width=&#8221;1\/4&#8243;][vc_single_image image=&#8221;4295&#8243; img_size=&#8221;full&#8221; qode_css_animation=&#8221;&#8221;][\/vc_column][vc_column width=&#8221;1\/4&#8243;][vc_single_image image=&#8221;4301&#8243; img_size=&#8221;full&#8221; qode_css_animation=&#8221;&#8221;][\/vc_column][\/vc_row][vc_row css_animation=&#8221;&#8221; row_type=&#8221;row&#8221; use_row_as_full_screen_section=&#8221;no&#8221; type=&#8221;full_width&#8221; angled_section=&#8221;no&#8221; text_align=&#8221;left&#8221; background_image_as_pattern=&#8221;without_pattern&#8221; z_index=&#8221;&#8221; padding_top=&#8221;60&#8243;][vc_column]<div class=\"custom_font_holder \" style=\"font-family: Allura; font-style: normal; font-weight: 400; color: #1f1a15; text-decoration: none; text-align: left; --qode-cf-font-size: 48px; --qode-cf-line-height: 50px; --qode-cf-font-size-1440: 48px; --qode-cf-line-height-1440: 50px; --qode-cf-font-size-1366: 48px; --qode-cf-line-height-1366: 50px; --qode-cf-font-size-1280: 48px; --qode-cf-line-height-1280: 50px; --qode-cf-font-size-1024: 48px; --qode-cf-line-height-1024: 50px; --qode-cf-font-size-768: 48px; --qode-cf-line-height-768: 50px; --qode-cf-font-size-680: 48px; --qode-cf-line-height-680: 50px; --qode-cf-font-size-480: 48px; --qode-cf-line-height-480: 50px;\">Guest Book:<\/div>[vc_separator type=&#8221;normal&#8221;][\/vc_column][\/vc_row][vc_row css_animation=&#8221;&#8221; row_type=&#8221;row&#8221; use_row_as_full_screen_section=&#8221;no&#8221; type=&#8221;full_width&#8221; angled_section=&#8221;no&#8221; text_align=&#8221;left&#8221; background_image_as_pattern=&#8221;without_pattern&#8221; css=&#8221;.vc_custom_1548190211822{padding-top: 2% !important;}&#8221; z_index=&#8221;&#8221;][vc_column width=&#8221;1\/6&#8243;][vc_column_text]<\/p>\n<h4>Felipe Gonzalez<\/h4>\n<p>President of the Government of Spain between 1982 and 1996[\/vc_column_text][\/vc_column][vc_column width=&#8221;1\/6&#8243;][vc_column_text]<\/p>\n<h4>Isabel Preysler<\/h4>\n<p>Spanish aristocrat and Enrique Iglesias\u2019s mother[\/vc_column_text][\/vc_column][vc_column width=&#8221;1\/6&#8243;][vc_column_text]<\/p>\n<h4>Tamara Falc\u00f3<\/h4>\n<p>Spanish aristocrat, her father is Carlos Falc\u00f3 (Marquis of Gri\u00f1\u00f3n) and her mother is Isabel Preysler.[\/vc_column_text][\/vc_column][vc_column width=&#8221;1\/6&#8243;][vc_column_text]<\/p>\n<h4>Pablo de Grecia y Marie-Chantal de Grecia<\/h4>\n<p>Prince and Princess of Greece and Denmark.[\/vc_column_text][\/vc_column][vc_column width=&#8221;1\/6&#8243;][vc_column_text]<\/p>\n<h4>Donatus Prinz zu Schamburg-Lippe<\/h4>\n<p>Hereditary Prince of Principality of Schamburg-Lippe, Germany[\/vc_column_text][\/vc_column][vc_column width=&#8221;1\/6&#8243;][vc_column_text]<\/p>\n<h4>Sophie Okonedo<\/h4>\n<p>British actress with an Academy Award nomination and a Golden Globes nomination. She received an OBE in 2010.[\/vc_column_text][\/vc_column][\/vc_row][vc_row css_animation=&#8221;&#8221; row_type=&#8221;row&#8221; use_row_as_full_screen_section=&#8221;no&#8221; type=&#8221;full_width&#8221; angled_section=&#8221;no&#8221; text_align=&#8221;left&#8221; background_image_as_pattern=&#8221;without_pattern&#8221; css=&#8221;.vc_custom_1548190107509{padding-top: 2% !important;}&#8221; z_index=&#8221;&#8221;][vc_column width=&#8221;1\/6&#8243;][vc_column_text]<\/p>\n<h4>Luis Felipe y Mar\u00eda de Liechtenstein<\/h4>\n<p>Regent Prince and Heir of Liechtenstein, and Heir Princess of Liechtenstein[\/vc_column_text][\/vc_column][vc_column width=&#8221;1\/6&#8243;][vc_column_text]<\/p>\n<h4>Guillermo de Luxemburgo<\/h4>\n<p>Hereditary Grand Duke of Luxemburg<br \/>\n[\/vc_column_text][\/vc_column][vc_column width=&#8221;1\/6&#8243;][vc_column_text]<\/p>\n<h4>Astrid Asher<\/h4>\n<p>Colombian singer with a Latin Grammys nomination in 2015[\/vc_column_text][\/vc_column][vc_column width=&#8221;1\/6&#8243;][vc_column_text]<\/p>\n<h4>Nouhman Lahlou<\/h4>\n<p>Singer and compositor maroccan<br \/>\n[\/vc_column_text][\/vc_column][vc_column width=&#8221;1\/6&#8243;][vc_column_text]<\/p>\n<h4>Youssef Amrani<\/h4>\n<p>Diplomatic and Royal Councillor of Marocco[\/vc_column_text][\/vc_column][vc_column width=&#8221;1\/6&#8243;][\/vc_column][\/vc_row][vc_row css_animation=&#8221;&#8221; row_type=&#8221;row&#8221; use_row_as_full_screen_section=&#8221;no&#8221; type=&#8221;full_width&#8221; angled_section=&#8221;no&#8221; text_align=&#8221;left&#8221; background_image_as_pattern=&#8221;without_pattern&#8221;][vc_column][vc_separator type=&#8221;normal&#8221;][vc_empty_space height=&#8221;62px&#8221;][vc_gallery interval=&#8221;3&#8243; images=&#8221;1343,1337,1224,1081,1080,1079,1075,463,462,461,460&#8243; img_size=&#8221;full&#8221;][\/vc_column][\/vc_row][vc_row css_animation=&#8221;&#8221; row_type=&#8221;row&#8221; use_row_as_full_screen_section=&#8221;no&#8221; type=&#8221;full_width&#8221; angled_section=&#8221;no&#8221; text_align=&#8221;left&#8221; background_image_as_pattern=&#8221;without_pattern&#8221; z_index=&#8221;&#8221; padding_top=&#8221;60&#8243;][vc_column]<div class=\"custom_font_holder \" style=\"font-family: Allura; font-style: normal; font-weight: 400; color: #1f1a15; text-decoration: none; text-align: left; --qode-cf-font-size: 48px; --qode-cf-line-height: 50px; --qode-cf-font-size-1440: 48px; --qode-cf-line-height-1440: 50px; --qode-cf-font-size-1366: 48px; --qode-cf-line-height-1366: 50px; --qode-cf-font-size-1280: 48px; --qode-cf-line-height-1280: 50px; --qode-cf-font-size-1024: 48px; --qode-cf-line-height-1024: 50px; --qode-cf-font-size-768: 48px; --qode-cf-line-height-768: 50px; --qode-cf-font-size-680: 48px; --qode-cf-line-height-680: 50px; --qode-cf-font-size-480: 48px; --qode-cf-line-height-480: 50px;\">Libro de Honor:<\/div>[vc_separator type=&#8221;normal&#8221;][\/vc_column][\/vc_row][vc_row css_animation=&#8221;&#8221; row_type=&#8221;row&#8221; use_row_as_full_screen_section=&#8221;no&#8221; type=&#8221;full_width&#8221; angled_section=&#8221;no&#8221; text_align=&#8221;left&#8221; background_image_as_pattern=&#8221;without_pattern&#8221; css=&#8221;.vc_custom_1548190211822{padding-top: 2% !important;}&#8221; z_index=&#8221;&#8221;][vc_column width=&#8221;1\/6&#8243;][vc_column_text]<\/p>\n<h4>Felipe Gonzalez<\/h4>\n<p>Presidente del Gobierno de Espa\u00f1a entre 1982-1996[\/vc_column_text][\/vc_column][vc_column width=&#8221;1\/6&#8243;][vc_column_text]<\/p>\n<h4>Isabel Preysler<\/h4>\n<p>Arist\u00f3crata espa\u00f1ola y madre del cantante Enrique Iglesias[\/vc_column_text][\/vc_column][vc_column width=&#8221;1\/6&#8243;][vc_column_text]<\/p>\n<h4>Tamara Falc\u00f3<\/h4>\n<p>Arist\u00f3crata espa\u00f1ola, hija de Carlos Falc\u00f3 (Marqu\u00e9s de Gri\u00f1\u00f3n) e Isabel Preysler[\/vc_column_text][\/vc_column][vc_column width=&#8221;1\/6&#8243;][vc_column_text]<\/p>\n<h4>Pablo de Grecia y Marie-Chantal de Grecia<\/h4>\n<p>Principes de Grecia y Dinamarca[\/vc_column_text][\/vc_column][vc_column width=&#8221;1\/6&#8243;][vc_column_text]<\/p>\n<h4>Donatus Prinz zu Schamburg-Lippe<\/h4>\n<p>Principe heredero del Principado de Schamburg-Lippe, Alemania[\/vc_column_text][\/vc_column][vc_column width=&#8221;1\/6&#8243;][vc_column_text]<\/p>\n<h4>Sophie Okonedo<\/h4>\n<p>Actriz nominada por la Academia y a los Globos de Oro. Titular de Oficial de la Orden del Imperio Brit\u00e1nico[\/vc_column_text][\/vc_column][\/vc_row][vc_row css_animation=&#8221;&#8221; row_type=&#8221;row&#8221; use_row_as_full_screen_section=&#8221;no&#8221; type=&#8221;full_width&#8221; angled_section=&#8221;no&#8221; text_align=&#8221;left&#8221; background_image_as_pattern=&#8221;without_pattern&#8221; css=&#8221;.vc_custom_1548190107509{padding-top: 2% !important;}&#8221; z_index=&#8221;&#8221;][vc_column width=&#8221;1\/6&#8243;][vc_column_text]<\/p>\n<h4>Luis Felipe y Mar\u00eda de Liechtenstein<\/h4>\n<p>Pr\u00edncipe regente y heredero de Liechtenstein, y Princesa heredera de Liechtenstein<\/p>\n<p>[\/vc_column_text][\/vc_column][vc_column width=&#8221;1\/6&#8243;][vc_column_text]<\/p>\n<h4>Guillermo de Luxemburgo<\/h4>\n<p>Pr\u00edncipe heredero del Gran Ducado de Luxemburgo[\/vc_column_text][\/vc_column][vc_column width=&#8221;1\/6&#8243;][vc_column_text]<\/p>\n<h4>Astrid Asher<\/h4>\n<p>Cantante colombiana nominada a los Grammys latinos en 2015[\/vc_column_text][\/vc_column][vc_column width=&#8221;1\/6&#8243;][vc_column_text]<\/p>\n<h4>Nouhman Lahlou<\/h4>\n<p>Cantante y compositor marroqu\u00ed[\/vc_column_text][\/vc_column][vc_column width=&#8221;1\/6&#8243;][vc_column_text]<\/p>\n<h4>Youssef Amrani<\/h4>\n<p>Diplom\u00e1tico y Consejero Real del Reino de Marruecos[\/vc_column_text][\/vc_column][vc_column width=&#8221;1\/6&#8243;][\/vc_column][\/vc_row][vc_row css_animation=&#8221;&#8221; row_type=&#8221;row&#8221; use_row_as_full_screen_section=&#8221;no&#8221; type=&#8221;full_width&#8221; angled_section=&#8221;no&#8221; text_align=&#8221;left&#8221; background_image_as_pattern=&#8221;without_pattern&#8221;][vc_column][vc_separator type=&#8221;normal&#8221;][vc_empty_space height=&#8221;62px&#8221;][vc_gallery interval=&#8221;3&#8243; images=&#8221;1343,1337,1224,1081,1080,1079,1075,463,462,461,460&#8243; img_size=&#8221;full&#8221;][\/vc_column][\/vc_row]<\/p>\n<\/div>","protected":false},"excerpt":{"rendered":"<p>[vc_row css_animation=&#8221;&#8221; row_type=&#8221;row&#8221; use_row_as_full_screen_section=&#8221;no&#8221; type=&#8221;grid&#8221; angled_section=&#8221;no&#8221; text_align=&#8221;left&#8221; background_image_as_pattern=&#8221;without_pattern&#8221; css=&#8221;.vc_custom_1545817134231{padding-top: 46px !important;padding-bottom: 30px !important;}&#8221; z_index=&#8221;&#8221;][vc_column][vc_empty_space height=&#8221;16px&#8221;][vc_column_text] \u00a0The Boutique Hotel in Seville Casa del Poeta [\/vc_column_text][\/vc_column][\/vc_row][vc_row css_animation=&#8221;&#8221; row_type=&#8221;row&#8221; use_row_as_full_screen_section=&#8221;no&#8221; type=&#8221;full_width&#8221; angled_section=&#8221;no&#8221; text_align=&#8221;left&#8221; background_image_as_pattern=&#8221;without_pattern&#8221; css=&#8221;.vc_custom_1547139838228{padding-top: 5% !important;}&#8221; z_index=&#8221;&#8221;][vc_column width=&#8221;1\/2&#8243;][vc_gallery interval=&#8221;3&#8243; images=&#8221;1691,2014,2011,2012,1805,1693,1821,1827,2009,2010&#8243; img_size=&#8221;full&#8221;][\/vc_column][vc_column width=&#8221;1\/2&#8243;][vc_empty_space][vc_column_text css=&#8221;.vc_custom_1549581928163{padding-right: 5% !important;padding-left: 5% !important;}&#8221;]&#8230;<\/p>\n","protected":false},"author":1,"featured_media":0,"parent":0,"menu_order":0,"comment_status":"open","ping_status":"open","template":"","meta":{"footnotes":""},"class_list":["post-721","page","type-page","status-publish","hentry"],"yoast_head":"<!-- This site is optimized with the Yoast SEO Premium plugin v23.9 (Yoast SEO v27.4) - https:\/\/yoast.com\/product\/yoast-seo-premium-wordpress\/ -->\n<title>Boutique Hotel Seville - Hotel Boutique en el centro de Sevilla<\/title>\n<meta name=\"description\" content=\"Luxury Boutique Hotel in Seville, a large 17th century house which has been restored in the 21st century, carefully maintaining its original architecture\" \/>\n<meta name=\"robots\" content=\"index, follow, max-snippet:-1, max-image-preview:large, max-video-preview:-1\" \/>\n<link rel=\"canonical\" href=\"https:\/\/casadelpoeta.es\/en\/boutique-hotel\/\" \/>\n<meta property=\"og:locale\" content=\"en_US\" \/>\n<meta property=\"og:type\" content=\"article\" \/>\n<meta property=\"og:title\" content=\"Boutique Hotel Seville\" \/>\n<meta property=\"og:description\" content=\"Luxury Boutique Hotel in Seville, a large 17th century house which has been restored in the 21st century, carefully maintaining its original architecture\" \/>\n<meta property=\"og:url\" content=\"https:\/\/casadelpoeta.es\/en\/boutique-hotel\/\" \/>\n<meta property=\"og:site_name\" content=\"Hotel Boutique en el centro de Sevilla\" \/>\n<meta property=\"article:modified_time\" content=\"2024-05-13T09:25:50+00:00\" \/>\n<meta name=\"twitter:label1\" content=\"Est. reading time\" \/>\n\t<meta name=\"twitter:data1\" content=\"5 minutes\" \/>\n<script type=\"application\/ld+json\" class=\"yoast-schema-graph\">{\"@context\":\"https:\\\/\\\/schema.org\",\"@graph\":[{\"@type\":\"WebPage\",\"@id\":\"https:\\\/\\\/casadelpoeta.es\\\/en\\\/boutique-hotel\\\/\",\"url\":\"https:\\\/\\\/casadelpoeta.es\\\/en\\\/boutique-hotel\\\/\",\"name\":\"Boutique Hotel Seville - Hotel Boutique en el centro de Sevilla\",\"isPartOf\":{\"@id\":\"https:\\\/\\\/casadelpoeta.es\\\/#website\"},\"datePublished\":\"2014-10-16T15:04:41+00:00\",\"dateModified\":\"2024-05-13T09:25:50+00:00\",\"description\":\"Luxury Boutique Hotel in Seville, a large 17th century house which has been restored in the 21st century, carefully maintaining its original architecture\",\"breadcrumb\":{\"@id\":\"https:\\\/\\\/casadelpoeta.es\\\/en\\\/boutique-hotel\\\/#breadcrumb\"},\"inLanguage\":\"en-US\",\"potentialAction\":[{\"@type\":\"ReadAction\",\"target\":[\"https:\\\/\\\/casadelpoeta.es\\\/en\\\/boutique-hotel\\\/\"]}]},{\"@type\":\"BreadcrumbList\",\"@id\":\"https:\\\/\\\/casadelpoeta.es\\\/en\\\/boutique-hotel\\\/#breadcrumb\",\"itemListElement\":[{\"@type\":\"ListItem\",\"position\":1,\"name\":\"Portada\",\"item\":\"https:\\\/\\\/casadelpoeta.es\\\/en\\\/\"},{\"@type\":\"ListItem\",\"position\":2,\"name\":\"Boutique Hotel Seville\"}]},{\"@type\":\"WebSite\",\"@id\":\"https:\\\/\\\/casadelpoeta.es\\\/#website\",\"url\":\"https:\\\/\\\/casadelpoeta.es\\\/\",\"name\":\"Hotel Boutique en el centro de Sevilla\",\"description\":\"Casa del Poeta es un Hotel Boutique ubiccado en el Barrio de Santa Cruz, en pleno centro de Sevilla, Hotel con encanto con patio sevillano\",\"potentialAction\":[{\"@type\":\"SearchAction\",\"target\":{\"@type\":\"EntryPoint\",\"urlTemplate\":\"https:\\\/\\\/casadelpoeta.es\\\/?s={search_term_string}\"},\"query-input\":{\"@type\":\"PropertyValueSpecification\",\"valueRequired\":true,\"valueName\":\"search_term_string\"}}],\"inLanguage\":\"en-US\"}]}<\/script>\n<!-- \/ Yoast SEO Premium plugin. -->","yoast_head_json":{"title":"Boutique Hotel Seville - Hotel Boutique en el centro de Sevilla","description":"Luxury Boutique Hotel in Seville, a large 17th century house which has been restored in the 21st century, carefully maintaining its original architecture","robots":{"index":"index","follow":"follow","max-snippet":"max-snippet:-1","max-image-preview":"max-image-preview:large","max-video-preview":"max-video-preview:-1"},"canonical":"https:\/\/casadelpoeta.es\/en\/boutique-hotel\/","og_locale":"en_US","og_type":"article","og_title":"Boutique Hotel Seville","og_description":"Luxury Boutique Hotel in Seville, a large 17th century house which has been restored in the 21st century, carefully maintaining its original architecture","og_url":"https:\/\/casadelpoeta.es\/en\/boutique-hotel\/","og_site_name":"Hotel Boutique en el centro de Sevilla","article_modified_time":"2024-05-13T09:25:50+00:00","twitter_misc":{"Est. reading time":"5 minutes"},"schema":{"@context":"https:\/\/schema.org","@graph":[{"@type":"WebPage","@id":"https:\/\/casadelpoeta.es\/en\/boutique-hotel\/","url":"https:\/\/casadelpoeta.es\/en\/boutique-hotel\/","name":"Boutique Hotel Seville - Hotel Boutique en el centro de Sevilla","isPartOf":{"@id":"https:\/\/casadelpoeta.es\/#website"},"datePublished":"2014-10-16T15:04:41+00:00","dateModified":"2024-05-13T09:25:50+00:00","description":"Luxury Boutique Hotel in Seville, a large 17th century house which has been restored in the 21st century, carefully maintaining its original architecture","breadcrumb":{"@id":"https:\/\/casadelpoeta.es\/en\/boutique-hotel\/#breadcrumb"},"inLanguage":"en-US","potentialAction":[{"@type":"ReadAction","target":["https:\/\/casadelpoeta.es\/en\/boutique-hotel\/"]}]},{"@type":"BreadcrumbList","@id":"https:\/\/casadelpoeta.es\/en\/boutique-hotel\/#breadcrumb","itemListElement":[{"@type":"ListItem","position":1,"name":"Portada","item":"https:\/\/casadelpoeta.es\/en\/"},{"@type":"ListItem","position":2,"name":"Boutique Hotel Seville"}]},{"@type":"WebSite","@id":"https:\/\/casadelpoeta.es\/#website","url":"https:\/\/casadelpoeta.es\/","name":"Hotel Boutique en el centro de Sevilla","description":"Casa del Poeta es un Hotel Boutique ubiccado en el Barrio de Santa Cruz, en pleno centro de Sevilla, Hotel con encanto con patio sevillano","potentialAction":[{"@type":"SearchAction","target":{"@type":"EntryPoint","urlTemplate":"https:\/\/casadelpoeta.es\/?s={search_term_string}"},"query-input":{"@type":"PropertyValueSpecification","valueRequired":true,"valueName":"search_term_string"}}],"inLanguage":"en-US"}]}},"_links":{"self":[{"href":"https:\/\/casadelpoeta.es\/en\/wp-json\/wp\/v2\/pages\/721","targetHints":{"allow":["GET"]}}],"collection":[{"href":"https:\/\/casadelpoeta.es\/en\/wp-json\/wp\/v2\/pages"}],"about":[{"href":"https:\/\/casadelpoeta.es\/en\/wp-json\/wp\/v2\/types\/page"}],"author":[{"embeddable":true,"href":"https:\/\/casadelpoeta.es\/en\/wp-json\/wp\/v2\/users\/1"}],"replies":[{"embeddable":true,"href":"https:\/\/casadelpoeta.es\/en\/wp-json\/wp\/v2\/comments?post=721"}],"version-history":[{"count":4,"href":"https:\/\/casadelpoeta.es\/en\/wp-json\/wp\/v2\/pages\/721\/revisions"}],"predecessor-version":[{"id":4407,"href":"https:\/\/casadelpoeta.es\/en\/wp-json\/wp\/v2\/pages\/721\/revisions\/4407"}],"wp:attachment":[{"href":"https:\/\/casadelpoeta.es\/en\/wp-json\/wp\/v2\/media?parent=721"}],"curies":[{"name":"wp","href":"https:\/\/api.w.org\/{rel}","templated":true}]}}