{"id":1071,"date":"2014-12-30T11:06:34","date_gmt":"2014-12-30T10:06:34","guid":{"rendered":"http:\/\/casadelpoeta.org\/en\/aviso-legal\/"},"modified":"2021-07-12T11:09:51","modified_gmt":"2021-07-12T10:09:51","slug":"aviso-legal","status":"publish","type":"page","link":"https:\/\/casadelpoeta.es\/en\/aviso-legal\/","title":{"rendered":"Aviso Legal"},"content":{"rendered":"<div class=\"wpb-content-wrapper\"><p>[vc_row css_animation=&#8221;&#8221; row_type=&#8221;row&#8221; use_row_as_full_screen_section=&#8221;no&#8221; type=&#8221;full_width&#8221; angled_section=&#8221;no&#8221; text_align=&#8221;left&#8221; background_image_as_pattern=&#8221;without_pattern&#8221;][vc_column css=&#8221;.vc_custom_1626083157944{padding-top: 10% !important;}&#8221;][vc_column_text]<strong>Responsable Legal<\/strong><\/p>\n<p><strong>FEDRIANI BUSINELLO, S.L.<\/strong><\/p>\n<p>Domicilio social en Sevilla, calle Santo Domingo de la Calzada 3-5,<\/p>\n<p><strong> C.I.F<\/strong>.: B-41851742<\/p>\n<p><strong>Email de Contacto:<\/strong>\u00a0info {@} CasadelPoeta.es<br \/>\n<strong>Tlf:<\/strong>\u00a0<em>: (0034)\u00a0954 21 38 68<\/em><br \/>\n<strong>Datos Registrales<\/strong>: Inscrita en el Registro Mercantil de Sevilla, al tomo 2526 secci\u00f3n general , folio 1,hoja SE-29.877, inscripci\u00f3n 1\u00aa<\/p>\n<p><strong>Condiciones de Uso<\/strong><\/p>\n<p>Las presentes condiciones legales regulan el uso permitido de esta p\u00e1gina web que Casa del Poeta , en adelante, (CASA DEL POETA) pone gratuitamente a disposici\u00f3n de los usuarios de Internet. Si no est\u00e1 conforme con estas condiciones legales debe abandonar esta p\u00e1gina web.<br \/>\nEl Usuario se obliga a usar la web, los servicios y sus contenidos de forma diligente, correcta y l\u00edcita y en particular, deber\u00e1 abstenerse de:<\/p>\n<ul>\n<li>Suprimir, eludir o manipular el \u201ccopyright\u201d y dem\u00e1s datos identificativos de los derechos de sus titulares incorporados a los contenidos, as\u00ed como los dispositivos t\u00e9cnicos de protecci\u00f3n, o cualesquiera mecanismos de informaci\u00f3n que pudieren contener los contenidos.<\/li>\n<li>Introducir programas, virus, macros o cualquier otro dispositivo l\u00f3gico o secuencia de caracteres que causen o sean susceptibles de causar cualquier tipo de alteraci\u00f3n en la p\u00e1gina web o los sistemas inform\u00e1ticos que la soportan.<\/li>\n<li>Realizar copia o captura de pantallas de la p\u00e1gina web, sin autorizaci\u00f3n expresa de CASA DEL POETA.<\/li>\n<li>Efectuar copias o versiones de la p\u00e1gina web o su c\u00f3digo fuente, sin el consentimiento expreso de CASA DEL POETA.<\/li>\n<li>Realizar cualquier tipo de comportamiento contrario a la Ley o la buena fe.<\/li>\n<\/ul>\n<p>&nbsp;<\/p>\n<p><strong>Exclusi\u00f3n de Responsabilidad<\/strong><\/p>\n<p>CASA DEL POETA, no se hace responsable de las p\u00e9rdidas o perjuicios que pueda ocasionar al usuario por virus, indisponibilidad o cualquier otro comportamiento an\u00f3malo de la p\u00e1gina web. CASA DEL POETA, ha adoptado todas las medidas de seguridad a su alcance y seg\u00fan el estado actual de la t\u00e9cnica, para garantizar el correcto funcionamiento de la web y evitar la generaci\u00f3n de cualquier tipo de da\u00f1o al usuario.<\/p>\n<p><strong>Enlaces<\/strong><\/p>\n<p>CASA DEL POETA declina cualquier responsabilidad por los servicios y\/o informaci\u00f3n que se preste en otras p\u00e1ginas enlazadas con esta Web. CASA DEL POETA no controla ni ejerce ning\u00fan tipo de supervisi\u00f3n sobre las p\u00e1ginas enlazadas. Los usuarios que utilicen estos enlaces deber\u00e1n consultar las condiciones legales expuestas en las p\u00e1ginas de destino.<\/p>\n<p><strong>Propiedad Intelectual<\/strong><\/p>\n<p>Los textos, im\u00e1genes, logos, signos distintivos, sonidos, animaciones, v\u00eddeos, c\u00f3digo fuente y resto de contenidos incluidos en esta web son propiedad de CASA DEL POETA, o dispone en su caso, del permiso para su uso y\/o explotaci\u00f3n.<br \/>\nLos usuarios de esta p\u00e1gina web podr\u00e1n llevar a cabo la reproducci\u00f3n o almacenamiento de los contenidos almacenados en esta p\u00e1gina para su exclusivo uso personal o las finalidades autorizadas en las condiciones legales de contrataci\u00f3n de nuestros productos y servicios. Cualquier otra transmisi\u00f3n, distribuci\u00f3n, reproducci\u00f3n o almacenamiento, total o parcial, de los contenidos almacenados en esta web, queda expresamente prohibida salvo previo y expreso consentimiento de CASA DEL POETA.<\/p>\n<p><strong>Legislaci\u00f3n y Jurisdicci\u00f3n<\/strong><\/p>\n<p>Esta p\u00e1gina web se encuentra sometida a la legislaci\u00f3n Espa\u00f1ola y en caso de litigio o controversia surgida del uso de esta p\u00e1gina web, ambas partes se someten a la jurisdicci\u00f3n de los tribunales de la ciudad de Granada. Esta cl\u00e1usula de sumisi\u00f3n expresa a los tribunales de la ciudad de Granada, no ser\u00e1 aplicable para los supuestos de litigio con los usuarios de la web que seg\u00fan la legislaci\u00f3n vigente ostenten la condici\u00f3n de consumidores, en cuyo caso ambas partes estar\u00e1n sometidos a la jurisdicci\u00f3n de los Juzgados y Tribunales de residencia del consumidor.<\/p>\n<p><strong>Versi\u00f3n<\/strong><\/p>\n<p>Este Aviso Legal es de fecha 01\/10\/2016 y cualquier modificaci\u00f3n de sus t\u00e9rminos ser\u00e1 publicada en la p\u00e1gina web.[\/vc_column_text][\/vc_column][\/vc_row][vc_row css_animation=&#8221;&#8221; row_type=&#8221;row&#8221; use_row_as_full_screen_section=&#8221;no&#8221; type=&#8221;full_width&#8221; angled_section=&#8221;no&#8221; text_align=&#8221;left&#8221; background_image_as_pattern=&#8221;without_pattern&#8221;][vc_column][vc_empty_space height=&#8221;52px&#8221;][\/vc_column][\/vc_row]<\/p>\n<\/div>","protected":false},"excerpt":{"rendered":"<p>[vc_row css_animation=&#8221;&#8221; row_type=&#8221;row&#8221; use_row_as_full_screen_section=&#8221;no&#8221; type=&#8221;full_width&#8221; angled_section=&#8221;no&#8221; text_align=&#8221;left&#8221; background_image_as_pattern=&#8221;without_pattern&#8221;][vc_column css=&#8221;.vc_custom_1626083157944{padding-top: 10% !important;}&#8221;][vc_column_text]Responsable Legal FEDRIANI BUSINELLO, S.L. Domicilio social en Sevilla, calle Santo Domingo de la Calzada 3-5, C.I.F.: B-41851742 Email de Contacto:\u00a0info {@} CasadelPoeta.es Tlf:\u00a0: (0034)\u00a0954 21 38 68 Datos Registrales: Inscrita en el Registro Mercantil&#8230;<\/p>\n","protected":false},"author":1,"featured_media":0,"parent":0,"menu_order":19,"comment_status":"open","ping_status":"closed","template":"","meta":{"footnotes":""},"class_list":["post-1071","page","type-page","status-publish","hentry"],"yoast_head":"<!-- This site is optimized with the Yoast SEO Premium plugin v23.9 (Yoast SEO v27.4) - https:\/\/yoast.com\/product\/yoast-seo-premium-wordpress\/ -->\n<title>Aviso Legal - Hotel Boutique en el centro de Sevilla<\/title>\n<meta name=\"robots\" content=\"noindex, follow\" \/>\n<meta property=\"og:locale\" content=\"en_US\" \/>\n<meta property=\"og:type\" content=\"article\" \/>\n<meta property=\"og:title\" content=\"Aviso Legal\" \/>\n<meta property=\"og:description\" content=\"[vc_row css_animation=&#8221;&#8221; row_type=&#8221;row&#8221; use_row_as_full_screen_section=&#8221;no&#8221; type=&#8221;full_width&#8221; angled_section=&#8221;no&#8221; text_align=&#8221;left&#8221; background_image_as_pattern=&#8221;without_pattern&#8221;][vc_column css=&#8221;.vc_custom_1626083157944{padding-top: 10% !important;}&#8221;][vc_column_text]Responsable Legal FEDRIANI BUSINELLO, S.L. Domicilio social en Sevilla, calle Santo Domingo de la Calzada 3-5, C.I.F.: B-41851742 Email de Contacto:\u00a0info {@} CasadelPoeta.es Tlf:\u00a0: (0034)\u00a0954 21 38 68 Datos Registrales: Inscrita en el Registro Mercantil...\" \/>\n<meta property=\"og:url\" content=\"https:\/\/casadelpoeta.es\/aviso-legal\/\" \/>\n<meta property=\"og:site_name\" content=\"Hotel Boutique en el centro de Sevilla\" \/>\n<meta property=\"article:modified_time\" content=\"2021-07-12T10:09:51+00:00\" \/>\n<meta name=\"twitter:label1\" content=\"Est. reading time\" \/>\n\t<meta name=\"twitter:data1\" content=\"4 minutes\" \/>\n<script type=\"application\/ld+json\" class=\"yoast-schema-graph\">{\"@context\":\"https:\\\/\\\/schema.org\",\"@graph\":[{\"@type\":\"WebPage\",\"@id\":\"https:\\\/\\\/casadelpoeta.es\\\/aviso-legal\\\/\",\"url\":\"https:\\\/\\\/casadelpoeta.es\\\/aviso-legal\\\/\",\"name\":\"Aviso Legal - Hotel Boutique en el centro de Sevilla\",\"isPartOf\":{\"@id\":\"https:\\\/\\\/casadelpoeta.es\\\/#website\"},\"datePublished\":\"2014-12-30T10:06:34+00:00\",\"dateModified\":\"2021-07-12T10:09:51+00:00\",\"breadcrumb\":{\"@id\":\"https:\\\/\\\/casadelpoeta.es\\\/aviso-legal\\\/#breadcrumb\"},\"inLanguage\":\"en-US\",\"potentialAction\":[{\"@type\":\"ReadAction\",\"target\":[\"https:\\\/\\\/casadelpoeta.es\\\/aviso-legal\\\/\"]}]},{\"@type\":\"BreadcrumbList\",\"@id\":\"https:\\\/\\\/casadelpoeta.es\\\/aviso-legal\\\/#breadcrumb\",\"itemListElement\":[{\"@type\":\"ListItem\",\"position\":1,\"name\":\"Portada\",\"item\":\"https:\\\/\\\/casadelpoeta.es\\\/en\\\/\"},{\"@type\":\"ListItem\",\"position\":2,\"name\":\"Aviso Legal\"}]},{\"@type\":\"WebSite\",\"@id\":\"https:\\\/\\\/casadelpoeta.es\\\/#website\",\"url\":\"https:\\\/\\\/casadelpoeta.es\\\/\",\"name\":\"Hotel Boutique en el centro de Sevilla\",\"description\":\"Casa del Poeta es un Hotel Boutique ubiccado en el Barrio de Santa Cruz, en pleno centro de Sevilla, Hotel con encanto con patio sevillano\",\"potentialAction\":[{\"@type\":\"SearchAction\",\"target\":{\"@type\":\"EntryPoint\",\"urlTemplate\":\"https:\\\/\\\/casadelpoeta.es\\\/?s={search_term_string}\"},\"query-input\":{\"@type\":\"PropertyValueSpecification\",\"valueRequired\":true,\"valueName\":\"search_term_string\"}}],\"inLanguage\":\"en-US\"}]}<\/script>\n<!-- \/ Yoast SEO Premium plugin. -->","yoast_head_json":{"title":"Aviso Legal - Hotel Boutique en el centro de Sevilla","robots":{"index":"noindex","follow":"follow"},"og_locale":"en_US","og_type":"article","og_title":"Aviso Legal","og_description":"[vc_row css_animation=&#8221;&#8221; row_type=&#8221;row&#8221; use_row_as_full_screen_section=&#8221;no&#8221; type=&#8221;full_width&#8221; angled_section=&#8221;no&#8221; text_align=&#8221;left&#8221; background_image_as_pattern=&#8221;without_pattern&#8221;][vc_column css=&#8221;.vc_custom_1626083157944{padding-top: 10% !important;}&#8221;][vc_column_text]Responsable Legal FEDRIANI BUSINELLO, S.L. Domicilio social en Sevilla, calle Santo Domingo de la Calzada 3-5, C.I.F.: B-41851742 Email de Contacto:\u00a0info {@} CasadelPoeta.es Tlf:\u00a0: (0034)\u00a0954 21 38 68 Datos Registrales: Inscrita en el Registro Mercantil...","og_url":"https:\/\/casadelpoeta.es\/aviso-legal\/","og_site_name":"Hotel Boutique en el centro de Sevilla","article_modified_time":"2021-07-12T10:09:51+00:00","twitter_misc":{"Est. reading time":"4 minutes"},"schema":{"@context":"https:\/\/schema.org","@graph":[{"@type":"WebPage","@id":"https:\/\/casadelpoeta.es\/aviso-legal\/","url":"https:\/\/casadelpoeta.es\/aviso-legal\/","name":"Aviso Legal - Hotel Boutique en el centro de Sevilla","isPartOf":{"@id":"https:\/\/casadelpoeta.es\/#website"},"datePublished":"2014-12-30T10:06:34+00:00","dateModified":"2021-07-12T10:09:51+00:00","breadcrumb":{"@id":"https:\/\/casadelpoeta.es\/aviso-legal\/#breadcrumb"},"inLanguage":"en-US","potentialAction":[{"@type":"ReadAction","target":["https:\/\/casadelpoeta.es\/aviso-legal\/"]}]},{"@type":"BreadcrumbList","@id":"https:\/\/casadelpoeta.es\/aviso-legal\/#breadcrumb","itemListElement":[{"@type":"ListItem","position":1,"name":"Portada","item":"https:\/\/casadelpoeta.es\/en\/"},{"@type":"ListItem","position":2,"name":"Aviso Legal"}]},{"@type":"WebSite","@id":"https:\/\/casadelpoeta.es\/#website","url":"https:\/\/casadelpoeta.es\/","name":"Hotel Boutique en el centro de Sevilla","description":"Casa del Poeta es un Hotel Boutique ubiccado en el Barrio de Santa Cruz, en pleno centro de Sevilla, Hotel con encanto con patio sevillano","potentialAction":[{"@type":"SearchAction","target":{"@type":"EntryPoint","urlTemplate":"https:\/\/casadelpoeta.es\/?s={search_term_string}"},"query-input":{"@type":"PropertyValueSpecification","valueRequired":true,"valueName":"search_term_string"}}],"inLanguage":"en-US"}]}},"_links":{"self":[{"href":"https:\/\/casadelpoeta.es\/en\/wp-json\/wp\/v2\/pages\/1071","targetHints":{"allow":["GET"]}}],"collection":[{"href":"https:\/\/casadelpoeta.es\/en\/wp-json\/wp\/v2\/pages"}],"about":[{"href":"https:\/\/casadelpoeta.es\/en\/wp-json\/wp\/v2\/types\/page"}],"author":[{"embeddable":true,"href":"https:\/\/casadelpoeta.es\/en\/wp-json\/wp\/v2\/users\/1"}],"replies":[{"embeddable":true,"href":"https:\/\/casadelpoeta.es\/en\/wp-json\/wp\/v2\/comments?post=1071"}],"version-history":[{"count":3,"href":"https:\/\/casadelpoeta.es\/en\/wp-json\/wp\/v2\/pages\/1071\/revisions"}],"predecessor-version":[{"id":3917,"href":"https:\/\/casadelpoeta.es\/en\/wp-json\/wp\/v2\/pages\/1071\/revisions\/3917"}],"wp:attachment":[{"href":"https:\/\/casadelpoeta.es\/en\/wp-json\/wp\/v2\/media?parent=1071"}],"curies":[{"name":"wp","href":"https:\/\/api.w.org\/{rel}","templated":true}]}}